{"id":2373,"date":"2020-03-03T16:36:42","date_gmt":"2020-03-03T14:36:42","guid":{"rendered":"http:\/\/blogg.folkuniversitetet.nu\/vivejo\/?page_id=2373"},"modified":"2020-10-14T11:23:52","modified_gmt":"2020-10-14T09:23:52","slug":"kom-igang-och-skriv","status":"publish","type":"page","link":"https:\/\/blogg.folkuniversitetet.nu\/vivejo\/kom-igang-och-skriv\/","title":{"rendered":"Kom ig\u00e5ng och skriv"},"content":{"rendered":"<p><a href=\"http:\/\/blogg.folkuniversitetet.nu\/vivejo\/files\/2020\/10\/Kom-igang-och-skriv-den-13-oktober.pdf\">Kom ig\u00e5ng och skriv, den 13 oktober<\/a><\/p>\n<p><a href=\"http:\/\/blogg.folkuniversitetet.nu\/vivejo\/files\/2020\/10\/Kom-igang-och-skriv-den-6-oktober.pdf\">Kom ig\u00e5ng och skriv, den 6 oktober<\/a><\/p>\n<p><a href=\"http:\/\/blogg.folkuniversitetet.nu\/vivejo\/files\/2020\/09\/Kom-igang-och-skriv-den-29-september.pdf\">Kom ig\u00e5ng och skriv, den 29 september<\/a><\/p>\n<p><a href=\"http:\/\/blogg.folkuniversitetet.nu\/vivejo\/files\/2020\/09\/Kom-igang-och-skriv-den-22-september.pdf\">Kom ig\u00e5ng och skriv, den 22 september<\/a><\/p>\n<p><a href=\"http:\/\/blogg.folkuniversitetet.nu\/vivejo\/files\/2020\/09\/Kom-igang-och-skriv-den-15-september.pdf\">Kom ig\u00e5ng och skriv, den 15 september<\/a><\/p>\n<p><a href=\"http:\/\/blogg.folkuniversitetet.nu\/vivejo\/files\/2020\/03\/Kom-ig\u00e5ng-och-skriv-den-10-mars.pdf\">Kom ig\u00e5ng och skriv, den 10 mars<\/a><\/p>\n<p><a href=\"http:\/\/blogg.folkuniversitetet.nu\/vivejo\/files\/2020\/03\/Kom-ig\u00e5ng-och-skriv-den-3-mars-1.pdf\">Kom ig\u00e5ng och skriv, den 3 mars<\/a><\/p>\n","protected":false},"excerpt":{"rendered":"<p>Kom ig\u00e5ng och skriv, den 13 oktober Kom ig\u00e5ng och skriv, den 6 oktober Kom ig\u00e5ng och skriv, den 29 september Kom ig\u00e5ng och skriv, den 22 september Kom ig\u00e5ng och skriv, den 15 september Kom ig\u00e5ng och skriv, den 10 mars Kom ig\u00e5ng och skriv, den 3 mars<\/p>\n","protected":false},"author":192,"featured_media":0,"parent":0,"menu_order":0,"comment_status":"closed","ping_status":"closed","template":"","meta":{"footnotes":""},"class_list":["post-2373","page","type-page","status-publish","hentry"],"_links":{"self":[{"href":"https:\/\/blogg.folkuniversitetet.nu\/vivejo\/wp-json\/wp\/v2\/pages\/2373","targetHints":{"allow":["GET"]}}],"collection":[{"href":"https:\/\/blogg.folkuniversitetet.nu\/vivejo\/wp-json\/wp\/v2\/pages"}],"about":[{"href":"https:\/\/blogg.folkuniversitetet.nu\/vivejo\/wp-json\/wp\/v2\/types\/page"}],"author":[{"embeddable":true,"href":"https:\/\/blogg.folkuniversitetet.nu\/vivejo\/wp-json\/wp\/v2\/users\/192"}],"replies":[{"embeddable":true,"href":"https:\/\/blogg.folkuniversitetet.nu\/vivejo\/wp-json\/wp\/v2\/comments?post=2373"}],"version-history":[{"count":10,"href":"https:\/\/blogg.folkuniversitetet.nu\/vivejo\/wp-json\/wp\/v2\/pages\/2373\/revisions"}],"predecessor-version":[{"id":2614,"href":"https:\/\/blogg.folkuniversitetet.nu\/vivejo\/wp-json\/wp\/v2\/pages\/2373\/revisions\/2614"}],"wp:attachment":[{"href":"https:\/\/blogg.folkuniversitetet.nu\/vivejo\/wp-json\/wp\/v2\/media?parent=2373"}],"curies":[{"name":"wp","href":"https:\/\/api.w.org\/{rel}","templated":true}]}}