{"id":2,"date":"2015-01-19T17:29:16","date_gmt":"2015-01-19T15:29:16","guid":{"rendered":"http:\/\/blogg.folkuniversitetet.nu\/vivejo\/?page_id=2"},"modified":"2026-04-16T20:18:09","modified_gmt":"2026-04-16T18:18:09","slug":"a1del2distans-mars-juni-2026","status":"publish","type":"page","link":"https:\/\/blogg.folkuniversitetet.nu\/vivejo\/a1del2distans-mars-juni-2026\/","title":{"rendered":"A1 del 2 distans, mars-juni, 2026"},"content":{"rendered":"<p><a href=\"http:\/\/blogg.folkuniversitetet.nu\/vivejo\/files\/2026\/04\/Kvallslektion-den-16-april-2026.pdf\">Kv\u00e4llslektion den 16 april, 2026<\/a><\/p>\n<p><a href=\"http:\/\/blogg.folkuniversitetet.nu\/vivejo\/files\/2026\/04\/Kvallslektion-den-9-april-2026.pdf\">Kv\u00e4llslektion den 9 april, 2026<\/a><\/p>\n<p><a href=\"http:\/\/blogg.folkuniversitetet.nu\/vivejo\/files\/2026\/03\/Kvallslektion-den-26-mars-2026.pdf\">Kv\u00e4llslektion den 26 mars, 2026<\/a><\/p>\n","protected":false},"excerpt":{"rendered":"<p>Kv\u00e4llslektion den 16 april, 2026 Kv\u00e4llslektion den 9 april, 2026 Kv\u00e4llslektion den 26 mars, 2026<\/p>\n","protected":false},"author":192,"featured_media":0,"parent":0,"menu_order":0,"comment_status":"open","ping_status":"open","template":"","meta":{"footnotes":""},"class_list":["post-2","page","type-page","status-publish","hentry"],"_links":{"self":[{"href":"https:\/\/blogg.folkuniversitetet.nu\/vivejo\/wp-json\/wp\/v2\/pages\/2","targetHints":{"allow":["GET"]}}],"collection":[{"href":"https:\/\/blogg.folkuniversitetet.nu\/vivejo\/wp-json\/wp\/v2\/pages"}],"about":[{"href":"https:\/\/blogg.folkuniversitetet.nu\/vivejo\/wp-json\/wp\/v2\/types\/page"}],"author":[{"embeddable":true,"href":"https:\/\/blogg.folkuniversitetet.nu\/vivejo\/wp-json\/wp\/v2\/users\/192"}],"replies":[{"embeddable":true,"href":"https:\/\/blogg.folkuniversitetet.nu\/vivejo\/wp-json\/wp\/v2\/comments?post=2"}],"version-history":[{"count":605,"href":"https:\/\/blogg.folkuniversitetet.nu\/vivejo\/wp-json\/wp\/v2\/pages\/2\/revisions"}],"predecessor-version":[{"id":5196,"href":"https:\/\/blogg.folkuniversitetet.nu\/vivejo\/wp-json\/wp\/v2\/pages\/2\/revisions\/5196"}],"wp:attachment":[{"href":"https:\/\/blogg.folkuniversitetet.nu\/vivejo\/wp-json\/wp\/v2\/media?parent=2"}],"curies":[{"name":"wp","href":"https:\/\/api.w.org\/{rel}","templated":true}]}}