{"id":1623,"date":"2017-11-14T23:38:20","date_gmt":"2017-11-14T21:38:20","guid":{"rendered":"http:\/\/blogg.folkuniversitetet.nu\/vivejo\/?page_id=1623"},"modified":"2017-11-16T15:41:03","modified_gmt":"2017-11-16T13:41:03","slug":"rivstart-extramaterial","status":"publish","type":"page","link":"https:\/\/blogg.folkuniversitetet.nu\/vivejo\/rivstart-extramaterial\/","title":{"rendered":"Rivstart &#8211; Extramaterial"},"content":{"rendered":"<p><a href=\"https:\/\/www.nok.se\/Laromedel\/Digitala-laromedel\/Logga-in\/\">https:\/\/www.nok.se\/Laromedel\/Digitala-laromedel\/Logga-in\/<\/a><\/p>\n<p>OM DET INTE FUNGERAR, G\u00c5 IN P\u00c5 NOK.SE OCH KLICKA P\u00c5 &#8221;LOGGA UT&#8221; UPPE I H\u00d6GRA H\u00d6RNET. TESTA SEDAN IGEN MED L\u00c4NKEN OVAN.<\/p>\n","protected":false},"excerpt":{"rendered":"<p>https:\/\/www.nok.se\/Laromedel\/Digitala-laromedel\/Logga-in\/ OM DET INTE FUNGERAR, G\u00c5 IN P\u00c5 NOK.SE OCH KLICKA P\u00c5 &#8221;LOGGA UT&#8221; UPPE I H\u00d6GRA H\u00d6RNET. TESTA SEDAN IGEN MED L\u00c4NKEN OVAN.<\/p>\n","protected":false},"author":192,"featured_media":0,"parent":0,"menu_order":0,"comment_status":"closed","ping_status":"closed","template":"","meta":{"footnotes":""},"class_list":["post-1623","page","type-page","status-publish","hentry"],"_links":{"self":[{"href":"https:\/\/blogg.folkuniversitetet.nu\/vivejo\/wp-json\/wp\/v2\/pages\/1623","targetHints":{"allow":["GET"]}}],"collection":[{"href":"https:\/\/blogg.folkuniversitetet.nu\/vivejo\/wp-json\/wp\/v2\/pages"}],"about":[{"href":"https:\/\/blogg.folkuniversitetet.nu\/vivejo\/wp-json\/wp\/v2\/types\/page"}],"author":[{"embeddable":true,"href":"https:\/\/blogg.folkuniversitetet.nu\/vivejo\/wp-json\/wp\/v2\/users\/192"}],"replies":[{"embeddable":true,"href":"https:\/\/blogg.folkuniversitetet.nu\/vivejo\/wp-json\/wp\/v2\/comments?post=1623"}],"version-history":[{"count":5,"href":"https:\/\/blogg.folkuniversitetet.nu\/vivejo\/wp-json\/wp\/v2\/pages\/1623\/revisions"}],"predecessor-version":[{"id":1632,"href":"https:\/\/blogg.folkuniversitetet.nu\/vivejo\/wp-json\/wp\/v2\/pages\/1623\/revisions\/1632"}],"wp:attachment":[{"href":"https:\/\/blogg.folkuniversitetet.nu\/vivejo\/wp-json\/wp\/v2\/media?parent=1623"}],"curies":[{"name":"wp","href":"https:\/\/api.w.org\/{rel}","templated":true}]}}