{"id":64,"date":"2015-04-14T09:53:09","date_gmt":"2015-04-14T09:53:09","guid":{"rendered":"http:\/\/blogg.folkuniversitetet.nu\/vikssa\/?page_id=64"},"modified":"2015-09-22T18:25:11","modified_gmt":"2015-09-22T18:25:11","slug":"bienvenuevalkommen","status":"publish","type":"page","link":"https:\/\/blogg.folkuniversitetet.nu\/vikssa\/","title":{"rendered":"Bienvenue\/V\u00e4lkommen"},"content":{"rendered":"<p style=\"text-align: center\">Det h\u00e4r \u00e4r kurshemsidan f\u00f6r kurserna i Franska \u00a0som jag h\u00e5ller i p\u00e5 Folkuniversitetet Ume\u00e5.<br \/>\nKlicka p\u00e5 er kurs uppe vid menyn.<\/p>\n<p style=\"text-align: center\">H\u00e4r kommer det information om vad vi g\u00f6r p\u00e5 v\u00e5ra lektioner, vad ni har i l\u00e4xa,<br \/>\nextra\u00f6vningar och \u00e4ven annat relevant material.<\/p>\n<p style=\"text-align: center\">Om ni har n\u00e5gra fr\u00e5gor \u00e4r det bara att h\u00f6ra av er till mig.<\/p>\n<p style=\"text-align: center\">Amit\u00e9s,<br \/>\nSanna Vikstr\u00f6m<br \/>\nsanna.vikstrom@folkuniversitetet.se<\/p>\n<p style=\"text-align: center\">Cirkelledare i Franska<br \/>\nFolkuniversitetet Ume\u00e5<\/p>\n","protected":false},"excerpt":{"rendered":"<p>Det h\u00e4r \u00e4r kurshemsidan f\u00f6r kurserna i Franska \u00a0som jag h\u00e5ller i p\u00e5 Folkuniversitetet Ume\u00e5. Klicka p\u00e5 er kurs uppe vid menyn. H\u00e4r kommer det information om vad vi g\u00f6r p\u00e5 v\u00e5ra lektioner, vad ni har i l\u00e4xa, extra\u00f6vningar och \u00e4ven annat relevant material. Om ni har n\u00e5gra fr\u00e5gor \u00e4r det bara att h\u00f6ra av <a class=\"read-more\" href=\"https:\/\/blogg.folkuniversitetet.nu\/vikssa\/\">...continue reading <span class=\"meta-nav\">&rarr;<\/span><\/a><\/p>\n","protected":false},"author":301,"featured_media":0,"parent":0,"menu_order":0,"comment_status":"open","ping_status":"open","template":"page-templates\/front-page.php","meta":{"footnotes":""},"class_list":["post-64","page","type-page","status-publish","hentry"],"_links":{"self":[{"href":"https:\/\/blogg.folkuniversitetet.nu\/vikssa\/wp-json\/wp\/v2\/pages\/64","targetHints":{"allow":["GET"]}}],"collection":[{"href":"https:\/\/blogg.folkuniversitetet.nu\/vikssa\/wp-json\/wp\/v2\/pages"}],"about":[{"href":"https:\/\/blogg.folkuniversitetet.nu\/vikssa\/wp-json\/wp\/v2\/types\/page"}],"author":[{"embeddable":true,"href":"https:\/\/blogg.folkuniversitetet.nu\/vikssa\/wp-json\/wp\/v2\/users\/301"}],"replies":[{"embeddable":true,"href":"https:\/\/blogg.folkuniversitetet.nu\/vikssa\/wp-json\/wp\/v2\/comments?post=64"}],"version-history":[{"count":5,"href":"https:\/\/blogg.folkuniversitetet.nu\/vikssa\/wp-json\/wp\/v2\/pages\/64\/revisions"}],"predecessor-version":[{"id":116,"href":"https:\/\/blogg.folkuniversitetet.nu\/vikssa\/wp-json\/wp\/v2\/pages\/64\/revisions\/116"}],"wp:attachment":[{"href":"https:\/\/blogg.folkuniversitetet.nu\/vikssa\/wp-json\/wp\/v2\/media?parent=64"}],"curies":[{"name":"wp","href":"https:\/\/api.w.org\/{rel}","templated":true}]}}