{"id":798,"date":"2022-04-13T15:44:58","date_gmt":"2022-04-13T13:44:58","guid":{"rendered":"https:\/\/blogg.folkuniversitetet.nu\/velesa\/?page_id=798"},"modified":"2022-04-13T22:09:43","modified_gmt":"2022-04-13T20:09:43","slug":"onsdag-clase-4","status":"publish","type":"page","link":"https:\/\/blogg.folkuniversitetet.nu\/velesa\/onsdag-clase-4\/","title":{"rendered":"Onsdag clase 4"},"content":{"rendered":"<p>Hola Chicos<\/p>\n<p>L\u00e4s igen kapitel 1b och l\u00e4r dig alla nya ord<\/p>\n<p>Arbeta med Obest\u00e4md och Best\u00e4md Artiklar (Titta i boken sida 211)<\/p>\n<p>Arbeta med nummer 0 till 100<\/p>\n<p>ni fick en sida under lektionen, arbeta med det OBEST\u00c4MD OCH BEST\u00c4MDA<\/p>\n<p>ni fick en sida med nummer arbeta med de. De \u00e4r bara tills 30<\/p>\n<p>har finns mera nummer for de som vill jobba mer<\/p>\n<p>55<\/p>\n<p>67<\/p>\n<p>98<\/p>\n<p>100<\/p>\n<p>23<\/p>\n<p>15<\/p>\n<p>49<\/p>\n<p>88<\/p>\n<p>76<\/p>\n<p>36<\/p>\n<p>100<\/p>\n<p>Obest\u00e4md<\/p>\n<p>Un: singular \u00a0 \u00a0 Unos: plural \u00a0 MASCULINO \u00a0 de flesta ord som slutar med O<\/p>\n<p>Una: singular \u00a0 Unas: plural \u00a0 \u00a0FEMENINO \u00a0de flesta ord som slutar med A<\/p>\n<p>Best\u00e4md<\/p>\n<p>El: singular \u00a0 \u00a0 \u00a0Los: Plural \u00a0 MASCULINO \u00a0de flesta ord som slutar med O<\/p>\n<p>La: singular \u00a0 \u00a0 \u00a0 Las: Plural FEMENINO \u00a0 \u00a0De flesta ord som slutar med A<\/p>\n<p>FINNS ORD SOM SLUTAR MED E ELLER I: l\u00e4raren kommer att s\u00e4ga n\u00e4r \u00e4r de maskulin eller feminin<\/p>\n<p>Un avi\u00f3n \u00a0 \u00a0 Unos aviones \u00a0 \u00a0 \u00a0 \u00a0 \u00a0 \u00a0 El avi\u00f3n \u00a0 \u00a0 \u00a0 Los aviones<\/p>\n<p>Una casa \u00a0 \u00a0 Unas casas. \u00a0 \u00a0 \u00a0 \u00a0 \u00a0 \u00a0 \u00a0 \u00a0La casa. \u00a0 \u00a0 \u00a0 Las casas<\/p>\n<p>titta i boken kapitel 1b och sida 211<\/p>\n<p>Ha det s\u00e5 trevligt<\/p>\n<p>Sarah\u00ed<\/p>\n","protected":false},"excerpt":{"rendered":"<p>Hola Chicos L\u00e4s igen kapitel 1b och l\u00e4r dig alla nya ord Arbeta med Obest\u00e4md och Best\u00e4md Artiklar (Titta i boken sida 211) Arbeta med nummer 0 till 100 ni fick en sida under lektionen, arbeta med det OBEST\u00c4MD OCH BEST\u00c4MDA ni fick en sida med nummer arbeta med de. De \u00e4r bara tills 30 &hellip; <a href=\"https:\/\/blogg.folkuniversitetet.nu\/velesa\/onsdag-clase-4\/\" class=\"more-link\">Forts\u00e4tt l\u00e4sa <span class=\"screen-reader-text\">Onsdag clase 4<\/span> <span class=\"meta-nav\">&rarr;<\/span><\/a><\/p>\n","protected":false},"author":825,"featured_media":0,"parent":0,"menu_order":0,"comment_status":"closed","ping_status":"closed","template":"","meta":{"footnotes":""},"class_list":["post-798","page","type-page","status-publish","hentry"],"_links":{"self":[{"href":"https:\/\/blogg.folkuniversitetet.nu\/velesa\/wp-json\/wp\/v2\/pages\/798","targetHints":{"allow":["GET"]}}],"collection":[{"href":"https:\/\/blogg.folkuniversitetet.nu\/velesa\/wp-json\/wp\/v2\/pages"}],"about":[{"href":"https:\/\/blogg.folkuniversitetet.nu\/velesa\/wp-json\/wp\/v2\/types\/page"}],"author":[{"embeddable":true,"href":"https:\/\/blogg.folkuniversitetet.nu\/velesa\/wp-json\/wp\/v2\/users\/825"}],"replies":[{"embeddable":true,"href":"https:\/\/blogg.folkuniversitetet.nu\/velesa\/wp-json\/wp\/v2\/comments?post=798"}],"version-history":[{"count":3,"href":"https:\/\/blogg.folkuniversitetet.nu\/velesa\/wp-json\/wp\/v2\/pages\/798\/revisions"}],"predecessor-version":[{"id":803,"href":"https:\/\/blogg.folkuniversitetet.nu\/velesa\/wp-json\/wp\/v2\/pages\/798\/revisions\/803"}],"wp:attachment":[{"href":"https:\/\/blogg.folkuniversitetet.nu\/velesa\/wp-json\/wp\/v2\/media?parent=798"}],"curies":[{"name":"wp","href":"https:\/\/api.w.org\/{rel}","templated":true}]}}