{"id":793,"date":"2022-04-08T11:37:44","date_gmt":"2022-04-08T09:37:44","guid":{"rendered":"https:\/\/blogg.folkuniversitetet.nu\/velesa\/?page_id=793"},"modified":"2022-04-08T11:39:46","modified_gmt":"2022-04-08T09:39:46","slug":"clase-3","status":"publish","type":"page","link":"https:\/\/blogg.folkuniversitetet.nu\/velesa\/clase-3\/","title":{"rendered":"Onsdag Clase 3"},"content":{"rendered":"<h1><span style=\"color: #008000\">Hola Chicos<\/span><\/h1>\n<p>Vi jobbade med kapitel 1a<\/p>\n<p>Kom ih\u00e5g:\u00a0 Verbet har olika \u00e4ndelser beroende p\u00e5 vem som pratar<\/p>\n<p>Hablar&#8230;&#8230;. Tener&#8230;&#8230;&#8230;Vivir<\/p>\n<h6>Yo\u00a0 \u00a0 \u00a0 \u00a0 \u00a0 \u00a0<strong><em><span style=\"color: #000080\"> o\u00a0<\/span><\/em> <\/strong>\u00a0 \u00a0 \u00a0 \u00a0 i alla<\/h6>\n<h6>T\u00fa\u00a0 \u00a0 \u00a0 \u00a0 \u00a0 \u00a0 <strong><span style=\"color: #800080\">as \/ es<\/span><\/strong>\u00a0 \u00a0 \u00a0 \u00a0 \u00a0 \u00a0 \u00a0 \u00a0 \u00a0 \u00a0 \u00a0 \u00a0 \u00a0 \u00a0 \u00a0 \u00a0 \u00a0 \u00a0 \u00a0 \u00a0 \u00a0 \u00a0 \u00a0 \u00a0<span style=\"color: #ff0000\"> \u00a0Titta i Clase 2 d\u00e4r finns alla verb<\/span><\/h6>\n<h6>El, Ella, Usted\u00a0 \u00a0 \u00a0 \u00a0<strong><em><span style=\"color: #008000\">a\/s<\/span><\/em><\/strong><\/h6>\n<p><strong><span style=\"color: #000080\">H\u00e4lsingar<\/span><\/strong>\u00a0 \u00a0 \u00a0 \u00a0 \u00a0 \u00a0 \u00a0 \u00a0 \u00a0 \u00a0 \u00a0 \u00a0 \u00a0 \u00a0 \u00a0 \u00a0 \u00a0 \u00a0 \u00a0 \u00a0 \u00a0 \u00a0 \u00a0 \u00a0 \u00a0 \u00a0 \u00a0 \u00a0 \u00a0 \u00a0 \u00a0 \u00a0 \u00a0 \u00a0 \u00a0 \u00a0 \u00a0 \u00a0 <strong><span style=\"color: #800000\">\u00a0 Att \u00f6nska en bra dag<\/span><\/strong><\/p>\n<p>\u2193\u00a0 \u00a0 \u00a0 \u00a0 \u00a0 \u00a0 \u00a0 \u00a0 \u00a0 \u00a0 \u00a0 \u00a0 \u00a0 \u00a0 \u00a0 \u00a0 \u00a0 \u00a0 \u00a0 \u00a0 \u00a0 \u00a0 \u00a0 \u00a0 \u00a0 \u00a0 \u00a0 \u00a0 \u00a0 \u00a0 \u00a0 \u00a0 \u00a0 \u00a0 \u00a0 \u00a0 \u00a0 \u00a0 \u00a0 \u00a0 \u00a0 \u00a0 \u00a0 \u00a0 \u00a0 \u00a0 \u00a0 \u00a0 \u00a0 \u00a0 \u00a0 \u00a0 \u2193<\/p>\n<p>Buenos d\u00edas\u00a0 \u00a0 \u00a0 \u00a0 \u00a0 \u00a0 \u00a0 \u00a0 \u00a0 \u00a0 \u00a0 \u00a0 \u00a0 \u00a0 \u00a0 \u00a0 \u00a0 \u00a0 \u00a0 \u00a0 \u00a0 \u00a0 \u00a0 \u00a0 \u00a0 \u00a0 \u00a0 \u00a0 \u00a0 \u00a0 \u00a0 \u00a0 \u00a0 \u00a0 \u00a0 \u00a0 \u00a0 \u00a0 Buen d\u00eda<\/p>\n<p>Buenas tardes\u00a0 \u00a0 \u00a0 \u00a0 \u00a0 \u00a0 \u00a0 \u00a0 \u00a0 \u00a0 \u00a0 \u00a0 \u00a0 \u00a0 \u00a0 \u00a0 \u00a0 \u00a0 \u00a0 \u00a0 \u00a0 \u00a0 \u00a0 \u00a0 \u00a0 \u00a0 \u00a0 \u00a0 \u00a0 \u00a0 \u00a0 \u00a0 \u00a0 \u00a0 \u00a0 \u00a0 Buena tarde<\/p>\n<p>Buenas noches\u00a0 \u00a0 \u00a0 \u00a0 \u00a0 \u00a0 \u00a0 \u00a0 \u00a0 \u00a0 \u00a0 \u00a0 \u00a0 \u00a0 \u00a0 \u00a0 \u00a0 \u00a0 \u00a0 \u00a0 \u00a0 \u00a0 \u00a0 \u00a0 \u00a0 \u00a0 \u00a0 \u00a0 \u00a0 \u00a0 \u00a0 \u00a0 \u00a0 \u00a0 \u00a0 Buena noche<\/p>\n<h4><span style=\"color: #800000\">\u00d6va lite mer med nummer<\/span><\/h4>\n<p>Skriv\u00a0 siffror<\/p>\n<p>18<\/p>\n<p>33<\/p>\n<p>47<\/p>\n<p>19<\/p>\n<p>7<\/p>\n<p>56<\/p>\n<p>27<\/p>\n<p>15<\/p>\n<p>5<\/p>\n<p>10<\/p>\n<p>33<\/p>\n<p>21<\/p>\n<p>11<\/p>\n<h4><strong><span style=\"color: #800000\">\u00d6va lite mer hemma och l\u00e4st h\u00f6gt dialogerna<\/span> <\/strong>i Kapitel 1a<\/h4>\n<h3><span style=\"color: #800080\">Tarea\/ Deberes<\/span><\/h3>\n<h6>Fr\u00e5n boken i Kapitel 1a ska ni g\u00f6ra \u00f6vning<span style=\"color: #ff0000\"> 6 och 8<\/span> ( 8 ska ni ge den till mig f\u00f6r att r\u00e4ttas)<\/h6>\n<p>N\u00e4sta vecka ska vi b\u00f6rja med kapitel 1b<\/p>\n<p>Nos vemos chicos hasta la pr\u00f3xima semana<\/p>\n<p>Saludos<\/p>\n<p>Sarah\u00ed<\/p>\n","protected":false},"excerpt":{"rendered":"<p>Hola Chicos Vi jobbade med kapitel 1a Kom ih\u00e5g:\u00a0 Verbet har olika \u00e4ndelser beroende p\u00e5 vem som pratar Hablar&#8230;&#8230;. Tener&#8230;&#8230;&#8230;Vivir Yo\u00a0 \u00a0 \u00a0 \u00a0 \u00a0 \u00a0 o\u00a0 \u00a0 \u00a0 \u00a0 \u00a0 i alla T\u00fa\u00a0 \u00a0 \u00a0 \u00a0 \u00a0 \u00a0 as \/ es\u00a0 \u00a0 \u00a0 \u00a0 \u00a0 \u00a0 \u00a0 \u00a0 \u00a0 \u00a0 \u00a0 \u00a0 \u00a0 \u00a0 &hellip; <a href=\"https:\/\/blogg.folkuniversitetet.nu\/velesa\/clase-3\/\" class=\"more-link\">Forts\u00e4tt l\u00e4sa <span class=\"screen-reader-text\">Onsdag Clase 3<\/span> <span class=\"meta-nav\">&rarr;<\/span><\/a><\/p>\n","protected":false},"author":825,"featured_media":0,"parent":0,"menu_order":0,"comment_status":"closed","ping_status":"closed","template":"","meta":{"footnotes":""},"class_list":["post-793","page","type-page","status-publish","hentry"],"_links":{"self":[{"href":"https:\/\/blogg.folkuniversitetet.nu\/velesa\/wp-json\/wp\/v2\/pages\/793","targetHints":{"allow":["GET"]}}],"collection":[{"href":"https:\/\/blogg.folkuniversitetet.nu\/velesa\/wp-json\/wp\/v2\/pages"}],"about":[{"href":"https:\/\/blogg.folkuniversitetet.nu\/velesa\/wp-json\/wp\/v2\/types\/page"}],"author":[{"embeddable":true,"href":"https:\/\/blogg.folkuniversitetet.nu\/velesa\/wp-json\/wp\/v2\/users\/825"}],"replies":[{"embeddable":true,"href":"https:\/\/blogg.folkuniversitetet.nu\/velesa\/wp-json\/wp\/v2\/comments?post=793"}],"version-history":[{"count":2,"href":"https:\/\/blogg.folkuniversitetet.nu\/velesa\/wp-json\/wp\/v2\/pages\/793\/revisions"}],"predecessor-version":[{"id":796,"href":"https:\/\/blogg.folkuniversitetet.nu\/velesa\/wp-json\/wp\/v2\/pages\/793\/revisions\/796"}],"wp:attachment":[{"href":"https:\/\/blogg.folkuniversitetet.nu\/velesa\/wp-json\/wp\/v2\/media?parent=793"}],"curies":[{"name":"wp","href":"https:\/\/api.w.org\/{rel}","templated":true}]}}