{"id":786,"date":"2022-03-29T12:52:21","date_gmt":"2022-03-29T10:52:21","guid":{"rendered":"https:\/\/blogg.folkuniversitetet.nu\/velesa\/?page_id=786"},"modified":"2022-03-31T17:08:16","modified_gmt":"2022-03-31T15:08:16","slug":"onsdag-clase-2","status":"publish","type":"page","link":"https:\/\/blogg.folkuniversitetet.nu\/velesa\/onsdag-clase-2\/","title":{"rendered":"Onsdag Clase 2"},"content":{"rendered":"<h2><span style=\"color: #993300\">Presentaci\u00f3n<\/span><\/h2>\n<h5><span style=\"color: #800080\"><strong>Fr\u00e5ga ord<\/strong><\/span><\/h5>\n<p><strong><span style=\"color: #003366\">\u00bfC\u00f3mo te llamas t\u00fa? \u00a0 \u00a0 \u00a0 \u00a0 \u00a0 \u00a0 \u00a0 \u00a0 \u00a0 \u00a0 \u00a0 \u00a0 \u00a0 \u00bfDe d\u00f3nde eres? \u00a0 \u00a0 \u00a0 \u00a0 \u00a0 \u00a0 <\/span><\/strong><\/p>\n<p><span style=\"color: #993300\"><strong>Me llamo\u2026\u2026. \u00a0 \u00a0 \u00a0 \u00a0 \u00a0 \u00a0 \u00a0 \u00a0 \u00a0 \u00a0 \u00a0 \u00a0 \u00a0 \u00a0 \u00a0 \u00a0 \u00a0 \u00a0 \u00a0Soy de \u2026\u2026.. \u00a0 \u00a0\u00a0<\/strong><\/span><\/p>\n<h4><span style=\"color: #800080\"><strong>Fr\u00e5ga ord<\/strong><\/span><\/h4>\n<p><strong><span style=\"color: #003366\">\u00bfD\u00f3nde vives? \u00a0 \u00a0 \u00a0 \u00a0 \u00a0 \u00a0 \u00a0 \u00a0 \u00a0 \u00a0 \u00a0 \u00a0 \u00a0 \u00a0 \u00a0 \u00a0 \u00a0 \u00a0 \u00bfqu\u00e9 tal? \u00a0 \u00a0 \u00a0 \u00a0 \u00a0 \u00a0 \u00a0 \u00a0 \u00a0 \u00a0 \u00a0 \u00a0 \u00a0 \u00bfCu\u00e1ndo tienes clase de espa\u00f1ol?<\/span><\/strong><\/p>\n<p><strong><span style=\"color: #993300\">Vivo en Estocolmo\u2026\u2026. \u00a0 \u00a0 \u00a0 \u00a0 \u00a0 \u00a0 Bien Gracias \u00bf<\/span><\/strong><span style=\"color: #993300\"><strong>\u00a0y t\u00fa? \u2026. \u00a0 \u00a0 \u00a0 tengo clase el mi\u00e9rcoles\u00a0<\/strong><\/span><\/p>\n<h3><span style=\"color: #993366\">VERBOS<\/span><\/h3>\n<p>Yo <span style=\"color: #008080\"><strong>soy &#8230;&#8230;.. \u00a0 \u00a0 \u00a0 \u00a0 \u00a0 \u00a0 \u00a0 \u00a0 \u00a0 \u00a0 \u00a0 \u00a0 \u00a0 \u00a0 \u00a0 \u00a0\u00a0<\/strong><span style=\"color: #000000\">T\u00fa <\/span><strong><span style=\"color: #000000\"><span style=\"color: #339966\">eres\u2026.<\/span>\u00a0 \u00a0 \u00a0 \u00a0 \u00a0 \u00a0 \u00a0 \u00a0 \u00a0 \u00a0 \u00a0 \u00a0 \u00a0 \u00a0 \u00a0 \u00a0\u00a0<\/span><\/strong><span style=\"color: #000000\">\u00a0 \u00c9l, ella, usted \u00a0 \u00a0<strong><span style=\"color: #008000\">Es\u2026<\/span><\/strong><\/span><\/span><\/p>\n<p>Yo <strong><span style=\"color: #33cccc\"><span style=\"color: #000000\">viv<\/span>o&#8230;&#8230;.. \u00a0 \u00a0 \u00a0 \u00a0 \u00a0 \u00a0 \u00a0 \u00a0 \u00a0 \u00a0 \u00a0 \u00a0 \u00a0 \u00a0\u00a0<\/span><\/strong><span style=\"color: #33cccc\">\u00a0 \u00a0<\/span><span style=\"color: #33cccc\"><span style=\"color: #000000\">T\u00fa <strong>viv<\/strong><\/span><\/span><strong><span style=\"color: #33cccc\"><span style=\"color: #000000\"><span style=\"color: #00ffff\"><strong>es\u2026.<\/strong><\/span>\u00a0 \u00a0 \u00a0 \u00a0 \u00a0 \u00a0 \u00a0 \u00a0 \u00a0 \u00a0 \u00a0 \u00a0 \u00a0 \u00a0 \u00a0 \u00a0\u00a0<\/span><\/span><\/strong><span style=\"color: #33cccc\"><span style=\"color: #000000\">\u00c9l, Ella, usted\u00a0 <strong>viv<span style=\"color: #33cccc\">e\u2026<\/span><\/strong><\/span><\/span><\/p>\n<p>Yo<strong><span style=\"color: #ff6600\"><span style=\"color: #000000\"> estudi<\/span>o&#8230;&#8230;. \u00a0 \u00a0 \u00a0 \u00a0 \u00a0 \u00a0 \u00a0 \u00a0 \u00a0<\/span><\/strong><span style=\"color: #ff6600\"><span style=\"color: #000000\">\u00a0 \u00a0 \u00a0 \u00a0 T\u00fa <strong>estudi<\/strong><span style=\"color: #ff6600\"><strong>as\u2026 \u00a0 \u00a0 \u00a0 \u00a0 \u00a0 \u00a0 \u00a0 \u00a0 \u00a0 \u00a0 \u00a0 \u00a0 \u00a0<\/strong><span style=\"color: #000000\">\u00c9l, Ella, Usted\u00a0 \u00a0 <strong>estudi<span style=\"color: #ff6600\">a\u2026<\/span><\/strong><\/span><\/span><\/span><\/span><\/p>\n<p>Yo <strong><span style=\"color: #008000\">tengo&#8230;&#8230; \u00a0 \u00a0 \u00a0 \u00a0 \u00a0 \u00a0 \u00a0 \u00a0 \u00a0 \u00a0 \u00a0 \u00a0 \u00a0 \u00a0 \u00a0<\/span><\/strong><span style=\"color: #008000\"><span style=\"color: #000000\"> \u00a0T\u00fa<\/span><\/span><strong><span style=\"color: #008000\"> tienes \u2026. \u00a0 \u00a0 \u00a0 \u00a0 \u00a0 \u00a0 \u00a0 \u00a0 \u00a0 \u00a0 \u00a0 \u00a0 \u00a0 \u00a0<\/span><\/strong><span style=\"color: #008000\"><span style=\"color: #000000\">El, ella, usted\u00a0 \u00a0<strong><span style=\"color: #008000\"> tiene\u2026<\/span><\/strong><\/span><\/span><\/p>\n<p><strong><span style=\"color: #000080\">\u00bfQu\u00e9 haces \/ en qu\u00e9 \u00a0trabajas ?\u00a0<\/span><\/strong><\/p>\n<p>Yo <strong><span style=\"color: #800080\"><span style=\"color: #000000\">traba<\/span>jo &#8230;..\u00bfy t\u00fa? \u00a0 \u00a0 \u00a0 \u00a0 \u00a0 \u00a0 \u00a0 \u00a0<\/span><\/strong><span style=\"color: #800080\"><span style=\"color: #000000\">T\u00fa <strong>traba<\/strong><\/span><\/span><strong><span style=\"color: #800080\">jas\u2026 \u00a0 \u00a0 \u00a0 \u00a0 \u00a0 \u00a0 \u00a0 \u00a0 \u00a0 \u00a0 \u00a0 \u00a0 \u00a0<\/span><\/strong><span style=\"color: #800080\"><span style=\"color: #000000\">\u00c9l, ella, Usted \u00a0<strong>trabaj<span style=\"color: #993366\">a\u2026.<\/span><\/strong><\/span><\/span><\/p>\n<h5><\/h5>\n<h5><span style=\"color: #800080\">N\u00fameros del o al 50<\/span><\/h5>\n<p>cero unos, dos, tres, cuatro, cinco, sies, siete, ocho ,nueve, diez, once, doce, trece, catorce, quince \u2026.etc<\/p>\n<p>Titta \u00a0I broken sida 16 och 23 \u00a0 \u00a0<strong><span style=\"color: #993366\">LOS N\u00daMEROS\u00a0<\/span><\/strong><\/p>\n<h2><span style=\"color: #0000ff\">l\u00e4xa <\/span><\/h2>\n<p>L\u00e4s kapitel 1a. L\u00e4r dig alla nya ord och svara p\u00e5 COMPRENSION DEL TEXTO<\/p>\n<p>Nos vemos la pr\u00f3xima semana<\/p>\n<p>Sarah\u00ed<\/p>\n<p>&nbsp;<\/p>\n","protected":false},"excerpt":{"rendered":"<p>Presentaci\u00f3n Fr\u00e5ga ord \u00bfC\u00f3mo te llamas t\u00fa? \u00a0 \u00a0 \u00a0 \u00a0 \u00a0 \u00a0 \u00a0 \u00a0 \u00a0 \u00a0 \u00a0 \u00a0 \u00a0 \u00bfDe d\u00f3nde eres? \u00a0 \u00a0 \u00a0 \u00a0 \u00a0 \u00a0 Me llamo\u2026\u2026. \u00a0 \u00a0 \u00a0 \u00a0 \u00a0 \u00a0 \u00a0 \u00a0 \u00a0 \u00a0 \u00a0 \u00a0 \u00a0 \u00a0 \u00a0 \u00a0 \u00a0 \u00a0 \u00a0Soy de \u2026\u2026.. \u00a0 \u00a0\u00a0 Fr\u00e5ga &hellip; <a href=\"https:\/\/blogg.folkuniversitetet.nu\/velesa\/onsdag-clase-2\/\" class=\"more-link\">Forts\u00e4tt l\u00e4sa <span class=\"screen-reader-text\">Onsdag Clase 2<\/span> <span class=\"meta-nav\">&rarr;<\/span><\/a><\/p>\n","protected":false},"author":825,"featured_media":0,"parent":0,"menu_order":0,"comment_status":"closed","ping_status":"closed","template":"","meta":{"footnotes":""},"class_list":["post-786","page","type-page","status-publish","hentry"],"_links":{"self":[{"href":"https:\/\/blogg.folkuniversitetet.nu\/velesa\/wp-json\/wp\/v2\/pages\/786","targetHints":{"allow":["GET"]}}],"collection":[{"href":"https:\/\/blogg.folkuniversitetet.nu\/velesa\/wp-json\/wp\/v2\/pages"}],"about":[{"href":"https:\/\/blogg.folkuniversitetet.nu\/velesa\/wp-json\/wp\/v2\/types\/page"}],"author":[{"embeddable":true,"href":"https:\/\/blogg.folkuniversitetet.nu\/velesa\/wp-json\/wp\/v2\/users\/825"}],"replies":[{"embeddable":true,"href":"https:\/\/blogg.folkuniversitetet.nu\/velesa\/wp-json\/wp\/v2\/comments?post=786"}],"version-history":[{"count":4,"href":"https:\/\/blogg.folkuniversitetet.nu\/velesa\/wp-json\/wp\/v2\/pages\/786\/revisions"}],"predecessor-version":[{"id":791,"href":"https:\/\/blogg.folkuniversitetet.nu\/velesa\/wp-json\/wp\/v2\/pages\/786\/revisions\/791"}],"wp:attachment":[{"href":"https:\/\/blogg.folkuniversitetet.nu\/velesa\/wp-json\/wp\/v2\/media?parent=786"}],"curies":[{"name":"wp","href":"https:\/\/api.w.org\/{rel}","templated":true}]}}