{"id":742,"date":"2021-06-08T20:38:31","date_gmt":"2021-06-08T18:38:31","guid":{"rendered":"https:\/\/blogg.folkuniversitetet.nu\/velesa\/?page_id=742"},"modified":"2021-06-08T21:34:47","modified_gmt":"2021-06-08T19:34:47","slug":"clase-1-zoom","status":"publish","type":"page","link":"https:\/\/blogg.folkuniversitetet.nu\/velesa\/clase-1-zoom\/","title":{"rendered":"Clase 1 zoom"},"content":{"rendered":"<h1><span style=\"color: #ff6600\">Hola Chicos<\/span><\/h1>\n<p>F\u00f6rsta lektionen!<\/p>\n<h3><span style=\"color: #008000\">Klicka p\u00e5 l\u00e4nken\u00a0 \u21d3<\/span><\/h3>\n<p><a href=\"http:\/\/blogg.folkuniversitetet.nu\/velesa\/files\/2021\/06\/1-lektion-zoom.pdf\">1 lektion zoom<\/a><\/p>\n<p>kom ih\u00e5g att ni har l\u00e4xa: <strong><span style=\"color: #ff0000\">ASI SE DICE<\/span><\/strong><span style=\"color: #ff0000\"><span style=\"color: #000000\">,<\/span><\/span> sidan 10 fr\u00e5n boken<\/p>\n<p>Nos vemos la pr\u00f3xima semana<\/p>\n<p>Sarah\u00ed<\/p>\n<p>&nbsp;<\/p>\n","protected":false},"excerpt":{"rendered":"<p>Hola Chicos F\u00f6rsta lektionen! Klicka p\u00e5 l\u00e4nken\u00a0 \u21d3 1 lektion zoom kom ih\u00e5g att ni har l\u00e4xa: ASI SE DICE, sidan 10 fr\u00e5n boken Nos vemos la pr\u00f3xima semana Sarah\u00ed &nbsp;<\/p>\n","protected":false},"author":825,"featured_media":0,"parent":0,"menu_order":0,"comment_status":"closed","ping_status":"closed","template":"","meta":{"footnotes":""},"class_list":["post-742","page","type-page","status-publish","hentry"],"_links":{"self":[{"href":"https:\/\/blogg.folkuniversitetet.nu\/velesa\/wp-json\/wp\/v2\/pages\/742","targetHints":{"allow":["GET"]}}],"collection":[{"href":"https:\/\/blogg.folkuniversitetet.nu\/velesa\/wp-json\/wp\/v2\/pages"}],"about":[{"href":"https:\/\/blogg.folkuniversitetet.nu\/velesa\/wp-json\/wp\/v2\/types\/page"}],"author":[{"embeddable":true,"href":"https:\/\/blogg.folkuniversitetet.nu\/velesa\/wp-json\/wp\/v2\/users\/825"}],"replies":[{"embeddable":true,"href":"https:\/\/blogg.folkuniversitetet.nu\/velesa\/wp-json\/wp\/v2\/comments?post=742"}],"version-history":[{"count":3,"href":"https:\/\/blogg.folkuniversitetet.nu\/velesa\/wp-json\/wp\/v2\/pages\/742\/revisions"}],"predecessor-version":[{"id":750,"href":"https:\/\/blogg.folkuniversitetet.nu\/velesa\/wp-json\/wp\/v2\/pages\/742\/revisions\/750"}],"wp:attachment":[{"href":"https:\/\/blogg.folkuniversitetet.nu\/velesa\/wp-json\/wp\/v2\/media?parent=742"}],"curies":[{"name":"wp","href":"https:\/\/api.w.org\/{rel}","templated":true}]}}