{"id":415,"date":"2021-02-22T16:40:11","date_gmt":"2021-02-22T15:40:11","guid":{"rendered":"http:\/\/blogg.folkuniversitetet.nu\/velesa\/?page_id=415"},"modified":"2022-03-29T10:19:13","modified_gmt":"2022-03-29T08:19:13","slug":"onsdag-nyborjare","status":"publish","type":"page","link":"https:\/\/blogg.folkuniversitetet.nu\/velesa\/onsdag-nyborjare\/","title":{"rendered":"Onsdag"},"content":{"rendered":"<p style=\"text-align: left\">Hola chicos!!!<\/p>\n<p>BIENVENIDOS AL CURSO DE ESPA\u00d1OL<\/p>\n<p>Primera semana<\/p>\n<p>Skapa ett konto i Nok. Du m\u00e5ste g\u00e5 in i www.Nok.se<\/p>\n<p>ni beh\u00f6ver inte Kod<\/p>\n<p>Repetera alfabetet och sida 10<\/p>\n<p>Ha det s\u00e5 fint<\/p>\n<p>Vi ses p\u00e5 m\u00e5ndag<\/p>\n<p>MVH<\/p>\n<p>Sarahi<\/p>\n","protected":false},"excerpt":{"rendered":"<p>Hola chicos!!! BIENVENIDOS AL CURSO DE ESPA\u00d1OL Primera semana Skapa ett konto i Nok. Du m\u00e5ste g\u00e5 in i www.Nok.se ni beh\u00f6ver inte Kod Repetera alfabetet och sida 10 Ha det s\u00e5 fint Vi ses p\u00e5 m\u00e5ndag MVH Sarahi<\/p>\n","protected":false},"author":825,"featured_media":0,"parent":0,"menu_order":0,"comment_status":"closed","ping_status":"closed","template":"","meta":{"footnotes":""},"class_list":["post-415","page","type-page","status-publish","hentry"],"_links":{"self":[{"href":"https:\/\/blogg.folkuniversitetet.nu\/velesa\/wp-json\/wp\/v2\/pages\/415","targetHints":{"allow":["GET"]}}],"collection":[{"href":"https:\/\/blogg.folkuniversitetet.nu\/velesa\/wp-json\/wp\/v2\/pages"}],"about":[{"href":"https:\/\/blogg.folkuniversitetet.nu\/velesa\/wp-json\/wp\/v2\/types\/page"}],"author":[{"embeddable":true,"href":"https:\/\/blogg.folkuniversitetet.nu\/velesa\/wp-json\/wp\/v2\/users\/825"}],"replies":[{"embeddable":true,"href":"https:\/\/blogg.folkuniversitetet.nu\/velesa\/wp-json\/wp\/v2\/comments?post=415"}],"version-history":[{"count":5,"href":"https:\/\/blogg.folkuniversitetet.nu\/velesa\/wp-json\/wp\/v2\/pages\/415\/revisions"}],"predecessor-version":[{"id":774,"href":"https:\/\/blogg.folkuniversitetet.nu\/velesa\/wp-json\/wp\/v2\/pages\/415\/revisions\/774"}],"wp:attachment":[{"href":"https:\/\/blogg.folkuniversitetet.nu\/velesa\/wp-json\/wp\/v2\/media?parent=415"}],"curies":[{"name":"wp","href":"https:\/\/api.w.org\/{rel}","templated":true}]}}