{"id":229,"date":"2020-11-04T19:58:13","date_gmt":"2020-11-04T18:58:13","guid":{"rendered":"http:\/\/blogg.folkuniversitetet.nu\/velesa\/?page_id=229"},"modified":"2022-03-29T10:26:50","modified_gmt":"2022-03-29T08:26:50","slug":"vecka-8","status":"publish","type":"page","link":"https:\/\/blogg.folkuniversitetet.nu\/velesa\/vecka-8\/","title":{"rendered":"SEM 8"},"content":{"rendered":"<ul>\n<li style=\"text-align: left\"><span style=\"color: #993300\">Hola Chicos<\/span>\u00a0?<\/li>\n<\/ul>\n<p>Vi gick genom <strong><span style=\"color: #0000ff\">Sidor 38 till 43<\/span><\/strong><\/p>\n<p>Vi gick genom alla <strong><span style=\"color: #008000\">sl\u00e4ktingar \u00a0Namn\u00a0<\/span><\/strong><\/p>\n<p>Me Gusta \/ Me Gustan ni FICK en kopia f\u00f6rs\u00f6k att \u00f6va hem<\/p>\n<p>Possesiva pronomen<\/p>\n<p>Vi arbetade med lite verb \u00a0AR\/IR\/ER \u00a0 \u00a0 \u00a0 <strong><span style=\"color: #0000ff\">Sidan 41<\/span><\/strong><\/p>\n<p>Vi ses n\u00e4sta vecka<\/p>\n<h5><strong><span style=\"color: #0000ff\">L\u00e4xa<\/span><\/strong><\/h5>\n<p>\u00c4r att beskriva din Familjen och sl\u00e4ktf\u00f6rh\u00e5llanden.<\/p>\n<h2><span style=\"color: #ff0000\"><strong>RESPUESTA<\/strong><\/span><\/h2>\n<p>LA FAMILIA DE SARAH\u00ed<\/p>\n<p>Yo me llamo Sarah\u00ed y mis padres se llaman Alfonso y Eva. Mis abuelos por parte de mi padre y de mi madre est\u00e1n muertos.<\/p>\n<p>Tengo dos hermanos la mayor se llama Eva Mar\u00eda y el menor se llama Iv\u00e1n<\/p>\n<p>Mis hermanos est\u00e1n casados.<\/p>\n<p>Mi hermana Eva\u00a0 que tiene 51 a\u00f1os esta casada con Paco, mi cu\u00f1ado que tambi\u00e9n tiene 51 a\u00f1os, tienen dos hijos Emiliano y Francisco, Emi tiene 13 a\u00f1os y Francisco tiene 19.<\/p>\n<p>Mi \u00a0hermano Iv\u00e1n tiene 48 a\u00f1os y esta casado con Martha, mi cu\u00f1ada que\u00a0 tiene 40 a\u00f1os,\u00a0 tienen dos hijos tambi\u00e9n que se llaman Iv\u00e1n Alfonso que es el mayor y tiene 15 a\u00f1os y Paloma la menor que tiene 12 a\u00f1os.<\/p>\n<p>Yo no estoy casada pero vivo con mi novio Tobbe\u00a0 en una casa en Hemf\u00f6sa . Mi novio tiene dos hijas que se llaman Mar\u00eda y Sofia. Mar\u00eda tiene 30 a\u00f1os y vive con su novio Fredrik en una casa en \u00f6smo\u00a0 y Sofia tiene 28 y vive con su novio Kristoffer en un departamento en Handen<\/p>\n","protected":false},"excerpt":{"rendered":"<p>Hola Chicos\u00a0? Vi gick genom Sidor 38 till 43 Vi gick genom alla sl\u00e4ktingar \u00a0Namn\u00a0 Me Gusta \/ Me Gustan ni FICK en kopia f\u00f6rs\u00f6k att \u00f6va hem Possesiva pronomen Vi arbetade med lite verb \u00a0AR\/IR\/ER \u00a0 \u00a0 \u00a0 Sidan 41 Vi ses n\u00e4sta vecka L\u00e4xa \u00c4r att beskriva din Familjen och sl\u00e4ktf\u00f6rh\u00e5llanden. RESPUESTA LA &hellip; <a href=\"https:\/\/blogg.folkuniversitetet.nu\/velesa\/vecka-8\/\" class=\"more-link\">Forts\u00e4tt l\u00e4sa <span class=\"screen-reader-text\">SEM 8<\/span> <span class=\"meta-nav\">&rarr;<\/span><\/a><\/p>\n","protected":false},"author":825,"featured_media":0,"parent":0,"menu_order":0,"comment_status":"closed","ping_status":"closed","template":"","meta":{"footnotes":""},"class_list":["post-229","page","type-page","status-publish","hentry"],"_links":{"self":[{"href":"https:\/\/blogg.folkuniversitetet.nu\/velesa\/wp-json\/wp\/v2\/pages\/229","targetHints":{"allow":["GET"]}}],"collection":[{"href":"https:\/\/blogg.folkuniversitetet.nu\/velesa\/wp-json\/wp\/v2\/pages"}],"about":[{"href":"https:\/\/blogg.folkuniversitetet.nu\/velesa\/wp-json\/wp\/v2\/types\/page"}],"author":[{"embeddable":true,"href":"https:\/\/blogg.folkuniversitetet.nu\/velesa\/wp-json\/wp\/v2\/users\/825"}],"replies":[{"embeddable":true,"href":"https:\/\/blogg.folkuniversitetet.nu\/velesa\/wp-json\/wp\/v2\/comments?post=229"}],"version-history":[{"count":6,"href":"https:\/\/blogg.folkuniversitetet.nu\/velesa\/wp-json\/wp\/v2\/pages\/229\/revisions"}],"predecessor-version":[{"id":780,"href":"https:\/\/blogg.folkuniversitetet.nu\/velesa\/wp-json\/wp\/v2\/pages\/229\/revisions\/780"}],"wp:attachment":[{"href":"https:\/\/blogg.folkuniversitetet.nu\/velesa\/wp-json\/wp\/v2\/media?parent=229"}],"curies":[{"name":"wp","href":"https:\/\/api.w.org\/{rel}","templated":true}]}}