{"id":190,"date":"2020-11-01T12:13:20","date_gmt":"2020-11-01T11:13:20","guid":{"rendered":"http:\/\/blogg.folkuniversitetet.nu\/velesa\/?page_id=190"},"modified":"2022-03-29T10:30:41","modified_gmt":"2022-03-29T08:30:41","slug":"vecka-7","status":"publish","type":"page","link":"https:\/\/blogg.folkuniversitetet.nu\/velesa\/vecka-7\/","title":{"rendered":"SEM 7"},"content":{"rendered":"<h2><span style=\"color: #ff6600\">Hola Chicos<\/span><\/h2>\n<p><span style=\"color: #008000\"><strong>clase n\u00fam\u00a0<\/strong><\/span><\/p>\n<pre><strong><span style=\"color: #993300\">N\u00fameros<\/span><\/strong> \u00a0\r\n100 till 100 000 .......ni fick en kopia men siffror \u00f6va hem med de<\/pre>\n<h5><span style=\"color: #ff0000\">Verbos AR\/ \u00a0 \u00a0 \u00a0 \u00a0 \u00a0 \u00a0 \u00a0 \u00a0 IR\/ \u00a0 \u00a0 \u00a0 \u00a0 \u00a0 \u00a0 \u00a0 \u00a0 \u00a0 \u00a0 \u00a0ER<\/span><\/h5>\n<p>O \u00a0 \u00a0 \u00a0 \u00a0 \u00a0 \u00a0 \u00a0 \u00a0 \u00a0 \u00a0 O \u00a0 \u00a0 \u00a0 \u00a0 \u00a0 \u00a0 \u00a0 \u00a0 \u00a0 \u00a0 \u00a0 \u00a0 O<\/p>\n<p>AS \u00a0 \u00a0 \u00a0 \u00a0 \u00a0 \u00a0 \u00a0 \u00a0 \u00a0 \u00a0ES \u00a0 \u00a0 \u00a0 \u00a0 \u00a0 \u00a0 \u00a0 \u00a0 \u00a0 \u00a0 \u00a0 ES<\/p>\n<p>A \u00a0 \u00a0 \u00a0 \u00a0 \u00a0 \u00a0 \u00a0 \u00a0 \u00a0 \u00a0E \u00a0 \u00a0 \u00a0 \u00a0 \u00a0 \u00a0 \u00a0 \u00a0 \u00a0 \u00a0 \u00a0 \u00a0 \u00a0E<\/p>\n<p>AMOS \u00a0 \u00a0 \u00a0 \u00a0 \u00a0 \u00a0 \u00a0IMOS \u00a0 \u00a0 \u00a0 \u00a0 \u00a0 \u00a0 \u00a0 \u00a0 \u00a0 \u00a0 EMOS<\/p>\n<p>\u00c1IS \u00a0 \u00a0 \u00a0 \u00a0 \u00a0 \u00a0 \u00a0 \u00a0 \u00a0 \u00cdS \u00a0 \u00a0 \u00a0 \u00a0 \u00a0 \u00a0 \u00a0 \u00a0 \u00a0 \u00a0 \u00a0 \u00a0\u00c9IS<\/p>\n<p>AN \u00a0 \u00a0 \u00a0 \u00a0 \u00a0 \u00a0 \u00a0 \u00a0 \u00a0 \u00a0EN \u00a0 \u00a0 \u00a0 \u00a0 \u00a0 \u00a0 \u00a0 \u00a0 \u00a0 \u00a0 \u00a0EN<\/p>\n<h5><strong><span style=\"color: #800080\">Genitiv: DE\u00a0<\/span><\/strong><\/h5>\n<p>El libro <strong><span style=\"color: #800080\">De<\/span><\/strong> Juan, \u00a0La casa <strong><span style=\"color: #800080\">De<\/span><\/strong> Rosa, El perro <strong><span style=\"color: #800080\">DE<\/span><\/strong> mis vecinos<\/p>\n<p>juan \u00e4ger boken s\u00e5 det \u00e4r: Juans Bok<\/p>\n<p>Rosa \u00e4ger Hus s\u00e5 det \u00e4r: Rosas Hus<\/p>\n<p>Mina grannarna \u00e4ger en hund s\u00e5 det blir: Mina grannarnas hund<\/p>\n<p><strong><span style=\"color: #000080\">\u00f6vers\u00e4tt till svenska: <\/span><\/strong><\/p>\n<p>1.-El garage de mi VECINO es grande<\/p>\n<p>2.-La pintura de Mar\u00eda es muy bonita<\/p>\n<p>3.-El tel\u00e9fono m\u00f3vil de mi mam\u00e1 es muy viejo<\/p>\n<p>4.-Las mu\u00f1ecas de las ni\u00f1as<\/p>\n<p>5.- La televisi\u00f3n de Petra es de nueva tecnolog\u00eda<\/p>\n<h5><span style=\"color: #008080\">Pronombres Posesivos: I<\/span><br \/>\n<span style=\"color: #ffcc00\"><strong>Min, Mitt, Mina &#8230;&#8230; Din, Ditt, Dina&#8230;&#8230; Hans, Hennes, Sin, sitt, Sina, Er, Ert, Era<\/strong><\/span><\/h5>\n<p>1.- __________ casa en M\u00e1laga es peque\u00f1a ( mitt) &#8230;&#8230;&#8230;&#8230;&#8230;&#8230;<span style=\"color: #ff6600\"><strong>MI<\/strong><\/span><\/p>\n<p>2.- __________ vecino tienen 5 gatos negros muy grandes y feos \u00a0(min)&#8230;&#8230;&#8230;. <strong><span style=\"color: #ff6600\">MI<\/span><\/strong><\/p>\n<p>3.- __________ gafas de sol est\u00e1n en la mesa de la cocina \u00a0(dina)&#8230;&#8230;&#8230; <strong><span style=\"color: #ff6600\">TUS<\/span><\/strong><\/p>\n<p>4.- __________ trabajo no es muy interesante \u00a0(ditt)&#8230;&#8230;..<strong><span style=\"color: #ff6600\">TU<\/span><\/strong><\/p>\n<p>5.-___________ zapatos son de piel y muy caros ( Hans)&#8230;&#8230;&#8230;<strong><span style=\"color: #ff6600\">SUS<\/span><\/strong><\/p>\n<p>6.-___________ fotograf\u00edas De los paisajes est\u00e1n muy bonitas(hennes) &#8230;&#8230;&#8230;<strong><span style=\"color: #ff6600\">SUS<\/span><\/strong><\/p>\n<h3><span style=\"color: #ff99cc\"><strong>TYCKA OM<\/strong><\/span><\/h3>\n<p>Me gusta, Te gusta, Le gusta&#8230;&#8230;. Me gustan, Te gustan, Le gustan<\/p>\n<p>1.- \u00bf____________ el f\u00fatbol y a ti ?( jag tycker Om)\u00a0<strong><span style=\"color: #ff6600\"> ME GUSTA\u00a0<\/span><\/strong><br \/>\n2.- \u00bf____________ los bollos de Vettekatten? ( tycker du om) <strong><span style=\"color: #ff6600\">TE GUSTAN\u00a0<\/span><\/strong><\/p>\n<p>3.- \u00bf____________ los programas de Nacional Geograhic? (Tycker Han om )<strong><span style=\"color: #ff6600\"> LE GUSTAN<\/span><\/strong><\/p>\n<p>4.- ____________ la comida Thai (jag tycker Om)<strong><span style=\"color: #ff6600\">ME GUSTA<\/span><\/strong><\/p>\n<p>5.- ____________ mucho los huevos fritos para desayunar (han \u00a0tycker Om) <strong><span style=\"color: #ff6600\">LE GUSTAN<\/span><\/strong><\/p>\n<p>6.- ____________ leer las noticas (tycker du om)<strong><span style=\"color: #ff6600\"> TE GUSTA<\/span><\/strong><\/p>\n<p><em><strong><span style=\"color: #ff0000\">ATT KOMMA IH\u00c5G &#8230;&#8230;&#8230;.<\/span><\/strong><\/em><em><strong><span style=\"color: #ff0000\">N\u00c4R NI HAR TV\u00c5 VERB TILLSAMMANS DEN F\u00d6RSTA SKA NI B\u00d6JA DEN ANDA STANNAR I GRUND FORM: Jag vill \u00c4TA, Jag tycker om att dansa \u00a0ANDRA VERB I GRUND FORMEN.<\/span><\/strong><\/em><\/p>\n<p>&nbsp;<\/p>\n<h6><span style=\"color: #0000ff\">L\u00c4XA<br \/>\n<\/span><br \/>\nBoken sida 40 \u00f6vning 4: a\/b&#8230;&#8230;&#8230;.ME GUSTA\/ ME GUSTAN<\/h6>\n<h6>Boken sida 41 \u00f6vning \u00a07 a &#8230;&#8230;&#8230; meningar med alla Verb AR\/IR\/ER<\/h6>\n<h6>Boken sida 41 \u00f6vning 8 a&#8230;&#8230;. fr\u00e5ga ord med USTED<\/h6>\n<h3><strong><span style=\"color: #ff0000\">RESPUESTAS<\/span><\/strong><\/h3>\n<p><strong><span style=\"color: #800000\">40.- a<\/span><\/strong> Me gusta la paella , Me gusta el vino ,Me gusta la playa, Me gustan los cocodrilos, Me gustan las fiestas<\/p>\n<p><strong><span style=\"color: #800000\">40.-b<\/span> <\/strong>No me gusta la coca cola, no me gusta el caf\u00e9, no me gusta el f\u00fatbol<\/p>\n<p><strong><span style=\"color: #800000\">41.- 7a<\/span><\/strong>.- Yo leo en casa un mail<\/p>\n<p>nosotros escribimos mucho<\/p>\n<p>ustedes trabajan en la universidad<\/p>\n<p>Pablo y t\u00fa cocinan en casa<\/p>\n<p>Pepa vive en la costa\u00a0 ETC&#8230;&#8230;<\/p>\n<p><strong><span style=\"color: #800000\">41.- 8.-<\/span><\/strong> \u00bfC\u00f3mo se llama usted?, \u00bfD\u00f3nde vive usted?, \u00bfD\u00f3nde est\u00e1 Nicaragua? \u00bfVive en la capital?, \u00bfEst\u00e1 casada?, \u00bfC\u00f3mo se llama su marido?, \u00bfTiene usted hijos?, \u00bfEn qu\u00e9 trabaja usted?, \u00bfC\u00f3mo es su trabajo?, \u00bfVive usted en el centro de la ciudad?<\/p>\n<p>&nbsp;<\/p>\n","protected":false},"excerpt":{"rendered":"<p>Hola Chicos clase n\u00fam\u00a0 N\u00fameros \u00a0 100 till 100 000 &#8230;&#8230;.ni fick en kopia men siffror \u00f6va hem med de Verbos AR\/ \u00a0 \u00a0 \u00a0 \u00a0 \u00a0 \u00a0 \u00a0 \u00a0 IR\/ \u00a0 \u00a0 \u00a0 \u00a0 \u00a0 \u00a0 \u00a0 \u00a0 \u00a0 \u00a0 \u00a0ER O \u00a0 \u00a0 \u00a0 \u00a0 \u00a0 \u00a0 \u00a0 \u00a0 \u00a0 \u00a0 O \u00a0 &hellip; <a href=\"https:\/\/blogg.folkuniversitetet.nu\/velesa\/vecka-7\/\" class=\"more-link\">Forts\u00e4tt l\u00e4sa <span class=\"screen-reader-text\">SEM 7<\/span> <span class=\"meta-nav\">&rarr;<\/span><\/a><\/p>\n","protected":false},"author":825,"featured_media":0,"parent":0,"menu_order":0,"comment_status":"closed","ping_status":"closed","template":"","meta":{"footnotes":""},"class_list":["post-190","page","type-page","status-publish","hentry"],"_links":{"self":[{"href":"https:\/\/blogg.folkuniversitetet.nu\/velesa\/wp-json\/wp\/v2\/pages\/190","targetHints":{"allow":["GET"]}}],"collection":[{"href":"https:\/\/blogg.folkuniversitetet.nu\/velesa\/wp-json\/wp\/v2\/pages"}],"about":[{"href":"https:\/\/blogg.folkuniversitetet.nu\/velesa\/wp-json\/wp\/v2\/types\/page"}],"author":[{"embeddable":true,"href":"https:\/\/blogg.folkuniversitetet.nu\/velesa\/wp-json\/wp\/v2\/users\/825"}],"replies":[{"embeddable":true,"href":"https:\/\/blogg.folkuniversitetet.nu\/velesa\/wp-json\/wp\/v2\/comments?post=190"}],"version-history":[{"count":7,"href":"https:\/\/blogg.folkuniversitetet.nu\/velesa\/wp-json\/wp\/v2\/pages\/190\/revisions"}],"predecessor-version":[{"id":782,"href":"https:\/\/blogg.folkuniversitetet.nu\/velesa\/wp-json\/wp\/v2\/pages\/190\/revisions\/782"}],"wp:attachment":[{"href":"https:\/\/blogg.folkuniversitetet.nu\/velesa\/wp-json\/wp\/v2\/media?parent=190"}],"curies":[{"name":"wp","href":"https:\/\/api.w.org\/{rel}","templated":true}]}}