{"id":148,"date":"2020-10-21T20:33:16","date_gmt":"2020-10-21T18:33:16","guid":{"rendered":"http:\/\/blogg.folkuniversitetet.nu\/velesa\/?page_id=148"},"modified":"2022-03-29T10:26:22","modified_gmt":"2022-03-29T08:26:22","slug":"vecka-6-2","status":"publish","type":"page","link":"https:\/\/blogg.folkuniversitetet.nu\/velesa\/vecka-6-2\/","title":{"rendered":"SEM 6"},"content":{"rendered":"<h2><span style=\"color: #ff9900\">Hola Chicos\u00a0<\/span><\/h2>\n<p>Clase 6<\/p>\n<h6>Vi gick genom sidor <span style=\"color: #800000\">23 till 28<\/span><\/h6>\n<h5>lite mer med artiklar <span style=\"color: #ff6600\">Un\/unos\u00a0 \u00a0Una\/Unas\u00a0 \u00a0 \u00a0El\/Los\u00a0 \u00a0 La\/Las<\/span><\/h5>\n<p>Plurales: La ni\u00f1a &#8211;las ni\u00f1as, la madre &#8211;las madres,\u00a0 el italiano&#8211;los italiano\u00a0 etc.<\/p>\n<h3><span style=\"color: #0000ff\">Verbos:<\/span><\/h3>\n<p><strong><span style=\"color: #ff0000\">\u00a0 \u00a0 \u00a0 \u00a0 \u00a0AR\u00a0 \u00a0<\/span> <\/strong>\u00a0 \u00a0 \u00a0 \u00a0 \u00a0 \u00a0 \u00a0 \u00a0 \u00a0 \u00a0 \u00a0 \u00a0 \u00a0 \u00a0 \u00a0 \u00a0 \u00a0 \u00a0 \u00a0 \u00a0 \u00a0 \u00a0 \u00a0 \u00a0 \u00a0 \u00a0 \u00a0 \u00a0 \u00a0 \u00a0 \u00a0<span style=\"color: #ff0000\"><strong>ER\u00a0 \u00a0 \u00a0 \u00a0 \u00a0<\/strong><\/span> \u00a0 \u00a0 \u00a0 \u00a0 \u00a0 \u00a0 \u00a0 \u00a0 <strong><span style=\"color: #ff0000\">IR<\/span><\/strong><\/p>\n<p>Yo trabaj<span style=\"color: #ff00ff\">o\u00a0<\/span> \u00a0 \u00a0 \u00a0 \u00a0 \u00a0 \u00a0 \u00a0 \u00a0 \u00a0 \u00a0 \u00a0 \u00a0 \u00a0 \u00a0 \u00a0 \u00a0 \u00a0 \u00a0 \u00a0 \u00a0 \u00a0 \u00a0 \u00a0 \u00a0 \u00a0 \u00a0 \u00a0 Com<span style=\"color: #008000\">o<\/span>\u00a0 \u00a0 \u00a0 \u00a0 \u00a0 \u00a0 \u00a0 \u00a0 \u00a0 \u00a0 \u00a0 \u00a0Viv<span style=\"color: #0000ff\">o<\/span><\/p>\n<p>T\u00fa trabaj<span style=\"color: #ff00ff\">as\u00a0<\/span> \u00a0 \u00a0 \u00a0 \u00a0 \u00a0 \u00a0 \u00a0 \u00a0 \u00a0 \u00a0 \u00a0 \u00a0 \u00a0 \u00a0 \u00a0 \u00a0 \u00a0 \u00a0 \u00a0 \u00a0 \u00a0 \u00a0 \u00a0 \u00a0 \u00a0 \u00a0Com<span style=\"color: #008000\">es\u00a0<\/span> \u00a0 \u00a0 \u00a0 \u00a0 \u00a0 \u00a0 \u00a0 \u00a0 \u00a0 \u00a0 Viv<span style=\"color: #0000ff\">es<\/span><\/p>\n<p>\u00c9l, Ell, Usted trabaj<span style=\"color: #ff00ff\">a\u00a0 \u00a0<\/span> \u00a0 \u00a0 \u00a0 \u00a0 \u00a0 \u00a0 \u00a0 \u00a0 \u00a0 \u00a0 \u00a0 \u00a0 \u00a0 \u00a0 \u00a0 \u00a0Com<span style=\"color: #008000\">e\u00a0 \u00a0<\/span> \u00a0 \u00a0 \u00a0 \u00a0 \u00a0 \u00a0 \u00a0 \u00a0 \u00a0 \u00a0 Viv<span style=\"color: #0000ff\">e<\/span><\/p>\n<p>Nosotros Trabaj<span style=\"color: #ff00ff\">amos\u00a0<\/span> \u00a0 \u00a0 \u00a0 \u00a0 \u00a0 \u00a0 \u00a0 \u00a0 \u00a0 \u00a0 \u00a0 \u00a0 \u00a0 \u00a0 \u00a0 Com<span style=\"color: #008000\">emos\u00a0 \u00a0<\/span> \u00a0 \u00a0 \u00a0 \u00a0 \u00a0 \u00a0Viv<span style=\"color: #0000ff\">imos<\/span><\/p>\n<p>Vosotros Trabaj<span style=\"color: #ff00ff\">a\u00eds\u00a0 \u00a0<\/span> \u00a0 \u00a0 \u00a0 \u00a0 \u00a0 \u00a0 \u00a0 \u00a0 \u00a0 \u00a0 \u00a0 \u00a0 \u00a0 \u00a0 \u00a0 \u00a0 \u00a0 Com<span style=\"color: #008000\">e\u00eds\u00a0 \u00a0<\/span> \u00a0 \u00a0 \u00a0 \u00a0 \u00a0 \u00a0 \u00a0 \u00a0 \u00a0Viv<span style=\"color: #0000ff\">\u00eds<\/span><\/p>\n<p>Ellos\/ellas\/ustedes Trabaj<span style=\"color: #ff00ff\">an\u00a0<\/span> \u00a0 \u00a0 \u00a0 \u00a0 \u00a0 \u00a0 \u00a0 \u00a0Com<span style=\"color: #008000\">en\u00a0 \u00a0<\/span> \u00a0 \u00a0 \u00a0 \u00a0 \u00a0 \u00a0 \u00a0 \u00a0 \u00a0 Viv<span style=\"color: #0000ff\">en<\/span><\/p>\n<p>GL\u00d6M INTE : LLAM<strong><span style=\"color: #ff0000\">ARSE<\/span><\/strong>, VEST<strong><span style=\"color: #ff0000\">IRSE<\/span><\/strong>, DUCH<strong><span style=\"color: #ff0000\">ARSE<\/span><\/strong>, LEVANT<strong><span style=\"color: #ff0000\">ARSE\u00a0<\/span> <\/strong>ETC.<\/p>\n<p>VERB SOM SLUTAR ALLTID I GRUND FORMEN MED <strong><span style=\"color: #ff0000\">SE<\/span> <\/strong>SKA NI PLACERAS:<\/p>\n<h6>Yo <strong><span style=\"color: #ff0000\">me\u00a0<\/span><\/strong><\/h6>\n<h6>t\u00fa<span style=\"color: #ff0000\"> <strong>te\u00a0<\/strong><\/span><\/h6>\n<h6>\u00e9l, ella, usted\u00a0<strong><span style=\"color: #ff0000\"> se<\/span><\/strong><\/h6>\n<h6>nosotros <strong><span style=\"color: #ff0000\">nos\u00a0<\/span><\/strong><\/h6>\n<h6>vosotros <strong><span style=\"color: #ff0000\">os<\/span><\/strong><\/h6>\n<h6>ellos\/ellas\/ustedes <strong><span style=\"color: #ff0000\">se<\/span><\/strong><\/h6>\n<h6><span style=\"color: #000000\">Ni fick nagra kopior de<\/span> \u00e4r <span style=\"color: #800000\"><strong><em>INTE L\u00c4XA!!!!!<\/em><\/strong><\/span><\/h6>\n<h5><strong><span style=\"color: #ff0000\">L\u00e4xa: boken sida 27<\/span><\/strong><\/h5>\n<p>n\u00fam.<span style=\"color: #0000ff\"><strong> 7<\/strong> <\/span>a\u00a0 och\u00a0 \u00a0b,<\/p>\n<h4><span style=\"color: #ff0000\"><strong>L\u00e4xa boken sida 28<\/strong><\/span><\/h4>\n<p><strong><span style=\"color: #0000ff\">9.<\/span><\/strong>&#8211; anv\u00e4nd fr\u00e4ga ord och 6 st\u00e4lla 6 fragor : \u00bfQu\u00e9? \u00a1De D\u00f3nde? \u00bfA d\u00f3nde? \u00bfD\u00f3nde? \u00bfC\u00f3mo? \u00bfCu\u00e1nto?<\/p>\n<p>8.- Vi gjorde 8a\/b g\u00f6r hemma c<strong><span style=\"color: #ff0000\"> INTE L\u00c4XA<\/span><\/strong> det \u00e4r f\u00f6r att ni kan \u00f6va lite mer hemma\u00a0 \u00a0r<\/p>\n<p><em><span style=\"color: #ff6600\"><strong>***JAG HAR SETT I VARA\u00a0 KALENDER OCH VI HAR LEKTION SOM V\u00c1NLIGT S\u00c4 VI SES N\u00c4STA VECKA CHICOS***<\/strong><\/span><\/em><\/p>\n<p>link<\/p>\n<p><a href=\"http:\/\/blogg.folkuniversitetet.nu\/velesa\/files\/2020\/10\/nyborjare-caminando-clase-6.pdf\">nyborjare caminando clase 6<\/a><\/p>\n<h3><span style=\"color: #0000ff\">SVAREN TILL L\u00c4XA<\/span><\/h3>\n<p>7.- A\u00a0 \u00a0 \u00a01.-B\u00a0 \u00a02.- F\u00a0 \u00a03.-I\u00a0 \u00a04.-E\u00a0 \u00a05.-D\u00a0 \u00a06.-A\u00a0 \u00a07.-G\u00a0 \u00a08.-J\u00a0 \u00a09.-C\u00a0 \u00a010.-H<\/p>\n<p>7.- B\u00a0 \u00a0 \u00a0 1.-En J\u00e1vea\u00a0 2.- Al sur de Valencia\u00a0 \u00a0 3.- De Marruecos\u00a0 \u00a0 4.-Espa\u00f1ol, \u00c1rabe y un poco de Ingl\u00e9s\u00a0 \u00a0 5.- 18 a\u00f1os\u00a0 \u00a0 6.- Se llama Muna\u00a0 \u00a0 7.- Tiene 12 a\u00f1os\u00a0 \u00a0 8.- Educaci\u00f3n F\u00edsica\u00a0 \u00a09.-\u00c9l Estudia\u00a0 \u00a0 10.-F\u00fatbol<\/p>\n<p>L\u00e4xa num 9.-<\/p>\n<p>Entrevistador: Hola Pedro<\/p>\n<p>Pedro Almod\u00f3var: Hola buenas tardes \u00bfC\u00f3mo est\u00e1 usted?<\/p>\n<p>Entrevistador: Muy bien Gracias, Pedro \u00bfDe d\u00f3nde es usted?<\/p>\n<p>Pedro: De Calzada de Calatrava<\/p>\n<p>Entrevistador: \u00bfCu\u00e1ntos a\u00f1os tiene trabajando en cine Pedro?<\/p>\n<p>Pedro: uyyyyy muchos ya no me acuerdo<\/p>\n<p>Entrevistador: \u00bfQu\u00e9 pel\u00edculas ganaron los oscares?<\/p>\n<p>Pedro: Todo sobre mi madre y Hable con ella<\/p>\n<p>&#8230;&#8230;&#8230;&#8230;&#8230;&#8230;&#8230;&#8230;&#8230;&#8230;&#8230;&#8230;&#8230;&#8230;&#8230;&#8230;&#8230;&#8230;&#8230;&#8230;&#8230;&#8230;&#8230;&#8230;&#8230;.ETC<\/p>\n<p>&nbsp;<\/p>\n<p>&nbsp;<\/p>\n<p>&nbsp;<\/p>\n<p>&nbsp;<\/p>\n<p>&nbsp;<\/p>\n","protected":false},"excerpt":{"rendered":"<p>Hola Chicos\u00a0 Clase 6 Vi gick genom sidor 23 till 28 lite mer med artiklar Un\/unos\u00a0 \u00a0Una\/Unas\u00a0 \u00a0 \u00a0El\/Los\u00a0 \u00a0 La\/Las Plurales: La ni\u00f1a &#8211;las ni\u00f1as, la madre &#8211;las madres,\u00a0 el italiano&#8211;los italiano\u00a0 etc. Verbos: \u00a0 \u00a0 \u00a0 \u00a0 \u00a0AR\u00a0 \u00a0 \u00a0 \u00a0 \u00a0 \u00a0 \u00a0 \u00a0 \u00a0 \u00a0 \u00a0 \u00a0 \u00a0 \u00a0 \u00a0 \u00a0 &hellip; <a href=\"https:\/\/blogg.folkuniversitetet.nu\/velesa\/vecka-6-2\/\" class=\"more-link\">Forts\u00e4tt l\u00e4sa <span class=\"screen-reader-text\">SEM 6<\/span> <span class=\"meta-nav\">&rarr;<\/span><\/a><\/p>\n","protected":false},"author":825,"featured_media":0,"parent":0,"menu_order":0,"comment_status":"closed","ping_status":"closed","template":"","meta":{"footnotes":""},"class_list":["post-148","page","type-page","status-publish","hentry"],"_links":{"self":[{"href":"https:\/\/blogg.folkuniversitetet.nu\/velesa\/wp-json\/wp\/v2\/pages\/148","targetHints":{"allow":["GET"]}}],"collection":[{"href":"https:\/\/blogg.folkuniversitetet.nu\/velesa\/wp-json\/wp\/v2\/pages"}],"about":[{"href":"https:\/\/blogg.folkuniversitetet.nu\/velesa\/wp-json\/wp\/v2\/types\/page"}],"author":[{"embeddable":true,"href":"https:\/\/blogg.folkuniversitetet.nu\/velesa\/wp-json\/wp\/v2\/users\/825"}],"replies":[{"embeddable":true,"href":"https:\/\/blogg.folkuniversitetet.nu\/velesa\/wp-json\/wp\/v2\/comments?post=148"}],"version-history":[{"count":9,"href":"https:\/\/blogg.folkuniversitetet.nu\/velesa\/wp-json\/wp\/v2\/pages\/148\/revisions"}],"predecessor-version":[{"id":779,"href":"https:\/\/blogg.folkuniversitetet.nu\/velesa\/wp-json\/wp\/v2\/pages\/148\/revisions\/779"}],"wp:attachment":[{"href":"https:\/\/blogg.folkuniversitetet.nu\/velesa\/wp-json\/wp\/v2\/media?parent=148"}],"curies":[{"name":"wp","href":"https:\/\/api.w.org\/{rel}","templated":true}]}}