{"id":100,"date":"2020-09-30T11:20:34","date_gmt":"2020-09-30T09:20:34","guid":{"rendered":"http:\/\/blogg.folkuniversitetet.nu\/velesa\/?page_id=100"},"modified":"2022-03-29T10:24:13","modified_gmt":"2022-03-29T08:24:13","slug":"vecka-3-2","status":"publish","type":"page","link":"https:\/\/blogg.folkuniversitetet.nu\/velesa\/vecka-3-2\/","title":{"rendered":"SEM 3"},"content":{"rendered":"<p>Hola Chicos<\/p>\n<p>Vi arbetade med <strong><span style=\"color: #993366\">PA\u00cdSES Y CAPITALES<\/span><\/strong><\/p>\n<p><span style=\"color: #ff0000\">SUECIA: ESTOCOLMO<\/span>\u00a0 \u00a0 \u00a0 \u00a0<span style=\"color: #0000ff\">ESPA\u00d1A: MADRID<\/span>\u00a0 \u00a0 \u00a0 \u00a0 \u00a0 <span style=\"color: #800000\">INLGLATERRA: LONDRES<\/span>\u00a0 \u00a0 <span style=\"color: #666699\">FRANCIA: PARIS<\/span><\/p>\n<p><strong><span style=\"color: #ff6600\">Nacionalidades<\/span><\/strong>&#8230;&#8230;&#8230;.\u00a0 Ni fick en kopia.\u00a0 Ni ska arbeta hemma med <strong><span style=\"color: #ff6600\">Nacionalidades<\/span><\/strong><\/p>\n<p>Suecia: Sueco\/ Sueca\u00a0 \u00a0Espa\u00f1a: Espa\u00f1ol\/ Espa\u00f1ola\u00a0 Inglaterra: Ingl\u00e9s\/Inglesa<\/p>\n<p>Boken: Sida 15: Comprensi\u00f3n del texto<\/p>\n<h5><strong><span style=\"color: #ff0000\">FRAGA ORD<\/span><\/strong><\/h5>\n<p><strong><span style=\"color: #800080\">\u00bfQU\u00c9? \u00bfC\u00d3MO? \u00bfD\u00d3NDE? \u00bfDE D\u00d3NDE? \u00bfCU\u00c1NTOS? \u00bfQUIEN?<\/span><\/strong><\/p>\n<h4><strong><span style=\"color: #ff0000\">L\u00c4XA\/TAREA<\/span><\/strong><\/h4>\n<p>P\u00c1GINA 17<\/p>\n<p>1.-NI SKA G\u00d6RA EN DIALOG MED AS\u00cd SE DICE<\/p>\n<p>2.- NO SKA G\u00d6RA EN DIALOG MED FRASER MED ATT GE PERSONLIG INFORMATION<\/p>\n<p>F\u00d6RS\u00d6K ATT G\u00d6RA l\u00c4NGA DIALOGER<\/p>\n<p>&nbsp;<\/p>\n<p>&nbsp;<\/p>\n","protected":false},"excerpt":{"rendered":"<p>Hola Chicos Vi arbetade med PA\u00cdSES Y CAPITALES SUECIA: ESTOCOLMO\u00a0 \u00a0 \u00a0 \u00a0ESPA\u00d1A: MADRID\u00a0 \u00a0 \u00a0 \u00a0 \u00a0 INLGLATERRA: LONDRES\u00a0 \u00a0 FRANCIA: PARIS Nacionalidades&#8230;&#8230;&#8230;.\u00a0 Ni fick en kopia.\u00a0 Ni ska arbeta hemma med Nacionalidades Suecia: Sueco\/ Sueca\u00a0 \u00a0Espa\u00f1a: Espa\u00f1ol\/ Espa\u00f1ola\u00a0 Inglaterra: Ingl\u00e9s\/Inglesa Boken: Sida 15: Comprensi\u00f3n del texto FRAGA ORD \u00bfQU\u00c9? \u00bfC\u00d3MO? \u00bfD\u00d3NDE? \u00bfDE D\u00d3NDE? &hellip; <a href=\"https:\/\/blogg.folkuniversitetet.nu\/velesa\/vecka-3-2\/\" class=\"more-link\">Forts\u00e4tt l\u00e4sa <span class=\"screen-reader-text\">SEM 3<\/span> <span class=\"meta-nav\">&rarr;<\/span><\/a><\/p>\n","protected":false},"author":825,"featured_media":0,"parent":0,"menu_order":0,"comment_status":"closed","ping_status":"closed","template":"","meta":{"footnotes":""},"class_list":["post-100","page","type-page","status-publish","hentry"],"_links":{"self":[{"href":"https:\/\/blogg.folkuniversitetet.nu\/velesa\/wp-json\/wp\/v2\/pages\/100","targetHints":{"allow":["GET"]}}],"collection":[{"href":"https:\/\/blogg.folkuniversitetet.nu\/velesa\/wp-json\/wp\/v2\/pages"}],"about":[{"href":"https:\/\/blogg.folkuniversitetet.nu\/velesa\/wp-json\/wp\/v2\/types\/page"}],"author":[{"embeddable":true,"href":"https:\/\/blogg.folkuniversitetet.nu\/velesa\/wp-json\/wp\/v2\/users\/825"}],"replies":[{"embeddable":true,"href":"https:\/\/blogg.folkuniversitetet.nu\/velesa\/wp-json\/wp\/v2\/comments?post=100"}],"version-history":[{"count":6,"href":"https:\/\/blogg.folkuniversitetet.nu\/velesa\/wp-json\/wp\/v2\/pages\/100\/revisions"}],"predecessor-version":[{"id":776,"href":"https:\/\/blogg.folkuniversitetet.nu\/velesa\/wp-json\/wp\/v2\/pages\/100\/revisions\/776"}],"wp:attachment":[{"href":"https:\/\/blogg.folkuniversitetet.nu\/velesa\/wp-json\/wp\/v2\/media?parent=100"}],"curies":[{"name":"wp","href":"https:\/\/api.w.org\/{rel}","templated":true}]}}