{"id":56,"date":"2014-03-02T17:46:13","date_gmt":"2014-03-02T17:46:13","guid":{"rendered":"http:\/\/blogg.folkuniversitetet.nu\/sugisu\/?page_id=56"},"modified":"2014-09-01T09:30:22","modified_gmt":"2014-09-01T08:30:22","slug":"nyttiga-verktyg","status":"publish","type":"page","link":"https:\/\/blogg.folkuniversitetet.nu\/sugisu3\/nyttiga-verktyg\/","title":{"rendered":"Nyttiga verktyg &amp; l\u00e4nkar"},"content":{"rendered":"<h3>iPad appar:<\/h3>\n<ol>\n<li><strong><span style=\"color: #008000\">Explain Everything<\/span><\/strong><br \/>\n<a href=\"https:\/\/itunes.apple.com\/en\/app\/explain-everything\/id431493086?mt=8\" target=\"_blank\">https:\/\/itunes.apple.com\/en\/app\/explain-everything\/id431493086?mt=8<br \/>\n<\/a>video:\u00a0<a href=\"http:\/\/youtu.be\/b00ZeszvjP4\" target=\"_blank\">http:\/\/youtu.be\/b00ZeszvjP4<\/a><\/li>\n<li><strong><span style=\"color: #008000\">Notability<\/span><\/strong><br \/>\n<a href=\"https:\/\/itunes.apple.com\/us\/app\/notability\/id360593530?mt=8\" target=\"_blank\">https:\/\/itunes.apple.com\/us\/app\/notability\/id360593530?mt=8<br \/>\n<\/a>video:\u00a0<a href=\"http:\/\/youtu.be\/wV7-3MGIF0s\" target=\"_blank\">http:\/\/youtu.be\/wV7-3MGIF0s<\/a><\/li>\n<\/ol>\n<h3>N\u00e4tbaserade verktyg:<\/h3>\n<ol>\n<li><strong><span style=\"color: #008000\">Goanimate<\/span><\/strong><br \/>\n<a href=\"http:\/\/goanimate.com\" target=\"_blank\">http:\/\/goanimate.com<br \/>\n<\/a>video:\u00a0<a href=\"http:\/\/goanimate.com\/video-maker-tips\/how-to-make-a-video\/\" target=\"_blank\">http:\/\/goanimate.com\/video-maker-tips\/how-to-make-a-video\/<\/a><\/li>\n<\/ol>\n<p>&nbsp;<\/p>\n<h3>\u00d6vriga appar:<\/h3>\n<ol>\n<li><strong><span style=\"color: #008000\">Tellagami<\/span><\/strong><br \/>\n<a href=\"https:\/\/itunes.apple.com\/nz\/app\/tellagami\/id572737805?mt=8\">https:\/\/itunes.apple.com\/nz\/app\/tellagami\/id572737805?mt=8<\/a><\/li>\n<\/ol>\n<p>Jag har letat efter en animation app som kan ers\u00e4tta GoAnimate. Inte riktigt som jag f\u00f6rv\u00e4ntat mig, men den kan s\u00e4kert anv\u00e4ndas p\u00e5 ett annat s\u00e4tt.<\/p>\n<p><a href=\"http:\/\/blogg.folkuniversitetet.nu\/sugisu3\/files\/2014\/03\/photo-300x225.png\"><img loading=\"lazy\" decoding=\"async\" class=\"size-full wp-image-537 aligncenter\" src=\"http:\/\/blogg.folkuniversitetet.nu\/sugisu3\/files\/2014\/03\/photo-300x225.png\" alt=\"photo-300x225\" width=\"300\" height=\"225\" \/><\/a><\/p>\n<p>&nbsp;<\/p>\n<h3>Nyttiga l\u00e4nkar:<\/h3>\n<ol>\n<li><strong><span style=\"color: #0000ff\">Kom ig\u00e5ng med iPad<\/span><\/strong><br \/>\n<a title=\"Kom ig\u00e5ng med iPad\" href=\"http:\/\/www.resurs.folkbildning.net\/resurser\/amnen\/folkbildning\/utbildning1\/sarskilda-behov\/grunderna-for-ipad2\/\" target=\"_blank\">http:\/\/www.resurs.folkbildning.net\/resurser\/amnen\/folkbildning\/utbildning1\/sarskilda-behov\/grunderna-for-ipad2\/<\/a><\/li>\n<\/ol>\n","protected":false},"excerpt":{"rendered":"<p>iPad appar: Explain Everything <a href=\"https:\/\/itunes.apple.com\/en\/app\/explain-everything\/id431493086?mt=8\" target=\"_blank\">https:\/\/itunes.apple.com\/en\/app\/explain-everything\/id431493086?mt=8 <\/a>video:\u00a0<a href=\"http:\/\/youtu.be\/b00ZeszvjP4\" target=\"_blank\">http:\/\/youtu.be\/b00ZeszvjP4<\/a> Notability <a href=\"https:\/\/itunes.apple.com\/us\/app\/notability\/id360593530?mt=8\" target=\"_blank\">https:\/\/itunes.apple.com\/us\/app\/notability\/id360593530?mt=8 <\/a>video:\u00a0<a href=\"http:\/\/youtu.be\/wV7-3MGIF0s\" target=\"_blank\">http:\/\/youtu.be\/wV7-3MGIF0s<\/a> N\u00e4tbaserade verktyg: Goanimate <a href=\"http:\/\/goanimate.com\" target=\"_blank\">http:\/\/goanimate.com <\/a>video:\u00a0<a href=\"http:\/\/goanimate.com\/video-maker-tips\/how-to-make-a-video\/\" target=\"_blank\">http:\/\/goanimate.com\/video-maker-tips\/how-to-make-a-video\/<\/a> &nbsp; \u00d6vriga appar: Tellagami <a href=\"https:\/\/itunes.apple.com\/nz\/app\/tellagami\/id572737805?mt=8\">https:\/\/itunes.apple.com\/nz\/app\/tellagami\/id572737805?mt=8<\/a> Jag har letat efter en animation app som kan ers\u00e4tta GoAnimate. Inte riktigt som jag f\u00f6rv\u00e4ntat mig, men den kan s\u00e4kert anv\u00e4ndas p\u00e5 [&#8230;]<\/p>\n","protected":false},"author":4,"featured_media":0,"parent":0,"menu_order":0,"comment_status":"open","ping_status":"open","template":"","meta":{"footnotes":""},"class_list":["post-56","page","type-page","status-publish","hentry"],"_links":{"self":[{"href":"https:\/\/blogg.folkuniversitetet.nu\/sugisu3\/wp-json\/wp\/v2\/pages\/56","targetHints":{"allow":["GET"]}}],"collection":[{"href":"https:\/\/blogg.folkuniversitetet.nu\/sugisu3\/wp-json\/wp\/v2\/pages"}],"about":[{"href":"https:\/\/blogg.folkuniversitetet.nu\/sugisu3\/wp-json\/wp\/v2\/types\/page"}],"author":[{"embeddable":true,"href":"https:\/\/blogg.folkuniversitetet.nu\/sugisu3\/wp-json\/wp\/v2\/users\/4"}],"replies":[{"embeddable":true,"href":"https:\/\/blogg.folkuniversitetet.nu\/sugisu3\/wp-json\/wp\/v2\/comments?post=56"}],"version-history":[{"count":8,"href":"https:\/\/blogg.folkuniversitetet.nu\/sugisu3\/wp-json\/wp\/v2\/pages\/56\/revisions"}],"predecessor-version":[{"id":539,"href":"https:\/\/blogg.folkuniversitetet.nu\/sugisu3\/wp-json\/wp\/v2\/pages\/56\/revisions\/539"}],"wp:attachment":[{"href":"https:\/\/blogg.folkuniversitetet.nu\/sugisu3\/wp-json\/wp\/v2\/media?parent=56"}],"curies":[{"name":"wp","href":"https:\/\/api.w.org\/{rel}","templated":true}]}}