{"id":540,"date":"2014-09-03T09:04:40","date_gmt":"2014-09-03T08:04:40","guid":{"rendered":"http:\/\/blogg.folkuniversitetet.nu\/sugisu3\/?page_id=540"},"modified":"2014-09-03T09:19:01","modified_gmt":"2014-09-03T08:19:01","slug":"kopiering-inom-folkbildningsforbundets-studieverksamhet","status":"publish","type":"page","link":"https:\/\/blogg.folkuniversitetet.nu\/sugisu3\/kopiering-inom-folkbildningsforbundets-studieverksamhet\/","title":{"rendered":"Kopiering inom Folkbildningsf\u00f6rbundets studieverksamhet"},"content":{"rendered":"<p><a href=\"http:\/\/www.bonuscopyright.se\/pages\/Folkbildningsforbundet\">http:\/\/www.bonuscopyright.se\/pages\/Folkbildningsforbundet<\/a><\/p>\n<h3><\/h3>\n<h3>&#8220;Cirkelledare f\u00e5r kopiera<\/h3>\n<div id=\"paragraph_2\" class=\"paragraph even\" style=\"color: #000000\">Avtalet ger cirkelledare, men inte cirkeldeltagare, r\u00e4tt att:<\/p>\n<ul>\n<li>Fotokopiera<\/li>\n<li>Skriva ut<\/li>\n<li>Framst\u00e4lla OH-bild<\/li>\n<li>Kopiera digitalt f\u00f6r att l\u00e4gga in i presentation, t.ex. PowerPoint (<span style=\"text-decoration: underline\">\u00e5h\u00f6rarkopior f\u00e5r enbart <span style=\"color: #ff0000;text-decoration: underline\">delas ut i pappersform<\/span><\/span>)&#8221;<\/li>\n<\/ul>\n<\/div>\n","protected":false},"excerpt":{"rendered":"<p><a href=\"http:\/\/www.bonuscopyright.se\/pages\/Folkbildningsforbundet\">http:\/\/www.bonuscopyright.se\/pages\/Folkbildningsforbundet<\/a> &#8220;Cirkelledare f\u00e5r kopiera Avtalet ger cirkelledare, men inte cirkeldeltagare, r\u00e4tt att: Fotokopiera Skriva ut Framst\u00e4lla OH-bild Kopiera digitalt f\u00f6r att l\u00e4gga in i presentation, t.ex. PowerPoint (\u00e5h\u00f6rarkopior f\u00e5r enbart delas ut i pappersform)&#8221;<\/p>\n","protected":false},"author":4,"featured_media":0,"parent":0,"menu_order":0,"comment_status":"open","ping_status":"open","template":"","meta":{"footnotes":""},"class_list":["post-540","page","type-page","status-publish","hentry"],"_links":{"self":[{"href":"https:\/\/blogg.folkuniversitetet.nu\/sugisu3\/wp-json\/wp\/v2\/pages\/540","targetHints":{"allow":["GET"]}}],"collection":[{"href":"https:\/\/blogg.folkuniversitetet.nu\/sugisu3\/wp-json\/wp\/v2\/pages"}],"about":[{"href":"https:\/\/blogg.folkuniversitetet.nu\/sugisu3\/wp-json\/wp\/v2\/types\/page"}],"author":[{"embeddable":true,"href":"https:\/\/blogg.folkuniversitetet.nu\/sugisu3\/wp-json\/wp\/v2\/users\/4"}],"replies":[{"embeddable":true,"href":"https:\/\/blogg.folkuniversitetet.nu\/sugisu3\/wp-json\/wp\/v2\/comments?post=540"}],"version-history":[{"count":1,"href":"https:\/\/blogg.folkuniversitetet.nu\/sugisu3\/wp-json\/wp\/v2\/pages\/540\/revisions"}],"predecessor-version":[{"id":542,"href":"https:\/\/blogg.folkuniversitetet.nu\/sugisu3\/wp-json\/wp\/v2\/pages\/540\/revisions\/542"}],"wp:attachment":[{"href":"https:\/\/blogg.folkuniversitetet.nu\/sugisu3\/wp-json\/wp\/v2\/media?parent=540"}],"curies":[{"name":"wp","href":"https:\/\/api.w.org\/{rel}","templated":true}]}}