{"id":479,"date":"2014-05-24T02:21:56","date_gmt":"2014-05-24T01:21:56","guid":{"rendered":"http:\/\/blogg.folkuniversitetet.nu\/sugisu\/?page_id=479"},"modified":"2014-05-24T02:21:56","modified_gmt":"2014-05-24T01:21:56","slug":"valj-copyright-free-bild","status":"publish","type":"page","link":"https:\/\/blogg.folkuniversitetet.nu\/sugisu3\/valj-copyright-free-bild\/","title":{"rendered":"V\u00e4lj copyright free bild!"},"content":{"rendered":"<p>Man kan l\u00e4tt hitta copyright free bilder p\u00e5 olika platser:<\/p>\n<p><strong><span style=\"color: #008000\">1) Google Images<\/span><\/strong><\/p>\n<p>Search tools &gt; More tools &gt; ditt val<\/p>\n<p><a href=\"http:\/\/blogg.folkuniversitetet.nu\/sugisu3\/files\/2014\/05\/11.jpg\"><img loading=\"lazy\" decoding=\"async\" class=\"aligncenter size-full wp-image-395\" src=\"http:\/\/blogg.folkuniversitetet.nu\/sugisu3\/files\/2014\/05\/11.jpg\" alt=\"1\" width=\"1000\" height=\"490\" srcset=\"https:\/\/blogg.folkuniversitetet.nu\/sugisu3\/files\/2014\/05\/11.jpg 1000w, https:\/\/blogg.folkuniversitetet.nu\/sugisu3\/files\/2014\/05\/11-300x147.jpg 300w\" sizes=\"auto, (max-width: 1000px) 100vw, 1000px\" \/><\/a><\/p>\n<p>2) <strong><span style=\"color: #008000\">Microsoft images<\/span><\/strong><\/p>\n<p><a href=\"http:\/\/office.microsoft.com\/en-us\/images\/business-CM079001906.aspx\">http:\/\/office.microsoft.com\/en-us\/images\/business-CM079001906.aspx<\/a><\/p>\n<p>3) <strong><span style=\"color: #008000\">GettyImages<\/span><\/strong><\/p>\n<p><a href=\"http:\/\/www.gettyimages.se\/creativeimages\/royaltyfree\">http:\/\/www.gettyimages.se\/creativeimages\/royaltyfree<\/a><\/p>\n<p>4) <strong><span style=\"color: #008000\">Wikimedia Commons<\/span><\/strong><\/p>\n<p><a href=\"http:\/\/commons.wikimedia.org\/wiki\/Main_Page\">http:\/\/commons.wikimedia.org\/wiki\/Main_Page<\/a><\/p>\n<p>5)\u00a0<span style=\"color: #008000\"><strong>Flickr<\/strong><\/span><\/p>\n<p><a href=\"https:\/\/www.flickr.com\/\">https:\/\/www.flickr.com\/<\/a><\/p>\n<p><a href=\"http:\/\/blogg.folkuniversitetet.nu\/sugisu3\/files\/2014\/05\/12.jpg\"><img loading=\"lazy\" decoding=\"async\" class=\"wp-image-461 aligncenter\" src=\"http:\/\/blogg.folkuniversitetet.nu\/sugisu3\/files\/2014\/05\/12.jpg\" alt=\"1\" width=\"448\" height=\"222\" srcset=\"https:\/\/blogg.folkuniversitetet.nu\/sugisu3\/files\/2014\/05\/12.jpg 700w, https:\/\/blogg.folkuniversitetet.nu\/sugisu3\/files\/2014\/05\/12-300x148.jpg 300w\" sizes=\"auto, (max-width: 448px) 100vw, 448px\" \/><\/a><\/p>\n<p><a href=\"http:\/\/blogg.folkuniversitetet.nu\/sugisu3\/files\/2014\/05\/3.jpg\"><img loading=\"lazy\" decoding=\"async\" class=\"wp-image-462 aligncenter\" src=\"http:\/\/blogg.folkuniversitetet.nu\/sugisu3\/files\/2014\/05\/3.jpg\" alt=\"3\" width=\"443\" height=\"219\" srcset=\"https:\/\/blogg.folkuniversitetet.nu\/sugisu3\/files\/2014\/05\/3.jpg 700w, https:\/\/blogg.folkuniversitetet.nu\/sugisu3\/files\/2014\/05\/3-300x148.jpg 300w\" sizes=\"auto, (max-width: 443px) 100vw, 443px\" \/><\/a><\/p>\n","protected":false},"excerpt":{"rendered":"<p>Man kan l\u00e4tt hitta copyright free bilder p\u00e5 olika platser: 1) Google Images Search tools &gt; More tools &gt; ditt val <a href=\"http:\/\/blogg.folkuniversitetet.nu\/sugisu3\/files\/2014\/05\/11.jpg\"><\/a> 2) Microsoft images <a href=\"http:\/\/office.microsoft.com\/en-us\/images\/business-CM079001906.aspx\">http:\/\/office.microsoft.com\/en-us\/images\/business-CM079001906.aspx<\/a> 3) GettyImages <a href=\"http:\/\/www.gettyimages.se\/creativeimages\/royaltyfree\">http:\/\/www.gettyimages.se\/creativeimages\/royaltyfree<\/a> 4) Wikimedia Commons <a href=\"http:\/\/commons.wikimedia.org\/wiki\/Main_Page\">http:\/\/commons.wikimedia.org\/wiki\/Main_Page<\/a> 5)\u00a0Flickr <a href=\"https:\/\/www.flickr.com\/\">https:\/\/www.flickr.com\/<\/a> <a href=\"http:\/\/blogg.folkuniversitetet.nu\/sugisu3\/files\/2014\/05\/12.jpg\"><\/a> <a href=\"http:\/\/blogg.folkuniversitetet.nu\/sugisu3\/files\/2014\/05\/3.jpg\"><\/a><\/p>\n","protected":false},"author":4,"featured_media":0,"parent":0,"menu_order":0,"comment_status":"open","ping_status":"open","template":"","meta":{"footnotes":""},"class_list":["post-479","page","type-page","status-publish","hentry"],"_links":{"self":[{"href":"https:\/\/blogg.folkuniversitetet.nu\/sugisu3\/wp-json\/wp\/v2\/pages\/479","targetHints":{"allow":["GET"]}}],"collection":[{"href":"https:\/\/blogg.folkuniversitetet.nu\/sugisu3\/wp-json\/wp\/v2\/pages"}],"about":[{"href":"https:\/\/blogg.folkuniversitetet.nu\/sugisu3\/wp-json\/wp\/v2\/types\/page"}],"author":[{"embeddable":true,"href":"https:\/\/blogg.folkuniversitetet.nu\/sugisu3\/wp-json\/wp\/v2\/users\/4"}],"replies":[{"embeddable":true,"href":"https:\/\/blogg.folkuniversitetet.nu\/sugisu3\/wp-json\/wp\/v2\/comments?post=479"}],"version-history":[{"count":1,"href":"https:\/\/blogg.folkuniversitetet.nu\/sugisu3\/wp-json\/wp\/v2\/pages\/479\/revisions"}],"predecessor-version":[{"id":481,"href":"https:\/\/blogg.folkuniversitetet.nu\/sugisu3\/wp-json\/wp\/v2\/pages\/479\/revisions\/481"}],"wp:attachment":[{"href":"https:\/\/blogg.folkuniversitetet.nu\/sugisu3\/wp-json\/wp\/v2\/media?parent=479"}],"curies":[{"name":"wp","href":"https:\/\/api.w.org\/{rel}","templated":true}]}}