{"id":280,"date":"2014-05-05T10:43:02","date_gmt":"2014-05-05T09:43:02","guid":{"rendered":"http:\/\/blogg.folkuniversitetet.nu\/sugisu\/?page_id=280"},"modified":"2014-05-24T08:37:54","modified_gmt":"2014-05-24T07:37:54","slug":"oppna-larresurser","status":"publish","type":"page","link":"https:\/\/blogg.folkuniversitetet.nu\/sugisu3\/modul-6-natpedagogik-2\/oppna-larresurser\/","title":{"rendered":"N\u00e4tpedagogik- Creative Commons"},"content":{"rendered":"<p><strong style=\"line-height: 1.5em\"><img decoding=\"async\" style=\"font-size: 14px;line-height: 1.5em\" title=\"\" src=\"http:\/\/sw.folkuniversitetet.se\/bluefield.templates\/cke_3.1\/plugins\/smiley\/images\/lightbulb.gif\" alt=\"\" \/><\/strong><span style=\"font-size: 14px;line-height: 1.5em\">\u00a0<\/span><span style=\"font-size: 14px;line-height: 1.231\">Under momentet koncentrerar vi oss p\u00e5 att praktiskt anv\u00e4nda olika verktyg och resurser som underl\u00e4ttar samarbete online. Utg\u00e5 fr\u00e5n egna behov, intressen och nya kunskaper och id\u00e9er som du har f\u00e5tt under kursen. Varf\u00f6r &#8220;uppfinna hjulet&#8221; om det redan finns f\u00e4rdigt material som du kan anv\u00e4nda? \ud83d\ude42<\/span><\/p>\n<h3 style=\"font-size: 13px\">M\u00e5l<\/h3>\n<ul>\n<li><span style=\"font-size: 12px;font-weight: normal;line-height: 1.231\">f\u00e5 insikt i vad <strong><span style=\"color: #0000ff\">Creative Commons<\/span><\/strong> inneb\u00e4r<\/span><\/li>\n<li><span style=\"line-height: 1.231;font-size: 12px;font-weight: normal\">praktiskt testa verktyg som kan vara l\u00e4mpliga att anv\u00e4ndas till n\u00e4tsamarbete<\/span><\/li>\n<li><span style=\"font-size: 12px;font-weight: normal;line-height: 1.231\">\u00f6kad f\u00f6rst\u00e5else f\u00f6r hur l\u00e4rande i digitala milj\u00f6er kan se ut och hur n\u00e4tresurser kan anv\u00e4ndas f\u00f6r att st\u00f6dja l\u00e4rande<\/span><\/li>\n<\/ul>\n<p>&nbsp;<\/p>\n<p>H\u00e4r hittar du dagens slides.<\/p>\n<p><span style=\"color: #0000ff\"><strong><a href=\"https:\/\/docs.google.com\/presentation\/d\/19cF1R90uaNiYayPOZVS84piuqW7bvx_JLmkTD5lLS5U\/edit?usp=sharing\"><span style=\"color: #0000ff\">Klicka h\u00e4r!<\/span><\/a><\/strong><\/span><\/p>\n<p>&nbsp;<\/p>\n<h3><span style=\"line-height: 1.5em\">Hemuppgifter: <\/span><\/h3>\n<p><span style=\"line-height: 1.231\">Titta p\u00e5 2 video och en text om &#8220;<\/span><strong style=\"line-height: 1.231\"><span style=\"color: #0000cd\">Creative Commons<\/span><\/strong><span style=\"line-height: 1.231\">&#8221; f\u00f6re tr\u00e4ffen!<\/span><\/p>\n<ul>\n<li>Klangs video<a href=\"http:\/\/youtu.be\/pY6O24yEcZs\"><br \/>\n<\/a><\/li>\n<\/ul>\n<p><iframe loading=\"lazy\" title=\"Vad l\u00e4rare beh\u00f6ver veta om Creative Commons\" width=\"500\" height=\"375\" src=\"https:\/\/www.youtube.com\/embed\/pY6O24yEcZs?feature=oembed\" frameborder=\"0\" allow=\"accelerometer; autoplay; clipboard-write; encrypted-media; gyroscope; picture-in-picture; web-share\" referrerpolicy=\"strict-origin-when-cross-origin\" allowfullscreen><\/iframe><\/p>\n<ul>\n<li>Creative Commons- en guide f\u00f6r l\u00e4rare (video)<a style=\"line-height: 1.5em\" href=\"http:\/\/youtu.be\/Yd9dP3vlOyk\"><br \/>\n<\/a><\/li>\n<\/ul>\n<p><iframe loading=\"lazy\" title=\"Vad \u00e4r Creative Commons? [Animated whiteboard film] |\u00a0Internetstiftelsen\" width=\"500\" height=\"281\" src=\"https:\/\/www.youtube.com\/embed\/Yd9dP3vlOyk?feature=oembed\" frameborder=\"0\" allow=\"accelerometer; autoplay; clipboard-write; encrypted-media; gyroscope; picture-in-picture; web-share\" referrerpolicy=\"strict-origin-when-cross-origin\" allowfullscreen><\/iframe><\/p>\n<p>&nbsp;<\/p>\n<h3>Uppgifter i fysiska tr\u00e4ffen:<\/h3>\n<p style=\"font-size: 13px\"><span style=\"line-height: 1.231\">1. V\u00e4lj 3 fr\u00e5gor f\u00f6r att diskutera i gruppen.<\/span><\/p>\n<p style=\"text-align: left;padding-left: 30px\">Q1:\u00a0<span style=\"line-height: 1.231\">Vilka f\u00f6rdelar och ev nackdelar ser du med den v\u00e4xande Dela-kulturen och informellt l\u00e4rande som Internet erbjuder?<\/span><\/p>\n<p style=\"text-align: left;padding-left: 30px\"><span style=\"line-height: 1.231\">Q2: Vilka resurser\/material har du behov av?<\/span><\/p>\n<p style=\"text-align: left;padding-left: 30px\"><span style=\"line-height: 1.231\">Q3: Vill du g\u00f6ra egna filmer eller vill du anv\u00e4nda f\u00e4rdiga filmer? Ge exempel!<\/span><\/p>\n<p style=\"text-align: left;padding-left: 30px\"><span style=\"line-height: 1.231\">Q4: Vill du informera deltagarna eller vill du visa n\u00e5got p\u00e5 din sk\u00e4rm? Vilka verktyg \u00e4r l\u00e4mpliga att anv\u00e4nda d\u00e5?\u00a0Ge exempel!<\/span><\/p>\n<p style=\"text-align: left;padding-left: 30px\"><span style=\"line-height: 1.231\">Q5: Har du behov\/nytta av att kunna live-s\u00e4nda en tr\u00e4ff?\u00a0Ge exempel!<\/span><\/p>\n<p style=\"text-align: left\"><span style=\"line-height: 1.231\">2. Redovisa resultaten under <\/span><span style=\"color: #008000\"><strong style=\"line-height: 1.231;font-style: normal\">Grupparbete<\/strong><\/span><span style=\"line-height: 1.231\">.<\/span><\/p>\n<p style=\"text-align: left\"><a href=\"http:\/\/blogg.folkuniversitetet.nu\/sugisu3\/files\/2014\/03\/obs.gif\"><img loading=\"lazy\" decoding=\"async\" class=\"size-full wp-image-162 alignleft\" src=\"http:\/\/blogg.folkuniversitetet.nu\/sugisu3\/files\/2014\/03\/obs.gif\" alt=\"obs\" width=\"28\" height=\"11\" \/><\/a>\u00a0Anv\u00e4nd g\u00e4rna bilder, videos, inte bara texter om det g\u00e5r.<\/p>\n","protected":false},"excerpt":{"rendered":"<p>\u00a0Under momentet koncentrerar vi oss p\u00e5 att praktiskt anv\u00e4nda olika verktyg och resurser som underl\u00e4ttar samarbete online. Utg\u00e5 fr\u00e5n egna behov, intressen och nya kunskaper och id\u00e9er som du har f\u00e5tt under kursen. Varf\u00f6r &#8220;uppfinna hjulet&#8221; om det redan finns f\u00e4rdigt material som du kan anv\u00e4nda? \ud83d\ude42 M\u00e5l f\u00e5 insikt i vad Creative Commons inneb\u00e4r [&#8230;]<\/p>\n","protected":false},"author":4,"featured_media":0,"parent":113,"menu_order":0,"comment_status":"open","ping_status":"open","template":"","meta":{"footnotes":""},"class_list":["post-280","page","type-page","status-publish","hentry"],"_links":{"self":[{"href":"https:\/\/blogg.folkuniversitetet.nu\/sugisu3\/wp-json\/wp\/v2\/pages\/280","targetHints":{"allow":["GET"]}}],"collection":[{"href":"https:\/\/blogg.folkuniversitetet.nu\/sugisu3\/wp-json\/wp\/v2\/pages"}],"about":[{"href":"https:\/\/blogg.folkuniversitetet.nu\/sugisu3\/wp-json\/wp\/v2\/types\/page"}],"author":[{"embeddable":true,"href":"https:\/\/blogg.folkuniversitetet.nu\/sugisu3\/wp-json\/wp\/v2\/users\/4"}],"replies":[{"embeddable":true,"href":"https:\/\/blogg.folkuniversitetet.nu\/sugisu3\/wp-json\/wp\/v2\/comments?post=280"}],"version-history":[{"count":24,"href":"https:\/\/blogg.folkuniversitetet.nu\/sugisu3\/wp-json\/wp\/v2\/pages\/280\/revisions"}],"predecessor-version":[{"id":483,"href":"https:\/\/blogg.folkuniversitetet.nu\/sugisu3\/wp-json\/wp\/v2\/pages\/280\/revisions\/483"}],"up":[{"embeddable":true,"href":"https:\/\/blogg.folkuniversitetet.nu\/sugisu3\/wp-json\/wp\/v2\/pages\/113"}],"wp:attachment":[{"href":"https:\/\/blogg.folkuniversitetet.nu\/sugisu3\/wp-json\/wp\/v2\/media?parent=280"}],"curies":[{"name":"wp","href":"https:\/\/api.w.org\/{rel}","templated":true}]}}