{"id":15,"date":"2014-03-02T15:42:05","date_gmt":"2014-03-02T15:42:05","guid":{"rendered":"http:\/\/blogg.folkuniversitetet.nu\/sugisu\/?page_id=15"},"modified":"2014-06-12T07:09:15","modified_gmt":"2014-06-12T06:09:15","slug":"modul-6-natpedagogik","status":"publish","type":"page","link":"https:\/\/blogg.folkuniversitetet.nu\/sugisu3\/modul-6-natpedagogik\/","title":{"rendered":"N\u00e4tpedagogik (material)- Creative Commons"},"content":{"rendered":"<h3>1. Video:<\/h3>\n<p>1) &#8220;Vad l\u00e4rare beh\u00f6ver veta om Creative Commons&#8221; (Mattias Klang)<\/p>\n<p><iframe loading=\"lazy\" title=\"Vad l\u00e4rare beh\u00f6ver veta om Creative Commons\" width=\"500\" height=\"375\" src=\"https:\/\/www.youtube.com\/embed\/pY6O24yEcZs?feature=oembed\" frameborder=\"0\" allow=\"accelerometer; autoplay; clipboard-write; encrypted-media; gyroscope; picture-in-picture; web-share\" referrerpolicy=\"strict-origin-when-cross-origin\" allowfullscreen><\/iframe><\/p>\n<p>2) Vad \u00e4r Creative Commons?<\/p>\n<p><iframe loading=\"lazy\" title=\"Vad \u00e4r Creative Commons? [Animated whiteboard film] |\u00a0Internetstiftelsen\" width=\"500\" height=\"281\" src=\"https:\/\/www.youtube.com\/embed\/Yd9dP3vlOyk?feature=oembed\" frameborder=\"0\" allow=\"accelerometer; autoplay; clipboard-write; encrypted-media; gyroscope; picture-in-picture; web-share\" referrerpolicy=\"strict-origin-when-cross-origin\" allowfullscreen><\/iframe><\/p>\n<h3><\/h3>\n<h3>2. Text: Creative Commons- en guide f\u00f6r l\u00e4rare<\/h3>\n<p><a style=\"line-height: 1.5em\" href=\"https:\/\/docs.google.com\/viewer?a=v&amp;pid=sites&amp;srcid=ZGVmYXVsdGRvbWFpbnxuYWV0cGVkYWdvZ2lraXN0dWRpZWZvZXJidW5kM3xneDo0NTgyMDRmYzk2NzdkZDc\" target=\"_blank\">(klicka h\u00e4r)<\/a><\/p>\n<h3>3. Infographic- Creative Commons<\/h3>\n<p><a href=\"http:\/\/blogg.folkuniversitetet.nu\/sugisu3\/files\/2014\/03\/obs.gif\"><img loading=\"lazy\" decoding=\"async\" class=\"size-full wp-image-162 alignleft\" src=\"http:\/\/blogg.folkuniversitetet.nu\/sugisu3\/files\/2014\/03\/obs.gif\" alt=\"obs\" width=\"28\" height=\"11\" \/><\/a><span style=\"line-height: 1.5em\">\u00a0Klicka p\u00e5 bilden f\u00f6r att f\u00f6rstora.<\/span><\/p>\n<h3><a href=\"http:\/\/blogg.folkuniversitetet.nu\/sugisu3\/files\/2014\/03\/Creative-Commons-Infographic.jpg\"><img loading=\"lazy\" decoding=\"async\" class=\"aligncenter size-large wp-image-365\" src=\"http:\/\/blogg.folkuniversitetet.nu\/sugisu3\/files\/2014\/03\/Creative-Commons-Infographic-154x1024.jpg\" alt=\"Creative Commons Infographic\" width=\"154\" height=\"1024\" srcset=\"https:\/\/blogg.folkuniversitetet.nu\/sugisu3\/files\/2014\/03\/Creative-Commons-Infographic-154x1024.jpg 154w, https:\/\/blogg.folkuniversitetet.nu\/sugisu3\/files\/2014\/03\/Creative-Commons-Infographic-45x300.jpg 45w\" sizes=\"auto, (max-width: 154px) 100vw, 154px\" \/><\/a><\/h3>\n<h3><\/h3>\n<h3>4. Creative Commons- l\u00e4nkar<\/h3>\n<h5>1) Om Creative Commons<\/h5>\n<p><a href=\"http:\/\/www.creativecommons.se\/om-cc\/licenserna\/\">http:\/\/www.creativecommons.se\/om-cc\/licenserna\/<\/a><\/p>\n<h5>2) Licensvillkor<\/h5>\n<p><a href=\"http:\/\/www.creativecommons.se\/om-cc\/licensvillkor-symboler-och-forkortningar\/\">http:\/\/www.creativecommons.se\/om-cc\/licensvillkor-symboler-och-forkortningar\/<\/a><\/p>\n<h5>3) Licensiera ditt verk!<\/h5>\n<p><a href=\"http:\/\/creativecommons.org\/choose\/?lang=sv\">http:\/\/creativecommons.org\/choose\/?lang=sv<\/a><\/p>\n<h5>4) \u00a0flowchart<\/h5>\n<p><a href=\"http:\/\/www.educatorstechnology.com\/2014\/06\/a-wonderful-copyright-flowchart-for.html\">http:\/\/www.educatorstechnology.com\/2014\/06\/a-wonderful-copyright-flowchart-for.html<\/a><\/p>\n","protected":false},"excerpt":{"rendered":"<p>1. Video: 1) &#8220;Vad l\u00e4rare beh\u00f6ver veta om Creative Commons&#8221; (Mattias Klang) 2) Vad \u00e4r Creative Commons? 2. Text: Creative Commons- en guide f\u00f6r l\u00e4rare <a style=\"line-height: 1.5em\" href=\"https:\/\/docs.google.com\/viewer?a=v&amp;pid=sites&amp;srcid=ZGVmYXVsdGRvbWFpbnxuYWV0cGVkYWdvZ2lraXN0dWRpZWZvZXJidW5kM3xneDo0NTgyMDRmYzk2NzdkZDc\" target=\"_blank\">(klicka h\u00e4r)<\/a> 3. Infographic- Creative Commons <a href=\"http:\/\/blogg.folkuniversitetet.nu\/sugisu3\/files\/2014\/03\/obs.gif\"><\/a>\u00a0Klicka p\u00e5 bilden f\u00f6r att f\u00f6rstora. <a href=\"http:\/\/blogg.folkuniversitetet.nu\/sugisu3\/files\/2014\/03\/Creative-Commons-Infographic.jpg\"><\/a> 4. Creative Commons- l\u00e4nkar 1) Om Creative Commons <a href=\"http:\/\/www.creativecommons.se\/om-cc\/licenserna\/\">http:\/\/www.creativecommons.se\/om-cc\/licenserna\/<\/a> 2) [&#8230;]<\/p>\n","protected":false},"author":4,"featured_media":0,"parent":0,"menu_order":0,"comment_status":"open","ping_status":"open","template":"","meta":{"footnotes":""},"class_list":["post-15","page","type-page","status-publish","hentry"],"_links":{"self":[{"href":"https:\/\/blogg.folkuniversitetet.nu\/sugisu3\/wp-json\/wp\/v2\/pages\/15","targetHints":{"allow":["GET"]}}],"collection":[{"href":"https:\/\/blogg.folkuniversitetet.nu\/sugisu3\/wp-json\/wp\/v2\/pages"}],"about":[{"href":"https:\/\/blogg.folkuniversitetet.nu\/sugisu3\/wp-json\/wp\/v2\/types\/page"}],"author":[{"embeddable":true,"href":"https:\/\/blogg.folkuniversitetet.nu\/sugisu3\/wp-json\/wp\/v2\/users\/4"}],"replies":[{"embeddable":true,"href":"https:\/\/blogg.folkuniversitetet.nu\/sugisu3\/wp-json\/wp\/v2\/comments?post=15"}],"version-history":[{"count":18,"href":"https:\/\/blogg.folkuniversitetet.nu\/sugisu3\/wp-json\/wp\/v2\/pages\/15\/revisions"}],"predecessor-version":[{"id":518,"href":"https:\/\/blogg.folkuniversitetet.nu\/sugisu3\/wp-json\/wp\/v2\/pages\/15\/revisions\/518"}],"wp:attachment":[{"href":"https:\/\/blogg.folkuniversitetet.nu\/sugisu3\/wp-json\/wp\/v2\/media?parent=15"}],"curies":[{"name":"wp","href":"https:\/\/api.w.org\/{rel}","templated":true}]}}