{"id":85,"date":"2023-10-02T07:24:13","date_gmt":"2023-10-02T06:24:13","guid":{"rendered":"https:\/\/blogg.folkuniversitetet.nu\/stefst\/?page_id=85"},"modified":"2023-10-12T10:56:34","modified_gmt":"2023-10-12T09:56:34","slug":"steffi","status":"publish","type":"page","link":"https:\/\/blogg.folkuniversitetet.nu\/stefst\/steffi\/","title":{"rendered":"Steffi"},"content":{"rendered":"<p><strong>Hej<\/strong><\/p>\n<p>Jag \u00e4r spr\u00e5kl\u00e4rare med examen fr\u00e5n<strong> HLS och STOCKHOLMS UNIVERSITET!<\/strong><\/p>\n<p>Undervisar i svenska som fr\u00e4mmande spr\u00e5k p\u00e5 Folkuniversitetet sedan <strong>2013 .<\/strong><\/p>\n<p>\u00c4r ocks\u00e5 testledare f\u00f6r swedex <strong>A2B1, B2C1<\/strong><\/p>\n<p>M\u00e5let med undervisningen \u00e4r att f\u00e5 m\u00e4nniskor att n\u00e5 inf\u00f6dd niv\u00e5 s\u00e5 snabbt som m\u00f6jligt, s\u00e5 att de kan komma ut i arbetslivet.\u00a0 \u2013 D\u00c5 har vi lyckats och jobbat bra! Spr\u00e5ket \u00e4r nyckeln till att bli en del av samh\u00e4llet<\/p>\n<p>&nbsp;<\/p>\n<p><strong>V\u00c4LKOMNA<\/strong><\/p>\n<p><a href=\"http:\/\/blogg.folkuniversitetet.nu\/stefst\/files\/2023\/10\/faceu_1661708803114-scaled.jpeg\"><img loading=\"lazy\" decoding=\"async\" class=\"alignnone size-medium wp-image-115\" src=\"http:\/\/blogg.folkuniversitetet.nu\/stefst\/files\/2023\/10\/faceu_1661708803114-252x300.jpeg\" alt=\"\" width=\"252\" height=\"300\" srcset=\"https:\/\/blogg.folkuniversitetet.nu\/stefst\/files\/2023\/10\/faceu_1661708803114-252x300.jpeg 252w, https:\/\/blogg.folkuniversitetet.nu\/stefst\/files\/2023\/10\/faceu_1661708803114-859x1024.jpeg 859w, https:\/\/blogg.folkuniversitetet.nu\/stefst\/files\/2023\/10\/faceu_1661708803114-768x916.jpeg 768w, https:\/\/blogg.folkuniversitetet.nu\/stefst\/files\/2023\/10\/faceu_1661708803114-1288x1536.jpeg 1288w, https:\/\/blogg.folkuniversitetet.nu\/stefst\/files\/2023\/10\/faceu_1661708803114-1718x2048.jpeg 1718w, https:\/\/blogg.folkuniversitetet.nu\/stefst\/files\/2023\/10\/faceu_1661708803114-676x806.jpeg 676w\" sizes=\"auto, (max-width: 252px) 100vw, 252px\" \/><\/a><\/p>\n","protected":false},"excerpt":{"rendered":"<p>Hej Jag \u00e4r spr\u00e5kl\u00e4rare med examen fr\u00e5n HLS och STOCKHOLMS UNIVERSITET! Undervisar i svenska som fr\u00e4mmande spr\u00e5k p\u00e5 Folkuniversitetet sedan 2013 . \u00c4r ocks\u00e5 testledare f\u00f6r swedex A2B1, B2C1 M\u00e5let med undervisningen \u00e4r att f\u00e5 m\u00e4nniskor att n\u00e5 inf\u00f6dd niv\u00e5 s\u00e5 snabbt som m\u00f6jligt, s\u00e5 att de kan komma ut i arbetslivet.\u00a0 \u2013 D\u00c5 har [&hellip;]<\/p>\n","protected":false},"author":921,"featured_media":0,"parent":0,"menu_order":0,"comment_status":"closed","ping_status":"closed","template":"","meta":{"footnotes":""},"class_list":["post-85","page","type-page","status-publish","hentry","post-preview"],"_links":{"self":[{"href":"https:\/\/blogg.folkuniversitetet.nu\/stefst\/wp-json\/wp\/v2\/pages\/85","targetHints":{"allow":["GET"]}}],"collection":[{"href":"https:\/\/blogg.folkuniversitetet.nu\/stefst\/wp-json\/wp\/v2\/pages"}],"about":[{"href":"https:\/\/blogg.folkuniversitetet.nu\/stefst\/wp-json\/wp\/v2\/types\/page"}],"author":[{"embeddable":true,"href":"https:\/\/blogg.folkuniversitetet.nu\/stefst\/wp-json\/wp\/v2\/users\/921"}],"replies":[{"embeddable":true,"href":"https:\/\/blogg.folkuniversitetet.nu\/stefst\/wp-json\/wp\/v2\/comments?post=85"}],"version-history":[{"count":6,"href":"https:\/\/blogg.folkuniversitetet.nu\/stefst\/wp-json\/wp\/v2\/pages\/85\/revisions"}],"predecessor-version":[{"id":137,"href":"https:\/\/blogg.folkuniversitetet.nu\/stefst\/wp-json\/wp\/v2\/pages\/85\/revisions\/137"}],"wp:attachment":[{"href":"https:\/\/blogg.folkuniversitetet.nu\/stefst\/wp-json\/wp\/v2\/media?parent=85"}],"curies":[{"name":"wp","href":"https:\/\/api.w.org\/{rel}","templated":true}]}}