{"id":96,"date":"2014-11-28T20:33:45","date_gmt":"2014-11-28T20:33:45","guid":{"rendered":"http:\/\/blogg.folkuniversitetet.nu\/spanska\/?page_id=96"},"modified":"2014-12-14T11:26:57","modified_gmt":"2014-12-14T11:26:57","slug":"serie-de-television","status":"publish","type":"page","link":"https:\/\/blogg.folkuniversitetet.nu\/spanska\/otros\/cine\/serie-de-television\/","title":{"rendered":"Serie de televisi\u00f3n"},"content":{"rendered":"<p>Aqu\u00ed encuentras una serie de televisi\u00f3n creada por la Universidad de Salamanca para aprender espa\u00f1ol (nivel A2-B1)<\/p>\n<p>H\u00e4r hittar du en TV-serie skapad av Universidad de Salamanca f\u00f6r att l\u00e4ra sig spanska (A2-B1 niv\u00e5).<\/p>\n<p><a href=\"https:\/\/www.youtube.com\/watch?v=PanL_YIDFAY&amp;list=PLi9mL2g30UXetnwrYIoHDN7tT96xVIPv7\" target=\"_blank\">Espa\u00f1ol Salamanca<\/a><\/p>\n","protected":false},"excerpt":{"rendered":"<p>Aqu\u00ed encuentras una serie de televisi\u00f3n creada por la Universidad de Salamanca para aprender espa\u00f1ol (nivel A2-B1) H\u00e4r hittar du en TV-serie skapad av Universidad de Salamanca f\u00f6r att l\u00e4ra sig spanska (A2-B1 niv\u00e5). Espa\u00f1ol Salamanca<\/p>\n","protected":false},"author":254,"featured_media":0,"parent":70,"menu_order":0,"comment_status":"open","ping_status":"open","template":"","meta":{"footnotes":""},"class_list":["post-96","page","type-page","status-publish","hentry"],"_links":{"self":[{"href":"https:\/\/blogg.folkuniversitetet.nu\/spanska\/wp-json\/wp\/v2\/pages\/96","targetHints":{"allow":["GET"]}}],"collection":[{"href":"https:\/\/blogg.folkuniversitetet.nu\/spanska\/wp-json\/wp\/v2\/pages"}],"about":[{"href":"https:\/\/blogg.folkuniversitetet.nu\/spanska\/wp-json\/wp\/v2\/types\/page"}],"author":[{"embeddable":true,"href":"https:\/\/blogg.folkuniversitetet.nu\/spanska\/wp-json\/wp\/v2\/users\/254"}],"replies":[{"embeddable":true,"href":"https:\/\/blogg.folkuniversitetet.nu\/spanska\/wp-json\/wp\/v2\/comments?post=96"}],"version-history":[{"count":2,"href":"https:\/\/blogg.folkuniversitetet.nu\/spanska\/wp-json\/wp\/v2\/pages\/96\/revisions"}],"predecessor-version":[{"id":191,"href":"https:\/\/blogg.folkuniversitetet.nu\/spanska\/wp-json\/wp\/v2\/pages\/96\/revisions\/191"}],"up":[{"embeddable":true,"href":"https:\/\/blogg.folkuniversitetet.nu\/spanska\/wp-json\/wp\/v2\/pages\/70"}],"wp:attachment":[{"href":"https:\/\/blogg.folkuniversitetet.nu\/spanska\/wp-json\/wp\/v2\/media?parent=96"}],"curies":[{"name":"wp","href":"https:\/\/api.w.org\/{rel}","templated":true}]}}