{"id":94,"date":"2014-11-28T20:27:05","date_gmt":"2014-11-28T20:27:05","guid":{"rendered":"http:\/\/blogg.folkuniversitetet.nu\/spanska\/?page_id=94"},"modified":"2014-12-14T21:11:07","modified_gmt":"2014-12-14T21:11:07","slug":"pret-indefinidopret-imperfecto","status":"publish","type":"page","link":"https:\/\/blogg.folkuniversitetet.nu\/spanska\/a2\/a2-ejercicios\/videos\/pret-indefinidopret-imperfecto\/","title":{"rendered":"Pret\u00e9rito indefinido\/Pret\u00e9rito imperfecto"},"content":{"rendered":"<p>En este video puedes escuchar las diferencias de uso entre el pret. indefinido y el pret. imperfecto. Puedes escuchar tambi\u00e9n en el blog el video del pret. indefinido y observar como el pret. imperfecto a\u00f1ade informaci\u00f3n extra.<\/p>\n<p><em>I denna videon kan du h\u00f6ra p\u00e5 skillnaden mellan pret. indefinido och pret. imperfecto. Du kan ocks\u00e5 lyssna p\u00e5 den andra videon i bloggen om pret.indefinido och m\u00e4rka hur pret. imperfecto l\u00e4gger till extra information.<\/em><\/p>\n<p><a href=\"https:\/\/www.youtube.com\/watch?v=z7KT0FA5QSk\">En contexto<\/a><\/p>\n","protected":false},"excerpt":{"rendered":"<p>En este video puedes escuchar las diferencias de uso entre el pret. indefinido y el pret. imperfecto. Puedes escuchar tambi\u00e9n en el blog el video del pret. indefinido y observar como el pret. imperfecto a\u00f1ade informaci\u00f3n extra. I denna videon &hellip; <a href=\"https:\/\/blogg.folkuniversitetet.nu\/spanska\/a2\/a2-ejercicios\/videos\/pret-indefinidopret-imperfecto\/\">Forts\u00e4tt l\u00e4sa <span class=\"meta-nav\">&rarr;<\/span><\/a><\/p>\n","protected":false},"author":254,"featured_media":0,"parent":83,"menu_order":4,"comment_status":"open","ping_status":"open","template":"","meta":{"footnotes":""},"class_list":["post-94","page","type-page","status-publish","hentry"],"_links":{"self":[{"href":"https:\/\/blogg.folkuniversitetet.nu\/spanska\/wp-json\/wp\/v2\/pages\/94","targetHints":{"allow":["GET"]}}],"collection":[{"href":"https:\/\/blogg.folkuniversitetet.nu\/spanska\/wp-json\/wp\/v2\/pages"}],"about":[{"href":"https:\/\/blogg.folkuniversitetet.nu\/spanska\/wp-json\/wp\/v2\/types\/page"}],"author":[{"embeddable":true,"href":"https:\/\/blogg.folkuniversitetet.nu\/spanska\/wp-json\/wp\/v2\/users\/254"}],"replies":[{"embeddable":true,"href":"https:\/\/blogg.folkuniversitetet.nu\/spanska\/wp-json\/wp\/v2\/comments?post=94"}],"version-history":[{"count":3,"href":"https:\/\/blogg.folkuniversitetet.nu\/spanska\/wp-json\/wp\/v2\/pages\/94\/revisions"}],"predecessor-version":[{"id":101,"href":"https:\/\/blogg.folkuniversitetet.nu\/spanska\/wp-json\/wp\/v2\/pages\/94\/revisions\/101"}],"up":[{"embeddable":true,"href":"https:\/\/blogg.folkuniversitetet.nu\/spanska\/wp-json\/wp\/v2\/pages\/83"}],"wp:attachment":[{"href":"https:\/\/blogg.folkuniversitetet.nu\/spanska\/wp-json\/wp\/v2\/media?parent=94"}],"curies":[{"name":"wp","href":"https:\/\/api.w.org\/{rel}","templated":true}]}}