{"id":92,"date":"2014-11-28T20:23:07","date_gmt":"2014-11-28T20:23:07","guid":{"rendered":"http:\/\/blogg.folkuniversitetet.nu\/spanska\/?page_id=92"},"modified":"2014-12-14T21:10:15","modified_gmt":"2014-12-14T21:10:15","slug":"preterito-indefinido","status":"publish","type":"page","link":"https:\/\/blogg.folkuniversitetet.nu\/spanska\/a2\/a2-ejercicios\/videos\/preterito-indefinido\/","title":{"rendered":"Pret\u00e9rito indefinido"},"content":{"rendered":"<p>Aqu\u00ed encuentras un video sobre el pret\u00e9rito indefinido en espa\u00f1ol.<\/p>\n<p><em>H\u00e4r hittar du en video om pret\u00e9rito indefinido (preteritum) p\u00e5 spanska.<\/em><\/p>\n<p><a href=\"https:\/\/www.youtube.com\/watch?v=_Bt5l0zCnkM\" target=\"_blank\">El fin de semana pasado&#8230;<\/a><\/p>\n","protected":false},"excerpt":{"rendered":"<p>Aqu\u00ed encuentras un video sobre el pret\u00e9rito indefinido en espa\u00f1ol. H\u00e4r hittar du en video om pret\u00e9rito indefinido (preteritum) p\u00e5 spanska. El fin de semana pasado&#8230;<\/p>\n","protected":false},"author":254,"featured_media":0,"parent":83,"menu_order":3,"comment_status":"open","ping_status":"open","template":"","meta":{"footnotes":""},"class_list":["post-92","page","type-page","status-publish","hentry"],"_links":{"self":[{"href":"https:\/\/blogg.folkuniversitetet.nu\/spanska\/wp-json\/wp\/v2\/pages\/92","targetHints":{"allow":["GET"]}}],"collection":[{"href":"https:\/\/blogg.folkuniversitetet.nu\/spanska\/wp-json\/wp\/v2\/pages"}],"about":[{"href":"https:\/\/blogg.folkuniversitetet.nu\/spanska\/wp-json\/wp\/v2\/types\/page"}],"author":[{"embeddable":true,"href":"https:\/\/blogg.folkuniversitetet.nu\/spanska\/wp-json\/wp\/v2\/users\/254"}],"replies":[{"embeddable":true,"href":"https:\/\/blogg.folkuniversitetet.nu\/spanska\/wp-json\/wp\/v2\/comments?post=92"}],"version-history":[{"count":1,"href":"https:\/\/blogg.folkuniversitetet.nu\/spanska\/wp-json\/wp\/v2\/pages\/92\/revisions"}],"predecessor-version":[{"id":93,"href":"https:\/\/blogg.folkuniversitetet.nu\/spanska\/wp-json\/wp\/v2\/pages\/92\/revisions\/93"}],"up":[{"embeddable":true,"href":"https:\/\/blogg.folkuniversitetet.nu\/spanska\/wp-json\/wp\/v2\/pages\/83"}],"wp:attachment":[{"href":"https:\/\/blogg.folkuniversitetet.nu\/spanska\/wp-json\/wp\/v2\/media?parent=92"}],"curies":[{"name":"wp","href":"https:\/\/api.w.org\/{rel}","templated":true}]}}