{"id":89,"date":"2014-11-28T20:13:25","date_gmt":"2014-11-28T20:13:25","guid":{"rendered":"http:\/\/blogg.folkuniversitetet.nu\/spanska\/?page_id=89"},"modified":"2014-12-14T21:09:28","modified_gmt":"2014-12-14T21:09:28","slug":"preterito-perfecto","status":"publish","type":"page","link":"https:\/\/blogg.folkuniversitetet.nu\/spanska\/a2\/a2-ejercicios\/videos\/preterito-perfecto\/","title":{"rendered":"Pret\u00e9rito perfecto"},"content":{"rendered":"<p>Aqu\u00ed encuentras dos videos sobre cuando se usa del pret\u00e9rito perfecto en espa\u00f1ol.<\/p>\n<p><em>H\u00e4r hittar du tv\u00e5 videor om n\u00e4r man anv\u00e4nder pret. perfecto (perfekt) p\u00e5 spanska.<\/em><\/p>\n<p><a href=\"https:\/\/www.youtube.com\/watch?v=9jChNL15qKQ\" target=\"_blank\">Pret\u00e9rito perfecto<\/a><\/p>\n<p><a href=\"https:\/\/www.youtube.com\/watch?v=D89ku_SXF0s\" target=\"_blank\">\u00bfQu\u00e9 has hecho este verano?<\/a><\/p>\n","protected":false},"excerpt":{"rendered":"<p>Aqu\u00ed encuentras dos videos sobre cuando se usa del pret\u00e9rito perfecto en espa\u00f1ol. H\u00e4r hittar du tv\u00e5 videor om n\u00e4r man anv\u00e4nder pret. perfecto (perfekt) p\u00e5 spanska. Pret\u00e9rito perfecto \u00bfQu\u00e9 has hecho este verano?<\/p>\n","protected":false},"author":254,"featured_media":0,"parent":83,"menu_order":2,"comment_status":"open","ping_status":"open","template":"","meta":{"footnotes":""},"class_list":["post-89","page","type-page","status-publish","hentry"],"_links":{"self":[{"href":"https:\/\/blogg.folkuniversitetet.nu\/spanska\/wp-json\/wp\/v2\/pages\/89","targetHints":{"allow":["GET"]}}],"collection":[{"href":"https:\/\/blogg.folkuniversitetet.nu\/spanska\/wp-json\/wp\/v2\/pages"}],"about":[{"href":"https:\/\/blogg.folkuniversitetet.nu\/spanska\/wp-json\/wp\/v2\/types\/page"}],"author":[{"embeddable":true,"href":"https:\/\/blogg.folkuniversitetet.nu\/spanska\/wp-json\/wp\/v2\/users\/254"}],"replies":[{"embeddable":true,"href":"https:\/\/blogg.folkuniversitetet.nu\/spanska\/wp-json\/wp\/v2\/comments?post=89"}],"version-history":[{"count":5,"href":"https:\/\/blogg.folkuniversitetet.nu\/spanska\/wp-json\/wp\/v2\/pages\/89\/revisions"}],"predecessor-version":[{"id":104,"href":"https:\/\/blogg.folkuniversitetet.nu\/spanska\/wp-json\/wp\/v2\/pages\/89\/revisions\/104"}],"up":[{"embeddable":true,"href":"https:\/\/blogg.folkuniversitetet.nu\/spanska\/wp-json\/wp\/v2\/pages\/83"}],"wp:attachment":[{"href":"https:\/\/blogg.folkuniversitetet.nu\/spanska\/wp-json\/wp\/v2\/media?parent=89"}],"curies":[{"name":"wp","href":"https:\/\/api.w.org\/{rel}","templated":true}]}}