{"id":87,"date":"2014-11-28T20:10:06","date_gmt":"2014-11-28T20:10:06","guid":{"rendered":"http:\/\/blogg.folkuniversitetet.nu\/spanska\/?page_id=87"},"modified":"2014-12-14T21:08:47","modified_gmt":"2014-12-14T21:08:47","slug":"gerundio","status":"publish","type":"page","link":"https:\/\/blogg.folkuniversitetet.nu\/spanska\/a2\/a2-ejercicios\/videos\/gerundio\/","title":{"rendered":"Gerundio"},"content":{"rendered":"<p>Aqu\u00ed practicas c\u00f3mo y para qu\u00e9 se utiliza estar + gerundio en espa\u00f1ol.<\/p>\n<p><em>H\u00e4r \u00f6var du hur och n\u00e4r man anv\u00e4nder estar + gerundio p\u00e5 spanska.<\/em><\/p>\n<p><a href=\"https:\/\/www.youtube.com\/watch?v=sZ7Zm6kJsfM\" target=\"_blank\">\u00bfQu\u00e9 est\u00e1s haciendo?<\/a><\/p>\n","protected":false},"excerpt":{"rendered":"<p>Aqu\u00ed practicas c\u00f3mo y para qu\u00e9 se utiliza estar + gerundio en espa\u00f1ol. H\u00e4r \u00f6var du hur och n\u00e4r man anv\u00e4nder estar + gerundio p\u00e5 spanska. \u00bfQu\u00e9 est\u00e1s haciendo?<\/p>\n","protected":false},"author":254,"featured_media":0,"parent":83,"menu_order":1,"comment_status":"open","ping_status":"open","template":"","meta":{"footnotes":""},"class_list":["post-87","page","type-page","status-publish","hentry"],"_links":{"self":[{"href":"https:\/\/blogg.folkuniversitetet.nu\/spanska\/wp-json\/wp\/v2\/pages\/87","targetHints":{"allow":["GET"]}}],"collection":[{"href":"https:\/\/blogg.folkuniversitetet.nu\/spanska\/wp-json\/wp\/v2\/pages"}],"about":[{"href":"https:\/\/blogg.folkuniversitetet.nu\/spanska\/wp-json\/wp\/v2\/types\/page"}],"author":[{"embeddable":true,"href":"https:\/\/blogg.folkuniversitetet.nu\/spanska\/wp-json\/wp\/v2\/users\/254"}],"replies":[{"embeddable":true,"href":"https:\/\/blogg.folkuniversitetet.nu\/spanska\/wp-json\/wp\/v2\/comments?post=87"}],"version-history":[{"count":3,"href":"https:\/\/blogg.folkuniversitetet.nu\/spanska\/wp-json\/wp\/v2\/pages\/87\/revisions"}],"predecessor-version":[{"id":99,"href":"https:\/\/blogg.folkuniversitetet.nu\/spanska\/wp-json\/wp\/v2\/pages\/87\/revisions\/99"}],"up":[{"embeddable":true,"href":"https:\/\/blogg.folkuniversitetet.nu\/spanska\/wp-json\/wp\/v2\/pages\/83"}],"wp:attachment":[{"href":"https:\/\/blogg.folkuniversitetet.nu\/spanska\/wp-json\/wp\/v2\/media?parent=87"}],"curies":[{"name":"wp","href":"https:\/\/api.w.org\/{rel}","templated":true}]}}