{"id":75,"date":"2014-11-28T14:10:14","date_gmt":"2014-11-28T14:10:14","guid":{"rendered":"http:\/\/blogg.folkuniversitetet.nu\/spanska\/?page_id=75"},"modified":"2014-12-13T13:35:24","modified_gmt":"2014-12-13T13:35:24","slug":"traductoroversattare","status":"publish","type":"page","link":"https:\/\/blogg.folkuniversitetet.nu\/spanska\/vocabulario\/traductoroversattare\/","title":{"rendered":"Traductor\/\u00d6vers\u00e4ttare"},"content":{"rendered":"<p>Aqu\u00ed encuentras un traductor de sueco a espanol.<\/p>\n<p>H\u00e4r hittar du en \u00f6vers\u00e4ttare fr\u00e5n svenska till spanska.<\/p>\n<p><a href=\"http:\/\/oversattning.babylon.com\/svenska\/to-spanska\/\" target=\"_blank\">Traductor Babylon<\/a><\/p>\n","protected":false},"excerpt":{"rendered":"<p>Aqu\u00ed encuentras un traductor de sueco a espanol. H\u00e4r hittar du en \u00f6vers\u00e4ttare fr\u00e5n svenska till spanska. Traductor Babylon<\/p>\n","protected":false},"author":254,"featured_media":0,"parent":20,"menu_order":1,"comment_status":"open","ping_status":"open","template":"","meta":{"footnotes":""},"class_list":["post-75","page","type-page","status-publish","hentry"],"_links":{"self":[{"href":"https:\/\/blogg.folkuniversitetet.nu\/spanska\/wp-json\/wp\/v2\/pages\/75","targetHints":{"allow":["GET"]}}],"collection":[{"href":"https:\/\/blogg.folkuniversitetet.nu\/spanska\/wp-json\/wp\/v2\/pages"}],"about":[{"href":"https:\/\/blogg.folkuniversitetet.nu\/spanska\/wp-json\/wp\/v2\/types\/page"}],"author":[{"embeddable":true,"href":"https:\/\/blogg.folkuniversitetet.nu\/spanska\/wp-json\/wp\/v2\/users\/254"}],"replies":[{"embeddable":true,"href":"https:\/\/blogg.folkuniversitetet.nu\/spanska\/wp-json\/wp\/v2\/comments?post=75"}],"version-history":[{"count":1,"href":"https:\/\/blogg.folkuniversitetet.nu\/spanska\/wp-json\/wp\/v2\/pages\/75\/revisions"}],"predecessor-version":[{"id":76,"href":"https:\/\/blogg.folkuniversitetet.nu\/spanska\/wp-json\/wp\/v2\/pages\/75\/revisions\/76"}],"up":[{"embeddable":true,"href":"https:\/\/blogg.folkuniversitetet.nu\/spanska\/wp-json\/wp\/v2\/pages\/20"}],"wp:attachment":[{"href":"https:\/\/blogg.folkuniversitetet.nu\/spanska\/wp-json\/wp\/v2\/media?parent=75"}],"curies":[{"name":"wp","href":"https:\/\/api.w.org\/{rel}","templated":true}]}}