{"id":53,"date":"2014-11-25T20:42:42","date_gmt":"2014-11-25T20:42:42","guid":{"rendered":"http:\/\/blogg.folkuniversitetet.nu\/spanska\/?page_id=53"},"modified":"2014-11-25T20:42:42","modified_gmt":"2014-11-25T20:42:42","slug":"verbos-gustar","status":"publish","type":"page","link":"https:\/\/blogg.folkuniversitetet.nu\/spanska\/a1\/a1-ejercicios\/videos\/verbos-gustar\/","title":{"rendered":"Verbos. Gustar"},"content":{"rendered":"<p><a href=\"https:\/\/www.youtube.com\/watch?v=SJ0LC4RxbCA\" target=\"_blank\">Me gusta, le gusta, nos gusta<\/a><\/p>\n<p>Un video para practicar el\u00a0 verbo Gustar en espa\u00f1ol.<\/p>\n<p><em>En video f\u00f6r att \u00f6va verbet Gustar (gilla\/tycka om) p\u00e5 spanska.<\/em><\/p>\n","protected":false},"excerpt":{"rendered":"<p>Me gusta, le gusta, nos gusta Un video para practicar el\u00a0 verbo Gustar en espa\u00f1ol. En video f\u00f6r att \u00f6va verbet Gustar (gilla\/tycka om) p\u00e5 spanska.<\/p>\n","protected":false},"author":254,"featured_media":0,"parent":43,"menu_order":0,"comment_status":"open","ping_status":"open","template":"","meta":{"footnotes":""},"class_list":["post-53","page","type-page","status-publish","hentry"],"_links":{"self":[{"href":"https:\/\/blogg.folkuniversitetet.nu\/spanska\/wp-json\/wp\/v2\/pages\/53","targetHints":{"allow":["GET"]}}],"collection":[{"href":"https:\/\/blogg.folkuniversitetet.nu\/spanska\/wp-json\/wp\/v2\/pages"}],"about":[{"href":"https:\/\/blogg.folkuniversitetet.nu\/spanska\/wp-json\/wp\/v2\/types\/page"}],"author":[{"embeddable":true,"href":"https:\/\/blogg.folkuniversitetet.nu\/spanska\/wp-json\/wp\/v2\/users\/254"}],"replies":[{"embeddable":true,"href":"https:\/\/blogg.folkuniversitetet.nu\/spanska\/wp-json\/wp\/v2\/comments?post=53"}],"version-history":[{"count":1,"href":"https:\/\/blogg.folkuniversitetet.nu\/spanska\/wp-json\/wp\/v2\/pages\/53\/revisions"}],"predecessor-version":[{"id":54,"href":"https:\/\/blogg.folkuniversitetet.nu\/spanska\/wp-json\/wp\/v2\/pages\/53\/revisions\/54"}],"up":[{"embeddable":true,"href":"https:\/\/blogg.folkuniversitetet.nu\/spanska\/wp-json\/wp\/v2\/pages\/43"}],"wp:attachment":[{"href":"https:\/\/blogg.folkuniversitetet.nu\/spanska\/wp-json\/wp\/v2\/media?parent=53"}],"curies":[{"name":"wp","href":"https:\/\/api.w.org\/{rel}","templated":true}]}}