{"id":36,"date":"2014-11-16T20:50:40","date_gmt":"2014-11-16T20:50:40","guid":{"rendered":"http:\/\/blogg.folkuniversitetet.nu\/spanska\/?page_id=36"},"modified":"2014-12-13T13:36:33","modified_gmt":"2014-12-13T13:36:33","slug":"diccionario-visual","status":"publish","type":"page","link":"https:\/\/blogg.folkuniversitetet.nu\/spanska\/vocabulario\/diccionario-visual\/","title":{"rendered":"Diccionario visual\/Bildordbok"},"content":{"rendered":"<p>Aqu\u00ed encuentras im\u00e1genes con su nombre en espa\u00f1ol, pincha en las im\u00e1genes para escuchar la pronunciaci\u00f3n.<\/p>\n<p><em>H\u00e4r hittar du bilder med nammet p\u00e5 spanska, klicka p\u00e5 bilderna f\u00f6r att h\u00f6ra orden.<\/em><\/p>\n<p><a href=\"http:\/\/lexin.nada.kth.se\/lexin\/#main=1;themes=1;\" target=\"_blank\">Diccionario visual<\/a><\/p>\n","protected":false},"excerpt":{"rendered":"<p>Aqu\u00ed encuentras im\u00e1genes con su nombre en espa\u00f1ol, pincha en las im\u00e1genes para escuchar la pronunciaci\u00f3n. H\u00e4r hittar du bilder med nammet p\u00e5 spanska, klicka p\u00e5 bilderna f\u00f6r att h\u00f6ra orden. Diccionario visual<\/p>\n","protected":false},"author":254,"featured_media":0,"parent":20,"menu_order":2,"comment_status":"open","ping_status":"open","template":"","meta":{"footnotes":""},"class_list":["post-36","page","type-page","status-publish","hentry"],"_links":{"self":[{"href":"https:\/\/blogg.folkuniversitetet.nu\/spanska\/wp-json\/wp\/v2\/pages\/36","targetHints":{"allow":["GET"]}}],"collection":[{"href":"https:\/\/blogg.folkuniversitetet.nu\/spanska\/wp-json\/wp\/v2\/pages"}],"about":[{"href":"https:\/\/blogg.folkuniversitetet.nu\/spanska\/wp-json\/wp\/v2\/types\/page"}],"author":[{"embeddable":true,"href":"https:\/\/blogg.folkuniversitetet.nu\/spanska\/wp-json\/wp\/v2\/users\/254"}],"replies":[{"embeddable":true,"href":"https:\/\/blogg.folkuniversitetet.nu\/spanska\/wp-json\/wp\/v2\/comments?post=36"}],"version-history":[{"count":2,"href":"https:\/\/blogg.folkuniversitetet.nu\/spanska\/wp-json\/wp\/v2\/pages\/36\/revisions"}],"predecessor-version":[{"id":150,"href":"https:\/\/blogg.folkuniversitetet.nu\/spanska\/wp-json\/wp\/v2\/pages\/36\/revisions\/150"}],"up":[{"embeddable":true,"href":"https:\/\/blogg.folkuniversitetet.nu\/spanska\/wp-json\/wp\/v2\/pages\/20"}],"wp:attachment":[{"href":"https:\/\/blogg.folkuniversitetet.nu\/spanska\/wp-json\/wp\/v2\/media?parent=36"}],"curies":[{"name":"wp","href":"https:\/\/api.w.org\/{rel}","templated":true}]}}