{"id":34,"date":"2014-11-16T20:48:50","date_gmt":"2014-11-16T20:48:50","guid":{"rendered":"http:\/\/blogg.folkuniversitetet.nu\/spanska\/?page_id=34"},"modified":"2014-12-13T13:37:06","modified_gmt":"2014-12-13T13:37:06","slug":"diccionario-de-la-real-academia","status":"publish","type":"page","link":"https:\/\/blogg.folkuniversitetet.nu\/spanska\/vocabulario\/diccionario-de-la-real-academia\/","title":{"rendered":"Diccionario de la Real Academia"},"content":{"rendered":"<p>Aqu\u00ed encuentras el significado en espa\u00f1ol de palabras en espa\u00f1ol.<\/p>\n<p><em>H\u00e4r hittar du betydelsen p\u00e5 ord p\u00e5 spanska.<\/em><\/p>\n<p><a href=\"http:\/\/www.rae.es\/recursos\/diccionarios\/drae\" target=\"_blank\">Diccionario de la Real Academia<\/a><\/p>\n","protected":false},"excerpt":{"rendered":"<p>Aqu\u00ed encuentras el significado en espa\u00f1ol de palabras en espa\u00f1ol. H\u00e4r hittar du betydelsen p\u00e5 ord p\u00e5 spanska. Diccionario de la Real Academia<\/p>\n","protected":false},"author":254,"featured_media":0,"parent":20,"menu_order":3,"comment_status":"open","ping_status":"open","template":"","meta":{"footnotes":""},"class_list":["post-34","page","type-page","status-publish","hentry"],"_links":{"self":[{"href":"https:\/\/blogg.folkuniversitetet.nu\/spanska\/wp-json\/wp\/v2\/pages\/34","targetHints":{"allow":["GET"]}}],"collection":[{"href":"https:\/\/blogg.folkuniversitetet.nu\/spanska\/wp-json\/wp\/v2\/pages"}],"about":[{"href":"https:\/\/blogg.folkuniversitetet.nu\/spanska\/wp-json\/wp\/v2\/types\/page"}],"author":[{"embeddable":true,"href":"https:\/\/blogg.folkuniversitetet.nu\/spanska\/wp-json\/wp\/v2\/users\/254"}],"replies":[{"embeddable":true,"href":"https:\/\/blogg.folkuniversitetet.nu\/spanska\/wp-json\/wp\/v2\/comments?post=34"}],"version-history":[{"count":2,"href":"https:\/\/blogg.folkuniversitetet.nu\/spanska\/wp-json\/wp\/v2\/pages\/34\/revisions"}],"predecessor-version":[{"id":149,"href":"https:\/\/blogg.folkuniversitetet.nu\/spanska\/wp-json\/wp\/v2\/pages\/34\/revisions\/149"}],"up":[{"embeddable":true,"href":"https:\/\/blogg.folkuniversitetet.nu\/spanska\/wp-json\/wp\/v2\/pages\/20"}],"wp:attachment":[{"href":"https:\/\/blogg.folkuniversitetet.nu\/spanska\/wp-json\/wp\/v2\/media?parent=34"}],"curies":[{"name":"wp","href":"https:\/\/api.w.org\/{rel}","templated":true}]}}