{"id":24,"date":"2014-11-16T20:11:26","date_gmt":"2014-11-16T20:11:26","guid":{"rendered":"http:\/\/blogg.folkuniversitetet.nu\/spanska\/?page_id=24"},"modified":"2014-12-13T13:33:26","modified_gmt":"2014-12-13T13:33:26","slug":"verbos","status":"publish","type":"page","link":"https:\/\/blogg.folkuniversitetet.nu\/spanska\/gramatica\/verbos\/","title":{"rendered":"Verbos"},"content":{"rendered":"<p>Aqu\u00ed puedes conjugar los verbos en espa\u00f1ol.<\/p>\n<p>H\u00e4r kan du b\u00f6ja verben p\u00e5 spanska.<\/p>\n<p><a href=\"http:\/\/www.conjugacion.es\/\" target=\"_blank\">http:\/\/www.conjugacion.es\/<\/a><\/p>\n","protected":false},"excerpt":{"rendered":"<p>Aqu\u00ed puedes conjugar los verbos en espa\u00f1ol. H\u00e4r kan du b\u00f6ja verben p\u00e5 spanska. http:\/\/www.conjugacion.es\/<\/p>\n","protected":false},"author":254,"featured_media":0,"parent":8,"menu_order":0,"comment_status":"open","ping_status":"open","template":"","meta":{"footnotes":""},"class_list":["post-24","page","type-page","status-publish","hentry"],"_links":{"self":[{"href":"https:\/\/blogg.folkuniversitetet.nu\/spanska\/wp-json\/wp\/v2\/pages\/24","targetHints":{"allow":["GET"]}}],"collection":[{"href":"https:\/\/blogg.folkuniversitetet.nu\/spanska\/wp-json\/wp\/v2\/pages"}],"about":[{"href":"https:\/\/blogg.folkuniversitetet.nu\/spanska\/wp-json\/wp\/v2\/types\/page"}],"author":[{"embeddable":true,"href":"https:\/\/blogg.folkuniversitetet.nu\/spanska\/wp-json\/wp\/v2\/users\/254"}],"replies":[{"embeddable":true,"href":"https:\/\/blogg.folkuniversitetet.nu\/spanska\/wp-json\/wp\/v2\/comments?post=24"}],"version-history":[{"count":2,"href":"https:\/\/blogg.folkuniversitetet.nu\/spanska\/wp-json\/wp\/v2\/pages\/24\/revisions"}],"predecessor-version":[{"id":148,"href":"https:\/\/blogg.folkuniversitetet.nu\/spanska\/wp-json\/wp\/v2\/pages\/24\/revisions\/148"}],"up":[{"embeddable":true,"href":"https:\/\/blogg.folkuniversitetet.nu\/spanska\/wp-json\/wp\/v2\/pages\/8"}],"wp:attachment":[{"href":"https:\/\/blogg.folkuniversitetet.nu\/spanska\/wp-json\/wp\/v2\/media?parent=24"}],"curies":[{"name":"wp","href":"https:\/\/api.w.org\/{rel}","templated":true}]}}