{"id":195,"date":"2014-12-14T11:42:48","date_gmt":"2014-12-14T11:42:48","guid":{"rendered":"http:\/\/blogg.folkuniversitetet.nu\/spanska\/?page_id=195"},"modified":"2014-12-14T20:52:20","modified_gmt":"2014-12-14T20:52:20","slug":"radio","status":"publish","type":"page","link":"https:\/\/blogg.folkuniversitetet.nu\/spanska\/otros\/musica-en-espanol\/radio\/","title":{"rendered":"Radio"},"content":{"rendered":"<p>Aqu\u00ed encuentras dos emisoras de radio donde puedes escuchar mucha m\u00fasica en espa\u00f1ol. \u00a1Esc\u00fachalas, encuentra tu estilo favorito y a bailar!<\/p>\n<p><em>H\u00e4r hittar du tv\u00e5 radiostationer d\u00e4r de spelar en hel del spansk musik. Lyssna, hitta din favorit och dansa!<\/em><\/p>\n<p><a href=\"http:\/\/www.yes.fm\/player\/star\/40Principales\" target=\"_blank\">Los 40 principales<\/a> (m\u00fasica actual)<\/p>\n<p><a href=\"www.yes.fm\/player\/star\/CadenaDIAL\" target=\"_blank\">Cadena Dial<\/a> (m\u00fasica actual y de hace tiempo)<\/p>\n","protected":false},"excerpt":{"rendered":"<p>Aqu\u00ed encuentras dos emisoras de radio donde puedes escuchar mucha m\u00fasica en espa\u00f1ol. \u00a1Esc\u00fachalas, encuentra tu estilo favorito y a bailar! H\u00e4r hittar du tv\u00e5 radiostationer d\u00e4r de spelar en hel del spansk musik. Lyssna, hitta din favorit och dansa! &hellip; <a href=\"https:\/\/blogg.folkuniversitetet.nu\/spanska\/otros\/musica-en-espanol\/radio\/\">Forts\u00e4tt l\u00e4sa <span class=\"meta-nav\">&rarr;<\/span><\/a><\/p>\n","protected":false},"author":254,"featured_media":0,"parent":121,"menu_order":1,"comment_status":"open","ping_status":"open","template":"","meta":{"footnotes":""},"class_list":["post-195","page","type-page","status-publish","hentry"],"_links":{"self":[{"href":"https:\/\/blogg.folkuniversitetet.nu\/spanska\/wp-json\/wp\/v2\/pages\/195","targetHints":{"allow":["GET"]}}],"collection":[{"href":"https:\/\/blogg.folkuniversitetet.nu\/spanska\/wp-json\/wp\/v2\/pages"}],"about":[{"href":"https:\/\/blogg.folkuniversitetet.nu\/spanska\/wp-json\/wp\/v2\/types\/page"}],"author":[{"embeddable":true,"href":"https:\/\/blogg.folkuniversitetet.nu\/spanska\/wp-json\/wp\/v2\/users\/254"}],"replies":[{"embeddable":true,"href":"https:\/\/blogg.folkuniversitetet.nu\/spanska\/wp-json\/wp\/v2\/comments?post=195"}],"version-history":[{"count":4,"href":"https:\/\/blogg.folkuniversitetet.nu\/spanska\/wp-json\/wp\/v2\/pages\/195\/revisions"}],"predecessor-version":[{"id":231,"href":"https:\/\/blogg.folkuniversitetet.nu\/spanska\/wp-json\/wp\/v2\/pages\/195\/revisions\/231"}],"up":[{"embeddable":true,"href":"https:\/\/blogg.folkuniversitetet.nu\/spanska\/wp-json\/wp\/v2\/pages\/121"}],"wp:attachment":[{"href":"https:\/\/blogg.folkuniversitetet.nu\/spanska\/wp-json\/wp\/v2\/media?parent=195"}],"curies":[{"name":"wp","href":"https:\/\/api.w.org\/{rel}","templated":true}]}}