{"id":192,"date":"2014-12-14T11:32:51","date_gmt":"2014-12-14T11:32:51","guid":{"rendered":"http:\/\/blogg.folkuniversitetet.nu\/spanska\/?page_id=192"},"modified":"2014-12-14T19:40:13","modified_gmt":"2014-12-14T19:40:13","slug":"periodicos-en-espanol","status":"publish","type":"page","link":"https:\/\/blogg.folkuniversitetet.nu\/spanska\/otros\/actualidad-en-espanol\/periodicos-en-espanol\/","title":{"rendered":"Peri\u00f3dicos"},"content":{"rendered":"<p>Aqu\u00ed encuentras los enlaces a las p\u00e1ginas web de tres peri\u00f3dicos espa\u00f1oles \u00a1Vis\u00edtalas y practica leyendo alg\u00fan art\u00edculo que te interese!<\/p>\n<p><em>H\u00e4r hittar du l\u00e4nkarna till tre spanska tidningar. Bes\u00f6k sidorna och \u00f6va genom att l\u00e4sa n\u00e5gon intressant artikel!<\/em><\/p>\n<p><a href=\"http:\/\/elpais.com\/\" target=\"_blank\">El Pa\u00eds<\/a><\/p>\n<p><a href=\"http:\/\/www.publico.es\/\" target=\"_blank\">P\u00fablico<\/a><\/p>\n<p><a href=\"http:\/\/www.elmundo.es\/\" target=\"_blank\">El Mundo<\/a><\/p>\n","protected":false},"excerpt":{"rendered":"<p>Aqu\u00ed encuentras los enlaces a las p\u00e1ginas web de tres peri\u00f3dicos espa\u00f1oles \u00a1Vis\u00edtalas y practica leyendo alg\u00fan art\u00edculo que te interese! H\u00e4r hittar du l\u00e4nkarna till tre spanska tidningar. Bes\u00f6k sidorna och \u00f6va genom att l\u00e4sa n\u00e5gon intressant artikel! El &hellip; <a href=\"https:\/\/blogg.folkuniversitetet.nu\/spanska\/otros\/actualidad-en-espanol\/periodicos-en-espanol\/\">Forts\u00e4tt l\u00e4sa <span class=\"meta-nav\">&rarr;<\/span><\/a><\/p>\n","protected":false},"author":254,"featured_media":0,"parent":189,"menu_order":0,"comment_status":"open","ping_status":"open","template":"","meta":{"footnotes":""},"class_list":["post-192","page","type-page","status-publish","hentry"],"_links":{"self":[{"href":"https:\/\/blogg.folkuniversitetet.nu\/spanska\/wp-json\/wp\/v2\/pages\/192","targetHints":{"allow":["GET"]}}],"collection":[{"href":"https:\/\/blogg.folkuniversitetet.nu\/spanska\/wp-json\/wp\/v2\/pages"}],"about":[{"href":"https:\/\/blogg.folkuniversitetet.nu\/spanska\/wp-json\/wp\/v2\/types\/page"}],"author":[{"embeddable":true,"href":"https:\/\/blogg.folkuniversitetet.nu\/spanska\/wp-json\/wp\/v2\/users\/254"}],"replies":[{"embeddable":true,"href":"https:\/\/blogg.folkuniversitetet.nu\/spanska\/wp-json\/wp\/v2\/comments?post=192"}],"version-history":[{"count":4,"href":"https:\/\/blogg.folkuniversitetet.nu\/spanska\/wp-json\/wp\/v2\/pages\/192\/revisions"}],"predecessor-version":[{"id":227,"href":"https:\/\/blogg.folkuniversitetet.nu\/spanska\/wp-json\/wp\/v2\/pages\/192\/revisions\/227"}],"up":[{"embeddable":true,"href":"https:\/\/blogg.folkuniversitetet.nu\/spanska\/wp-json\/wp\/v2\/pages\/189"}],"wp:attachment":[{"href":"https:\/\/blogg.folkuniversitetet.nu\/spanska\/wp-json\/wp\/v2\/media?parent=192"}],"curies":[{"name":"wp","href":"https:\/\/api.w.org\/{rel}","templated":true}]}}