{"id":186,"date":"2014-12-14T11:17:42","date_gmt":"2014-12-14T11:17:42","guid":{"rendered":"http:\/\/blogg.folkuniversitetet.nu\/spanska\/?page_id=186"},"modified":"2014-12-14T19:36:18","modified_gmt":"2014-12-14T19:36:18","slug":"cuando-era-nina-preterito-imperfecto","status":"publish","type":"page","link":"https:\/\/blogg.folkuniversitetet.nu\/spanska\/a2\/a2-ejercicios\/ejercicios-audio\/cuando-era-nina-preterito-imperfecto\/","title":{"rendered":"Cuando era ni\u00f1a&#8230; (pret\u00e9rito imperfecto)"},"content":{"rendered":"<p>Escucha el texto y f\u00edjate en c\u00f3mo se utiliza el Pret\u00e9rito Imperfecto. Puedes leer el texto mientras lo escuchas, despu\u00e9s grabalo t\u00fa para pr\u00e1cticar. \u00a1Env\u00edalo a tu profesor o d\u00e9jalo en los comentarios de esta p\u00e1gina del blog!<\/p>\n<p><em>Lyssna p\u00e5 texten och var uppm\u00e4rksam p\u00e5 hur de anv\u00e4nder Pret\u00e9rito Imperfecto (Imperfekt). Du kan l\u00e4sa texten medan du lyssnar, sen kan du spela in dig sj\u00e4lv f\u00f6r att \u00f6va. Skicka din inspelning till din l\u00e4rare eller l\u00e4mna den i kommentarsf\u00e4ltet!<\/em><\/p>\n<p><strong>Texto:<\/strong>\u00a0\u00a0 <a href=\"http:\/\/vocaroo.com\/i\/s0mBIhBAXbFK\" target=\"_blank\">http:\/\/vocaroo.com\/i\/s0mBIhBAXbFK<\/a><\/p>\n<p>Cuando era ni\u00f1a ten\u00eda el pelo muy rizado y era un poco t\u00edmida. Mi famil\u00eda y yo viv\u00edamos en una casa peque\u00f1a pero muy bonita, ten\u00eda unas ventanas muy grandes y estaba pintada de color azul. Cada s\u00e1bado \u00edbamos a casa de mis abuelos, mi abuela siempre cocinaba macarrones porque sab\u00eda que era mi comida favorita. Despu\u00e9s de comer mi hermano y yo jug\u00e1bamos en el jard\u00edn hasta que era de noche. \u00a1Me encantaba visitar a mis abuelos cuando era peque\u00f1a!<\/p>\n<p>&nbsp;<\/p>\n<p>Para grabar el ejercicio pincha <a href=\"http:\/\/vocaroo.com\/\" target=\"_blank\">aqu\u00ed<\/a>. \/ F\u00f6r att spela in din \u00f6vning tryck<a href=\"http:\/\/vocaroo.com\/\" target=\"_blank\"> h\u00e4r<\/a>.<\/p>\n","protected":false},"excerpt":{"rendered":"<p>Escucha el texto y f\u00edjate en c\u00f3mo se utiliza el Pret\u00e9rito Imperfecto. Puedes leer el texto mientras lo escuchas, despu\u00e9s grabalo t\u00fa para pr\u00e1cticar. \u00a1Env\u00edalo a tu profesor o d\u00e9jalo en los comentarios de esta p\u00e1gina del blog! Lyssna p\u00e5 &hellip; <a href=\"https:\/\/blogg.folkuniversitetet.nu\/spanska\/a2\/a2-ejercicios\/ejercicios-audio\/cuando-era-nina-preterito-imperfecto\/\">Forts\u00e4tt l\u00e4sa <span class=\"meta-nav\">&rarr;<\/span><\/a><\/p>\n","protected":false},"author":254,"featured_media":0,"parent":178,"menu_order":3,"comment_status":"open","ping_status":"open","template":"","meta":{"footnotes":""},"class_list":["post-186","page","type-page","status-publish","hentry"],"_links":{"self":[{"href":"https:\/\/blogg.folkuniversitetet.nu\/spanska\/wp-json\/wp\/v2\/pages\/186","targetHints":{"allow":["GET"]}}],"collection":[{"href":"https:\/\/blogg.folkuniversitetet.nu\/spanska\/wp-json\/wp\/v2\/pages"}],"about":[{"href":"https:\/\/blogg.folkuniversitetet.nu\/spanska\/wp-json\/wp\/v2\/types\/page"}],"author":[{"embeddable":true,"href":"https:\/\/blogg.folkuniversitetet.nu\/spanska\/wp-json\/wp\/v2\/users\/254"}],"replies":[{"embeddable":true,"href":"https:\/\/blogg.folkuniversitetet.nu\/spanska\/wp-json\/wp\/v2\/comments?post=186"}],"version-history":[{"count":4,"href":"https:\/\/blogg.folkuniversitetet.nu\/spanska\/wp-json\/wp\/v2\/pages\/186\/revisions"}],"predecessor-version":[{"id":225,"href":"https:\/\/blogg.folkuniversitetet.nu\/spanska\/wp-json\/wp\/v2\/pages\/186\/revisions\/225"}],"up":[{"embeddable":true,"href":"https:\/\/blogg.folkuniversitetet.nu\/spanska\/wp-json\/wp\/v2\/pages\/178"}],"wp:attachment":[{"href":"https:\/\/blogg.folkuniversitetet.nu\/spanska\/wp-json\/wp\/v2\/media?parent=186"}],"curies":[{"name":"wp","href":"https:\/\/api.w.org\/{rel}","templated":true}]}}