{"id":184,"date":"2014-12-14T11:12:47","date_gmt":"2014-12-14T11:12:47","guid":{"rendered":"http:\/\/blogg.folkuniversitetet.nu\/spanska\/?page_id=184"},"modified":"2014-12-14T19:36:25","modified_gmt":"2014-12-14T19:36:25","slug":"el-verano-pasado-preterito-indefinido","status":"publish","type":"page","link":"https:\/\/blogg.folkuniversitetet.nu\/spanska\/a2\/a2-ejercicios\/ejercicios-audio\/el-verano-pasado-preterito-indefinido\/","title":{"rendered":"El verano pasado&#8230; (pret\u00e9rito indefinido)"},"content":{"rendered":"<p>Escucha el texto y f\u00edjate en c\u00f3mo se utiliza el Pret\u00e9rito Indefinido. Puedes leer el texto mientras lo escuchas, despu\u00e9s grabalo t\u00fa para pr\u00e1cticar. \u00a1Env\u00edalo a tu profesor o d\u00e9jalo en los comentarios de esta p\u00e1gina del blog!<\/p>\n<p><em>Lyssna p\u00e5 texten och var uppm\u00e4rksam p\u00e5 hur de anv\u00e4nder Pret\u00e9rito Indefinido (Preteritum). Du kan l\u00e4sa texten medan du lyssnar, sen kan du spela in dig sj\u00e4lv f\u00f6r att \u00f6va. Skicka din inspelning till din l\u00e4rare eller l\u00e4mna den i kommentarsf\u00e4ltet!<\/em><\/p>\n<p><strong>Texto:<\/strong>\u00a0\u00a0\u00a0\u00a0 <a href=\"http:\/\/vocaroo.com\/i\/s1LAlrfp76Yk\" target=\"_blank\">http:\/\/vocaroo.com\/i\/s1LAlrfp76Yk<\/a><\/p>\n<p>El verano pasado estuve en Denia, Denia es una ciudad muy bonita en la costa de Alicante. En Denia fui a la playa todos los d\u00edas, me compr\u00e9 unas gafas de bucear y vi muchos peces en el mar. Com\u00ed una paella buen\u00edsima y tambi\u00e9n marisco. Por las tardes pase\u00e9 por el centro de la ciudad y por el paseo mar\u00edtimo, all\u00ed visit\u00e9 su mercadillo de artesan\u00eda. Dorm\u00ed en un camping y alquil\u00e9 una moto para moverme por la zona. Fui de excursi\u00f3n a la monta\u00f1a del Montg\u00f3 y sub\u00ed hasta la cima. Cuando el verano termin\u00f3 me puse un poco triste, fueron unas vacaciones estupendas.<\/p>\n<p>&nbsp;<\/p>\n<p>Para grabar tu ejercicio pincha<a href=\"http:\/\/vocaroo.com\/\" target=\"_blank\"> aqu\u00ed<\/a>. \/ F\u00f6r att spela in din \u00f6vning tryck<a href=\"http:\/\/vocaroo.com\/\" target=\"_blank\"> h\u00e4r<\/a>.<\/p>\n","protected":false},"excerpt":{"rendered":"<p>Escucha el texto y f\u00edjate en c\u00f3mo se utiliza el Pret\u00e9rito Indefinido. Puedes leer el texto mientras lo escuchas, despu\u00e9s grabalo t\u00fa para pr\u00e1cticar. \u00a1Env\u00edalo a tu profesor o d\u00e9jalo en los comentarios de esta p\u00e1gina del blog! Lyssna p\u00e5 &hellip; <a href=\"https:\/\/blogg.folkuniversitetet.nu\/spanska\/a2\/a2-ejercicios\/ejercicios-audio\/el-verano-pasado-preterito-indefinido\/\">Forts\u00e4tt l\u00e4sa <span class=\"meta-nav\">&rarr;<\/span><\/a><\/p>\n","protected":false},"author":254,"featured_media":0,"parent":178,"menu_order":2,"comment_status":"open","ping_status":"open","template":"","meta":{"footnotes":""},"class_list":["post-184","page","type-page","status-publish","hentry"],"_links":{"self":[{"href":"https:\/\/blogg.folkuniversitetet.nu\/spanska\/wp-json\/wp\/v2\/pages\/184","targetHints":{"allow":["GET"]}}],"collection":[{"href":"https:\/\/blogg.folkuniversitetet.nu\/spanska\/wp-json\/wp\/v2\/pages"}],"about":[{"href":"https:\/\/blogg.folkuniversitetet.nu\/spanska\/wp-json\/wp\/v2\/types\/page"}],"author":[{"embeddable":true,"href":"https:\/\/blogg.folkuniversitetet.nu\/spanska\/wp-json\/wp\/v2\/users\/254"}],"replies":[{"embeddable":true,"href":"https:\/\/blogg.folkuniversitetet.nu\/spanska\/wp-json\/wp\/v2\/comments?post=184"}],"version-history":[{"count":4,"href":"https:\/\/blogg.folkuniversitetet.nu\/spanska\/wp-json\/wp\/v2\/pages\/184\/revisions"}],"predecessor-version":[{"id":224,"href":"https:\/\/blogg.folkuniversitetet.nu\/spanska\/wp-json\/wp\/v2\/pages\/184\/revisions\/224"}],"up":[{"embeddable":true,"href":"https:\/\/blogg.folkuniversitetet.nu\/spanska\/wp-json\/wp\/v2\/pages\/178"}],"wp:attachment":[{"href":"https:\/\/blogg.folkuniversitetet.nu\/spanska\/wp-json\/wp\/v2\/media?parent=184"}],"curies":[{"name":"wp","href":"https:\/\/api.w.org\/{rel}","templated":true}]}}