{"id":176,"date":"2014-12-14T10:56:51","date_gmt":"2014-12-14T10:56:51","guid":{"rendered":"http:\/\/blogg.folkuniversitetet.nu\/spanska\/?page_id=176"},"modified":"2014-12-14T19:24:52","modified_gmt":"2014-12-14T19:24:52","slug":"masculinofemenino","status":"publish","type":"page","link":"https:\/\/blogg.folkuniversitetet.nu\/spanska\/a1\/a1-ejercicios\/ejercicios-audio\/masculinofemenino\/","title":{"rendered":"Masculino\/Femenino"},"content":{"rendered":"<p>Escucha el audio y f\u00edjate en los diferentes sustantivos masculinos y femeninos. Puedes leer las palabras mientras escuchas, despu\u00e9s grabalas t\u00fa para practicar. \u00a1Env\u00eda tu audio a tu profesor o dej\u00e1lo en los comentarios de esta p\u00e1gina del blog!<\/p>\n<p><em>Lyssna p\u00e5 h\u00f6r\u00f6vningen och var uppm\u00e4rksam p\u00e5 de olika substantiven i maskulin och femenin form. Du kan l\u00e4sa orden medan du lyssnar, sen kan du spela in dig sj\u00e4lv f\u00f6r att \u00f6va. Skicka din inspelning till din l\u00e4rare eller l\u00e4mna den i kommentarsf\u00e4ltet!<\/em><\/p>\n<p><strong>Ejercicio<\/strong>: <a href=\"http:\/\/vocaroo.com\/i\/s036ap09Jqk8\" target=\"_blank\">http:\/\/vocaroo.com\/i\/s036ap09Jqk8<\/a><\/p>\n<p>1. Masculino: chico, libro, coche, sueco, tel\u00e9fono, abrigo, problema, avi\u00f3n, espa\u00f1ol.<\/p>\n<p>2. Femenino: chica, mesa, casa, sueca, silla, camisa, canci\u00f3n, ciudad, espa\u00f1ola.<\/p>\n<p>&nbsp;<\/p>\n<p>Para grabar tu ejercicio pincha <a href=\"http:\/\/vocaroo.com\/\" target=\"_blank\">aqu\u00ed<\/a>\u00a0 \/ F\u00f6r att spela in din \u00f6vning tryck <a href=\"http:\/\/vocaroo.com\/\" target=\"_blank\">h\u00e4r.<\/a><\/p>\n<p>&nbsp;<\/p>\n","protected":false},"excerpt":{"rendered":"<p>Escucha el audio y f\u00edjate en los diferentes sustantivos masculinos y femeninos. Puedes leer las palabras mientras escuchas, despu\u00e9s grabalas t\u00fa para practicar. \u00a1Env\u00eda tu audio a tu profesor o dej\u00e1lo en los comentarios de esta p\u00e1gina del blog! Lyssna &hellip; <a href=\"https:\/\/blogg.folkuniversitetet.nu\/spanska\/a1\/a1-ejercicios\/ejercicios-audio\/masculinofemenino\/\">Forts\u00e4tt l\u00e4sa <span class=\"meta-nav\">&rarr;<\/span><\/a><\/p>\n","protected":false},"author":254,"featured_media":0,"parent":160,"menu_order":0,"comment_status":"open","ping_status":"open","template":"","meta":{"footnotes":""},"class_list":["post-176","page","type-page","status-publish","hentry"],"_links":{"self":[{"href":"https:\/\/blogg.folkuniversitetet.nu\/spanska\/wp-json\/wp\/v2\/pages\/176","targetHints":{"allow":["GET"]}}],"collection":[{"href":"https:\/\/blogg.folkuniversitetet.nu\/spanska\/wp-json\/wp\/v2\/pages"}],"about":[{"href":"https:\/\/blogg.folkuniversitetet.nu\/spanska\/wp-json\/wp\/v2\/types\/page"}],"author":[{"embeddable":true,"href":"https:\/\/blogg.folkuniversitetet.nu\/spanska\/wp-json\/wp\/v2\/users\/254"}],"replies":[{"embeddable":true,"href":"https:\/\/blogg.folkuniversitetet.nu\/spanska\/wp-json\/wp\/v2\/comments?post=176"}],"version-history":[{"count":4,"href":"https:\/\/blogg.folkuniversitetet.nu\/spanska\/wp-json\/wp\/v2\/pages\/176\/revisions"}],"predecessor-version":[{"id":217,"href":"https:\/\/blogg.folkuniversitetet.nu\/spanska\/wp-json\/wp\/v2\/pages\/176\/revisions\/217"}],"up":[{"embeddable":true,"href":"https:\/\/blogg.folkuniversitetet.nu\/spanska\/wp-json\/wp\/v2\/pages\/160"}],"wp:attachment":[{"href":"https:\/\/blogg.folkuniversitetet.nu\/spanska\/wp-json\/wp\/v2\/media?parent=176"}],"curies":[{"name":"wp","href":"https:\/\/api.w.org\/{rel}","templated":true}]}}