{"id":174,"date":"2014-12-14T10:43:57","date_gmt":"2014-12-14T10:43:57","guid":{"rendered":"http:\/\/blogg.folkuniversitetet.nu\/spanska\/?page_id=174"},"modified":"2014-12-14T19:26:29","modified_gmt":"2014-12-14T19:26:29","slug":"adjetivos","status":"publish","type":"page","link":"https:\/\/blogg.folkuniversitetet.nu\/spanska\/a1\/a1-ejercicios\/ejercicios-audio\/adjetivos\/","title":{"rendered":"Adjetivos"},"content":{"rendered":"<p>Escucha el audio y f\u00edjate en que el adjetivo cambia si el nombre es masculino\/femenino o singular\/plural. Puedes leer las frases mientras las escuchas y despu\u00e9s grabarlas t\u00fa para practicar. \u00a1Env\u00eda tu audio a tu profesor o d\u00e9jalo en los comentarios de esta p\u00e1gina del blog!<\/p>\n<p><em>Lyssna p\u00e5 h\u00f6r\u00f6vningen och var uppm\u00e4rksam p\u00e5 adjektivet \u00e4ndrar sig om substantivet \u00e4r maskulin\/feminin eller singular\/plural. Du kan l\u00e4sa meningarna medan du lyssnar och sen spela in dig sj\u00e4lv f\u00f6r att \u00f6va. Skicka din inspelning till din l\u00e4rare eller l\u00e4mna den i kommentarsf\u00e4ltet!<\/em><\/p>\n<p><strong>Adjetivos<\/strong>: <a href=\"http:\/\/vocaroo.com\/i\/s0PsP8jQLYx6\" target=\"_blank\">http:\/\/vocaroo.com\/i\/s0PsP8jQLYx6<\/a><\/p>\n<p>1. el coche rojo \/ la casa roja \/ los coche rojos \/ las casas rojas<\/p>\n<p>2. el chico alto \/ la chica alta \/ los chicos altos \/ las chicas altas<\/p>\n<p>3. el libro grande \/ la mesa grande \/ los libros grandes \/ las mesas grandes<\/p>\n<p>4. el gato peque\u00f1o \/ la gata peque\u00f1a \/ los gatos peque\u00f1os \/ las gatas peque\u00f1as<\/p>\n<p>&nbsp;<\/p>\n<p>Para grabar tu ejercicio pincha <a href=\"http:\/\/vocaroo.com\/\" target=\"_blank\">aqu\u00ed<\/a>\u00a0 \/ F\u00f6r att spela in din \u00f6vning tryck <a href=\"http:\/\/vocaroo.com\/\" target=\"_blank\">h\u00e4r<\/a><\/p>\n<p>&nbsp;<\/p>\n","protected":false},"excerpt":{"rendered":"<p>Escucha el audio y f\u00edjate en que el adjetivo cambia si el nombre es masculino\/femenino o singular\/plural. Puedes leer las frases mientras las escuchas y despu\u00e9s grabarlas t\u00fa para practicar. \u00a1Env\u00eda tu audio a tu profesor o d\u00e9jalo en los &hellip; <a href=\"https:\/\/blogg.folkuniversitetet.nu\/spanska\/a1\/a1-ejercicios\/ejercicios-audio\/adjetivos\/\">Forts\u00e4tt l\u00e4sa <span class=\"meta-nav\">&rarr;<\/span><\/a><\/p>\n","protected":false},"author":254,"featured_media":0,"parent":160,"menu_order":0,"comment_status":"open","ping_status":"open","template":"","meta":{"footnotes":""},"class_list":["post-174","page","type-page","status-publish","hentry"],"_links":{"self":[{"href":"https:\/\/blogg.folkuniversitetet.nu\/spanska\/wp-json\/wp\/v2\/pages\/174","targetHints":{"allow":["GET"]}}],"collection":[{"href":"https:\/\/blogg.folkuniversitetet.nu\/spanska\/wp-json\/wp\/v2\/pages"}],"about":[{"href":"https:\/\/blogg.folkuniversitetet.nu\/spanska\/wp-json\/wp\/v2\/types\/page"}],"author":[{"embeddable":true,"href":"https:\/\/blogg.folkuniversitetet.nu\/spanska\/wp-json\/wp\/v2\/users\/254"}],"replies":[{"embeddable":true,"href":"https:\/\/blogg.folkuniversitetet.nu\/spanska\/wp-json\/wp\/v2\/comments?post=174"}],"version-history":[{"count":5,"href":"https:\/\/blogg.folkuniversitetet.nu\/spanska\/wp-json\/wp\/v2\/pages\/174\/revisions"}],"predecessor-version":[{"id":218,"href":"https:\/\/blogg.folkuniversitetet.nu\/spanska\/wp-json\/wp\/v2\/pages\/174\/revisions\/218"}],"up":[{"embeddable":true,"href":"https:\/\/blogg.folkuniversitetet.nu\/spanska\/wp-json\/wp\/v2\/pages\/160"}],"wp:attachment":[{"href":"https:\/\/blogg.folkuniversitetet.nu\/spanska\/wp-json\/wp\/v2\/media?parent=174"}],"curies":[{"name":"wp","href":"https:\/\/api.w.org\/{rel}","templated":true}]}}