{"id":168,"date":"2014-12-14T10:31:19","date_gmt":"2014-12-14T10:31:19","guid":{"rendered":"http:\/\/blogg.folkuniversitetet.nu\/spanska\/?page_id=168"},"modified":"2014-12-14T19:29:49","modified_gmt":"2014-12-14T19:29:49","slug":"gj","status":"publish","type":"page","link":"https:\/\/blogg.folkuniversitetet.nu\/spanska\/a1\/a1-ejercicios\/ejercicios-audio\/pronunciacionuttal\/gj\/","title":{"rendered":"g\/j"},"content":{"rendered":"<p>Escucha las diferentes audiciones y f\u00edjate en la diferencia entre las parejas de sonidos. Puedes leer las palabras mientras las escuchas y despu\u00e9s grabarlas t\u00fa para practicar. \u00a1Env\u00eda tu audio a tu profesor o d\u00e9jalo en los comentarios de esta p\u00e1gina del blog!<\/p>\n<p><em>Lyssna p\u00e5 de olika h\u00f6r\u00f6vningarna och var uppm\u00e4rksam p\u00e5 skillnaden mellan olika ljud. Du kan l\u00e4sa orden medan du lyssnar och sen spela in dig sj\u00e4lv f\u00f6r att \u00f6va. Skicka din inspelning till din l\u00e4rare eller l\u00e4mna den i kommentarsf\u00e4ltet!<\/em><\/p>\n<p><strong>Sonidos con g, gu\/j:\u00a0<\/strong>\u00a0 <a href=\"http:\/\/vocaroo.com\/i\/s1ygjDAJT1rB\" target=\"_blank\">http:\/\/vocaroo.com\/i\/s1ygjDAJT1rB<\/a><strong><br \/>\n<\/strong><\/p>\n<p>1. gato\/gastar\u00a0\u00a0\u00a0 guerra\/guepardo\u00a0\u00a0\u00a0 guiso\/guitarra\u00a0 \u00a0 \u00a0 gorro\/goma\u00a0\u00a0\u00a0\u00a0 guante\/guapo<\/p>\n<p>2. jarra\/jam\u00f3n\u00a0\u00a0\u00a0 general\/jengibre\u00a0\u00a0\u00a0\u00a0 gimnasio\/jirafa \u00a0 \u00a0\u00a0 joven\/joya\u00a0\u00a0\u00a0\u00a0\u00a0\u00a0 jugar\/jueves<\/p>\n<p>&nbsp;<\/p>\n<p>Para grabar tu ejercicio pincha<a href=\"http:\/\/vocaroo.com\/\" target=\"_blank\"> aqu\u00ed<\/a>. \/ F\u00f6r att spela in din \u00f6vning tryck<a href=\"http:\/\/vocaroo.com\/\" target=\"_blank\"> h\u00e4r<\/a>.<\/p>\n","protected":false},"excerpt":{"rendered":"<p>Escucha las diferentes audiciones y f\u00edjate en la diferencia entre las parejas de sonidos. Puedes leer las palabras mientras las escuchas y despu\u00e9s grabarlas t\u00fa para practicar. \u00a1Env\u00eda tu audio a tu profesor o d\u00e9jalo en los comentarios de esta &hellip; <a href=\"https:\/\/blogg.folkuniversitetet.nu\/spanska\/a1\/a1-ejercicios\/ejercicios-audio\/pronunciacionuttal\/gj\/\">Forts\u00e4tt l\u00e4sa <span class=\"meta-nav\">&rarr;<\/span><\/a><\/p>\n","protected":false},"author":254,"featured_media":0,"parent":162,"menu_order":0,"comment_status":"open","ping_status":"open","template":"","meta":{"footnotes":""},"class_list":["post-168","page","type-page","status-publish","hentry"],"_links":{"self":[{"href":"https:\/\/blogg.folkuniversitetet.nu\/spanska\/wp-json\/wp\/v2\/pages\/168","targetHints":{"allow":["GET"]}}],"collection":[{"href":"https:\/\/blogg.folkuniversitetet.nu\/spanska\/wp-json\/wp\/v2\/pages"}],"about":[{"href":"https:\/\/blogg.folkuniversitetet.nu\/spanska\/wp-json\/wp\/v2\/types\/page"}],"author":[{"embeddable":true,"href":"https:\/\/blogg.folkuniversitetet.nu\/spanska\/wp-json\/wp\/v2\/users\/254"}],"replies":[{"embeddable":true,"href":"https:\/\/blogg.folkuniversitetet.nu\/spanska\/wp-json\/wp\/v2\/comments?post=168"}],"version-history":[{"count":4,"href":"https:\/\/blogg.folkuniversitetet.nu\/spanska\/wp-json\/wp\/v2\/pages\/168\/revisions"}],"predecessor-version":[{"id":222,"href":"https:\/\/blogg.folkuniversitetet.nu\/spanska\/wp-json\/wp\/v2\/pages\/168\/revisions\/222"}],"up":[{"embeddable":true,"href":"https:\/\/blogg.folkuniversitetet.nu\/spanska\/wp-json\/wp\/v2\/pages\/162"}],"wp:attachment":[{"href":"https:\/\/blogg.folkuniversitetet.nu\/spanska\/wp-json\/wp\/v2\/media?parent=168"}],"curies":[{"name":"wp","href":"https:\/\/api.w.org\/{rel}","templated":true}]}}