{"id":166,"date":"2014-12-14T10:07:33","date_gmt":"2014-12-14T10:07:33","guid":{"rendered":"http:\/\/blogg.folkuniversitetet.nu\/spanska\/?page_id=166"},"modified":"2014-12-14T19:29:09","modified_gmt":"2014-12-14T19:29:09","slug":"cz","status":"publish","type":"page","link":"https:\/\/blogg.folkuniversitetet.nu\/spanska\/a1\/a1-ejercicios\/ejercicios-audio\/pronunciacionuttal\/cz\/","title":{"rendered":"c\/z"},"content":{"rendered":"<p>Escucha las diferentes audiciones y f\u00edjate en la diferencia entre las parejas de sonidos. Puedes leer las palabras mientras las escuchas y despu\u00e9s grabarlas t\u00fa para practicar. \u00a1Env\u00eda tu audio a tu profesor o d\u00e9jalo en los comentarios del blog!<\/p>\n<p><em>Lyssna p\u00e5 de olika h\u00f6r\u00f6vningarna och var uppm\u00e4rksam p\u00e5 skillnaden mellan olika ljud. Du kan l\u00e4sa orden medan du lyssnar och sen spela in dig sj\u00e4lv f\u00f6r att \u00f6va. Skicka din inspelning till din l\u00e4rare eller l\u00e4mna den i kommentarsf\u00e4ltet!<\/em><\/p>\n<p><strong>Sonido con c\/z:<\/strong>\u00a0<a href=\"http:\/\/vocaroo.com\/i\/s0jPscJTiqNU\" target=\"_blank\">http:\/\/vocaroo.com\/i\/s0jPscJTiqNU <strong><br \/>\n<\/strong><\/a><\/p>\n<p>zapato\/Zaragoza\u00a0\u00a0\u00a0 cebra\/cerveza\u00a0\u00a0\u00a0\u00a0 cisne\/cinta\u00a0\u00a0\u00a0\u00a0 z\u00f3calo\/zorro\u00a0\u00a0\u00a0\u00a0 zumo\/zurdo<\/p>\n<p>&nbsp;<\/p>\n<p>Para grabar tu ejercicio pincha <a href=\"http:\/\/vocaroo.com\/\" target=\"_blank\">aqu\u00ed<\/a>. \/ F\u00f6r att spela in din \u00f6vning tryck<a href=\"http:\/\/vocaroo.com\/\" target=\"_blank\"> h\u00e4r<\/a>.<\/p>\n","protected":false},"excerpt":{"rendered":"<p>Escucha las diferentes audiciones y f\u00edjate en la diferencia entre las parejas de sonidos. Puedes leer las palabras mientras las escuchas y despu\u00e9s grabarlas t\u00fa para practicar. \u00a1Env\u00eda tu audio a tu profesor o d\u00e9jalo en los comentarios del blog! &hellip; <a href=\"https:\/\/blogg.folkuniversitetet.nu\/spanska\/a1\/a1-ejercicios\/ejercicios-audio\/pronunciacionuttal\/cz\/\">Forts\u00e4tt l\u00e4sa <span class=\"meta-nav\">&rarr;<\/span><\/a><\/p>\n","protected":false},"author":254,"featured_media":0,"parent":162,"menu_order":0,"comment_status":"open","ping_status":"open","template":"","meta":{"footnotes":""},"class_list":["post-166","page","type-page","status-publish","hentry"],"_links":{"self":[{"href":"https:\/\/blogg.folkuniversitetet.nu\/spanska\/wp-json\/wp\/v2\/pages\/166","targetHints":{"allow":["GET"]}}],"collection":[{"href":"https:\/\/blogg.folkuniversitetet.nu\/spanska\/wp-json\/wp\/v2\/pages"}],"about":[{"href":"https:\/\/blogg.folkuniversitetet.nu\/spanska\/wp-json\/wp\/v2\/types\/page"}],"author":[{"embeddable":true,"href":"https:\/\/blogg.folkuniversitetet.nu\/spanska\/wp-json\/wp\/v2\/users\/254"}],"replies":[{"embeddable":true,"href":"https:\/\/blogg.folkuniversitetet.nu\/spanska\/wp-json\/wp\/v2\/comments?post=166"}],"version-history":[{"count":5,"href":"https:\/\/blogg.folkuniversitetet.nu\/spanska\/wp-json\/wp\/v2\/pages\/166\/revisions"}],"predecessor-version":[{"id":221,"href":"https:\/\/blogg.folkuniversitetet.nu\/spanska\/wp-json\/wp\/v2\/pages\/166\/revisions\/221"}],"up":[{"embeddable":true,"href":"https:\/\/blogg.folkuniversitetet.nu\/spanska\/wp-json\/wp\/v2\/pages\/162"}],"wp:attachment":[{"href":"https:\/\/blogg.folkuniversitetet.nu\/spanska\/wp-json\/wp\/v2\/media?parent=166"}],"curies":[{"name":"wp","href":"https:\/\/api.w.org\/{rel}","templated":true}]}}