{"id":164,"date":"2014-12-14T10:06:33","date_gmt":"2014-12-14T10:06:33","guid":{"rendered":"http:\/\/blogg.folkuniversitetet.nu\/spanska\/?page_id=164"},"modified":"2014-12-14T19:28:34","modified_gmt":"2014-12-14T19:28:34","slug":"cqk","status":"publish","type":"page","link":"https:\/\/blogg.folkuniversitetet.nu\/spanska\/a1\/a1-ejercicios\/ejercicios-audio\/pronunciacionuttal\/cqk\/","title":{"rendered":"c\/q\/k"},"content":{"rendered":"<p>Escucha las diferentes audiciones y f\u00edjate en la diferencia entre las parejas de sonidos. Puedes leer las palabras mientras las escuchas y despu\u00e9s grabarlas t\u00fa para practicar. \u00a1Env\u00eda tu audio a tu profesor o d\u00e9jalo en los comentarios del blog!<\/p>\n<p><em>Lyssna p\u00e5 de olika h\u00f6r\u00f6vningarna och var uppm\u00e4rksam p\u00e5 skillnaden mellan olika ljud. Du kan l\u00e4sa orden medan du lyssnar och sen spela in dig sj\u00e4lv f\u00f6r att \u00f6va. Skicka din inspelning till din l\u00e4rare eller l\u00e4mna den i kommentarsf\u00e4ltet!<\/em><\/p>\n<p><strong>Sonidos con c\/q\/k:<\/strong>\u00a0<a href=\"http:\/\/vocaroo.com\/i\/s0kBdeQPpEel\" target=\"_blank\">http:\/\/vocaroo.com\/i\/s0kBdeQPpEel <\/a><\/p>\n<p>caja\/camino\/karate\u00a0\u00a0\u00a0 queso\/quedar\/k\u00e9fir\u00a0\u00a0\u00a0 quiz\u00e1\/kimono\u00a0\u00a0\u00a0\u00a0 cosa\/comino\/Korfu\u00a0\u00a0\u00a0\u00a0 cuatro\/cupo\/kurdo<\/p>\n<p>&nbsp;<\/p>\n<p>Para grabar tu ejercicio pincha <a href=\"http:\/\/vocaroo.com\/\" target=\"_blank\">aqu\u00ed<\/a>. \/ F\u00f6r att spela in din \u00f6vning tryck<a href=\"http:\/\/vocaroo.com\/\" target=\"_blank\"> h\u00e4r<\/a>.<\/p>\n<p>&nbsp;<\/p>\n","protected":false},"excerpt":{"rendered":"<p>Escucha las diferentes audiciones y f\u00edjate en la diferencia entre las parejas de sonidos. Puedes leer las palabras mientras las escuchas y despu\u00e9s grabarlas t\u00fa para practicar. \u00a1Env\u00eda tu audio a tu profesor o d\u00e9jalo en los comentarios del blog! &hellip; <a href=\"https:\/\/blogg.folkuniversitetet.nu\/spanska\/a1\/a1-ejercicios\/ejercicios-audio\/pronunciacionuttal\/cqk\/\">Forts\u00e4tt l\u00e4sa <span class=\"meta-nav\">&rarr;<\/span><\/a><\/p>\n","protected":false},"author":254,"featured_media":0,"parent":162,"menu_order":0,"comment_status":"open","ping_status":"open","template":"","meta":{"footnotes":""},"class_list":["post-164","page","type-page","status-publish","hentry"],"_links":{"self":[{"href":"https:\/\/blogg.folkuniversitetet.nu\/spanska\/wp-json\/wp\/v2\/pages\/164","targetHints":{"allow":["GET"]}}],"collection":[{"href":"https:\/\/blogg.folkuniversitetet.nu\/spanska\/wp-json\/wp\/v2\/pages"}],"about":[{"href":"https:\/\/blogg.folkuniversitetet.nu\/spanska\/wp-json\/wp\/v2\/types\/page"}],"author":[{"embeddable":true,"href":"https:\/\/blogg.folkuniversitetet.nu\/spanska\/wp-json\/wp\/v2\/users\/254"}],"replies":[{"embeddable":true,"href":"https:\/\/blogg.folkuniversitetet.nu\/spanska\/wp-json\/wp\/v2\/comments?post=164"}],"version-history":[{"count":5,"href":"https:\/\/blogg.folkuniversitetet.nu\/spanska\/wp-json\/wp\/v2\/pages\/164\/revisions"}],"predecessor-version":[{"id":220,"href":"https:\/\/blogg.folkuniversitetet.nu\/spanska\/wp-json\/wp\/v2\/pages\/164\/revisions\/220"}],"up":[{"embeddable":true,"href":"https:\/\/blogg.folkuniversitetet.nu\/spanska\/wp-json\/wp\/v2\/pages\/162"}],"wp:attachment":[{"href":"https:\/\/blogg.folkuniversitetet.nu\/spanska\/wp-json\/wp\/v2\/media?parent=164"}],"curies":[{"name":"wp","href":"https:\/\/api.w.org\/{rel}","templated":true}]}}