{"id":125,"date":"2014-12-13T10:48:07","date_gmt":"2014-12-13T10:48:07","guid":{"rendered":"http:\/\/blogg.folkuniversitetet.nu\/spanska\/?page_id=125"},"modified":"2014-12-13T10:48:35","modified_gmt":"2014-12-13T10:48:35","slug":"caminando-2","status":"publish","type":"page","link":"https:\/\/blogg.folkuniversitetet.nu\/spanska\/a2\/a2-ejercicios\/caminando-2\/","title":{"rendered":"Caminando 2"},"content":{"rendered":"<p>Entra en la p\u00e1gina web de tu libro Caminando 2, utiliza el nombre de usuario y la contrase\u00f1a que encuentras en el libro y pr\u00e1ctica los ejercicios de cada cap\u00edtulo. Tambi\u00e9n puedes escuchar los textos, los ejercicios de audio y material extra.<\/p>\n<p><em>G\u00e5 in p\u00e5 webbsidan f\u00f6r Caminando 2, anv\u00e4nd anv\u00e4ndarnamet och l\u00f6senordet som du hittar i boken och \u00f6va p\u00e5 \u00f6vningarna fr\u00e5n varje kapitel. Du kan ocks\u00e5 lyssna p\u00e5 texterna, h\u00f6r\u00f6vningar och extra material.<\/em><\/p>\n<p><a href=\"http:\/\/www.nok.se\/Laromedel\/Login\/\" target=\"_blank\">Caminando 2<\/a><\/p>\n","protected":false},"excerpt":{"rendered":"<p>Entra en la p\u00e1gina web de tu libro Caminando 2, utiliza el nombre de usuario y la contrase\u00f1a que encuentras en el libro y pr\u00e1ctica los ejercicios de cada cap\u00edtulo. Tambi\u00e9n puedes escuchar los textos, los ejercicios de audio y &hellip; <a href=\"https:\/\/blogg.folkuniversitetet.nu\/spanska\/a2\/a2-ejercicios\/caminando-2\/\">Forts\u00e4tt l\u00e4sa <span class=\"meta-nav\">&rarr;<\/span><\/a><\/p>\n","protected":false},"author":254,"featured_media":0,"parent":85,"menu_order":0,"comment_status":"open","ping_status":"open","template":"","meta":{"footnotes":""},"class_list":["post-125","page","type-page","status-publish","hentry"],"_links":{"self":[{"href":"https:\/\/blogg.folkuniversitetet.nu\/spanska\/wp-json\/wp\/v2\/pages\/125","targetHints":{"allow":["GET"]}}],"collection":[{"href":"https:\/\/blogg.folkuniversitetet.nu\/spanska\/wp-json\/wp\/v2\/pages"}],"about":[{"href":"https:\/\/blogg.folkuniversitetet.nu\/spanska\/wp-json\/wp\/v2\/types\/page"}],"author":[{"embeddable":true,"href":"https:\/\/blogg.folkuniversitetet.nu\/spanska\/wp-json\/wp\/v2\/users\/254"}],"replies":[{"embeddable":true,"href":"https:\/\/blogg.folkuniversitetet.nu\/spanska\/wp-json\/wp\/v2\/comments?post=125"}],"version-history":[{"count":1,"href":"https:\/\/blogg.folkuniversitetet.nu\/spanska\/wp-json\/wp\/v2\/pages\/125\/revisions"}],"predecessor-version":[{"id":126,"href":"https:\/\/blogg.folkuniversitetet.nu\/spanska\/wp-json\/wp\/v2\/pages\/125\/revisions\/126"}],"up":[{"embeddable":true,"href":"https:\/\/blogg.folkuniversitetet.nu\/spanska\/wp-json\/wp\/v2\/pages\/85"}],"wp:attachment":[{"href":"https:\/\/blogg.folkuniversitetet.nu\/spanska\/wp-json\/wp\/v2\/media?parent=125"}],"curies":[{"name":"wp","href":"https:\/\/api.w.org\/{rel}","templated":true}]}}