{"id":123,"date":"2014-12-13T10:27:45","date_gmt":"2014-12-13T10:27:45","guid":{"rendered":"http:\/\/blogg.folkuniversitetet.nu\/spanska\/?page_id=123"},"modified":"2014-12-14T19:09:15","modified_gmt":"2014-12-14T19:09:15","slug":"canciones-para-practicar","status":"publish","type":"page","link":"https:\/\/blogg.folkuniversitetet.nu\/spanska\/otros\/musica-en-espanol\/canciones-para-practicar\/","title":{"rendered":"Canciones para pr\u00e1cticar"},"content":{"rendered":"<p>Aqu\u00ed encuentras videos de famosas canciones en espa\u00f1ol de diferentes niveles que puedes ver con ejercicios para pr\u00e1cticar tu espa\u00f1ol. \u00bfTe atreves?<\/p>\n<p><em>H\u00e4r hittar du videos med k\u00e4nda spanska s\u00e5nger p\u00e5 olika niv\u00e5er som du kan se med \u00f6vningar f\u00f6r att \u00f6va din spanska. Antar du utmaningen?<\/em><\/p>\n<p><a href=\"http:\/\/www.ver-taal.com\/canciones.htm\" target=\"_blank\">Canciones en espa\u00f1ol<\/a><\/p>\n","protected":false},"excerpt":{"rendered":"<p>Aqu\u00ed encuentras videos de famosas canciones en espa\u00f1ol de diferentes niveles que puedes ver con ejercicios para pr\u00e1cticar tu espa\u00f1ol. \u00bfTe atreves? H\u00e4r hittar du videos med k\u00e4nda spanska s\u00e5nger p\u00e5 olika niv\u00e5er som du kan se med \u00f6vningar f\u00f6r &hellip; <a href=\"https:\/\/blogg.folkuniversitetet.nu\/spanska\/otros\/musica-en-espanol\/canciones-para-practicar\/\">Forts\u00e4tt l\u00e4sa <span class=\"meta-nav\">&rarr;<\/span><\/a><\/p>\n","protected":false},"author":254,"featured_media":0,"parent":121,"menu_order":2,"comment_status":"open","ping_status":"open","template":"","meta":{"footnotes":""},"class_list":["post-123","page","type-page","status-publish","hentry"],"_links":{"self":[{"href":"https:\/\/blogg.folkuniversitetet.nu\/spanska\/wp-json\/wp\/v2\/pages\/123","targetHints":{"allow":["GET"]}}],"collection":[{"href":"https:\/\/blogg.folkuniversitetet.nu\/spanska\/wp-json\/wp\/v2\/pages"}],"about":[{"href":"https:\/\/blogg.folkuniversitetet.nu\/spanska\/wp-json\/wp\/v2\/types\/page"}],"author":[{"embeddable":true,"href":"https:\/\/blogg.folkuniversitetet.nu\/spanska\/wp-json\/wp\/v2\/users\/254"}],"replies":[{"embeddable":true,"href":"https:\/\/blogg.folkuniversitetet.nu\/spanska\/wp-json\/wp\/v2\/comments?post=123"}],"version-history":[{"count":3,"href":"https:\/\/blogg.folkuniversitetet.nu\/spanska\/wp-json\/wp\/v2\/pages\/123\/revisions"}],"predecessor-version":[{"id":157,"href":"https:\/\/blogg.folkuniversitetet.nu\/spanska\/wp-json\/wp\/v2\/pages\/123\/revisions\/157"}],"up":[{"embeddable":true,"href":"https:\/\/blogg.folkuniversitetet.nu\/spanska\/wp-json\/wp\/v2\/pages\/121"}],"wp:attachment":[{"href":"https:\/\/blogg.folkuniversitetet.nu\/spanska\/wp-json\/wp\/v2\/media?parent=123"}],"curies":[{"name":"wp","href":"https:\/\/api.w.org\/{rel}","templated":true}]}}