{"id":119,"date":"2014-12-13T10:12:48","date_gmt":"2014-12-13T10:12:48","guid":{"rendered":"http:\/\/blogg.folkuniversitetet.nu\/spanska\/?page_id=119"},"modified":"2014-12-14T19:42:03","modified_gmt":"2014-12-14T19:42:03","slug":"radiotelevision","status":"publish","type":"page","link":"https:\/\/blogg.folkuniversitetet.nu\/spanska\/otros\/actualidad-en-espanol\/radiotelevision\/","title":{"rendered":"Rtve (Radio televisi\u00f3n espa\u00f1ola)"},"content":{"rendered":"<p>En la p\u00e1gina web de Rtve encuentras las series, programas de noticias, documentales, programas deportivos, etc que se emiten en la actualidad o se han emitido en los \u00faltimos a\u00f1os en Espa\u00f1a en la televisi\u00f3n y la radio, \u00a1entra y pr\u00e1ctica!<\/p>\n<p><em>P\u00e5 Rtves webbsida hittar du TV-serier, nyheter, dokument\u00e4rer, sport osv. som visas nu eller som har visats under de senaste \u00e5ren i Spanien p\u00e5 TVn och radion, g\u00e5 in och \u00f6va!<\/em><\/p>\n<p><a href=\"http:\/\/www.rtve.es\/alacarta\/\" target=\"_blank\">Rtve <\/a><\/p>\n","protected":false},"excerpt":{"rendered":"<p>En la p\u00e1gina web de Rtve encuentras las series, programas de noticias, documentales, programas deportivos, etc que se emiten en la actualidad o se han emitido en los \u00faltimos a\u00f1os en Espa\u00f1a en la televisi\u00f3n y la radio, \u00a1entra y &hellip; <a href=\"https:\/\/blogg.folkuniversitetet.nu\/spanska\/otros\/actualidad-en-espanol\/radiotelevision\/\">Forts\u00e4tt l\u00e4sa <span class=\"meta-nav\">&rarr;<\/span><\/a><\/p>\n","protected":false},"author":254,"featured_media":0,"parent":189,"menu_order":0,"comment_status":"open","ping_status":"open","template":"","meta":{"footnotes":""},"class_list":["post-119","page","type-page","status-publish","hentry"],"_links":{"self":[{"href":"https:\/\/blogg.folkuniversitetet.nu\/spanska\/wp-json\/wp\/v2\/pages\/119","targetHints":{"allow":["GET"]}}],"collection":[{"href":"https:\/\/blogg.folkuniversitetet.nu\/spanska\/wp-json\/wp\/v2\/pages"}],"about":[{"href":"https:\/\/blogg.folkuniversitetet.nu\/spanska\/wp-json\/wp\/v2\/types\/page"}],"author":[{"embeddable":true,"href":"https:\/\/blogg.folkuniversitetet.nu\/spanska\/wp-json\/wp\/v2\/users\/254"}],"replies":[{"embeddable":true,"href":"https:\/\/blogg.folkuniversitetet.nu\/spanska\/wp-json\/wp\/v2\/comments?post=119"}],"version-history":[{"count":5,"href":"https:\/\/blogg.folkuniversitetet.nu\/spanska\/wp-json\/wp\/v2\/pages\/119\/revisions"}],"predecessor-version":[{"id":228,"href":"https:\/\/blogg.folkuniversitetet.nu\/spanska\/wp-json\/wp\/v2\/pages\/119\/revisions\/228"}],"up":[{"embeddable":true,"href":"https:\/\/blogg.folkuniversitetet.nu\/spanska\/wp-json\/wp\/v2\/pages\/189"}],"wp:attachment":[{"href":"https:\/\/blogg.folkuniversitetet.nu\/spanska\/wp-json\/wp\/v2\/media?parent=119"}],"curies":[{"name":"wp","href":"https:\/\/api.w.org\/{rel}","templated":true}]}}