{"id":115,"date":"2014-12-13T09:56:55","date_gmt":"2014-12-13T09:56:55","guid":{"rendered":"http:\/\/blogg.folkuniversitetet.nu\/spanska\/?page_id=115"},"modified":"2015-01-24T12:13:46","modified_gmt":"2015-01-24T12:13:46","slug":"folkuniversitetet-goteborg","status":"publish","type":"page","link":"https:\/\/blogg.folkuniversitetet.nu\/spanska\/informacion-general\/folkuniversitetet-goteborg\/","title":{"rendered":"Folkuniversitetet G\u00f6teborg"},"content":{"rendered":"<p>Visita la p\u00e1gina web de Folkuniversitetet, encontrar\u00e1s cursos interesantes relacionados con el espa\u00f1ol como nuestros s\u00e1bados de gram\u00e1tica, &#8221;empieza con el espa\u00f1ol&#8221;\u00a0 y otros cursos. Tambi\u00e9n encontrar\u00e1s informaci\u00f3n sobre otras materias y otras actividades\/cursos que te pueden interesar.<\/p>\n<p><em>G\u00e5 in p\u00e5 Folkuniversitetets webbsida, d\u00e4r du hittar intressanta kurser i spanska s\u00e5 som v\u00e5r l\u00f6rdagsgrammatik, &#8221;kom ig\u00e5ng med spanska&#8221; och andra kurser. D\u00e4r hittar du ocks\u00e5 information om andra \u00e4mnen och andra aktiviteter\/kurser som du kanske \u00e4r intresserad av.<\/em><\/p>\n<p><a href=\"http:\/\/www.folkuniversitetet.se\/Har-finns-vi\/Goteborg\/\" target=\"_blank\">Folkuniversitetet G\u00f6teborg<\/a><\/p>\n","protected":false},"excerpt":{"rendered":"<p>Visita la p\u00e1gina web de Folkuniversitetet, encontrar\u00e1s cursos interesantes relacionados con el espa\u00f1ol como nuestros s\u00e1bados de gram\u00e1tica, &#8221;empieza con el espa\u00f1ol&#8221;\u00a0 y otros cursos. Tambi\u00e9n encontrar\u00e1s informaci\u00f3n sobre otras materias y otras actividades\/cursos que te pueden interesar. G\u00e5 in &hellip; <a href=\"https:\/\/blogg.folkuniversitetet.nu\/spanska\/informacion-general\/folkuniversitetet-goteborg\/\">Forts\u00e4tt l\u00e4sa <span class=\"meta-nav\">&rarr;<\/span><\/a><\/p>\n","protected":false},"author":254,"featured_media":0,"parent":66,"menu_order":1,"comment_status":"open","ping_status":"open","template":"","meta":{"footnotes":""},"class_list":["post-115","page","type-page","status-publish","hentry"],"_links":{"self":[{"href":"https:\/\/blogg.folkuniversitetet.nu\/spanska\/wp-json\/wp\/v2\/pages\/115","targetHints":{"allow":["GET"]}}],"collection":[{"href":"https:\/\/blogg.folkuniversitetet.nu\/spanska\/wp-json\/wp\/v2\/pages"}],"about":[{"href":"https:\/\/blogg.folkuniversitetet.nu\/spanska\/wp-json\/wp\/v2\/types\/page"}],"author":[{"embeddable":true,"href":"https:\/\/blogg.folkuniversitetet.nu\/spanska\/wp-json\/wp\/v2\/users\/254"}],"replies":[{"embeddable":true,"href":"https:\/\/blogg.folkuniversitetet.nu\/spanska\/wp-json\/wp\/v2\/comments?post=115"}],"version-history":[{"count":4,"href":"https:\/\/blogg.folkuniversitetet.nu\/spanska\/wp-json\/wp\/v2\/pages\/115\/revisions"}],"predecessor-version":[{"id":284,"href":"https:\/\/blogg.folkuniversitetet.nu\/spanska\/wp-json\/wp\/v2\/pages\/115\/revisions\/284"}],"up":[{"embeddable":true,"href":"https:\/\/blogg.folkuniversitetet.nu\/spanska\/wp-json\/wp\/v2\/pages\/66"}],"wp:attachment":[{"href":"https:\/\/blogg.folkuniversitetet.nu\/spanska\/wp-json\/wp\/v2\/media?parent=115"}],"curies":[{"name":"wp","href":"https:\/\/api.w.org\/{rel}","templated":true}]}}