{"id":107,"date":"2014-12-13T08:50:53","date_gmt":"2014-12-13T08:50:53","guid":{"rendered":"http:\/\/blogg.folkuniversitetet.nu\/spanska\/?page_id=107"},"modified":"2014-12-13T10:49:35","modified_gmt":"2014-12-13T10:49:35","slug":"caminando-1","status":"publish","type":"page","link":"https:\/\/blogg.folkuniversitetet.nu\/spanska\/a1\/a1-ejercicios\/caminando-1\/","title":{"rendered":"Caminando 1"},"content":{"rendered":"<p>Entra en la p\u00e1gina web de tu libro Caminando 1, utiliza el nombre de usuario y la contrase\u00f1a que encuentras en el libro y pr\u00e1ctica los ejercicios de cada cap\u00edtulo. Tambi\u00e9n puedes escuchar los textos, los ejercicios de audio y material extra.<\/p>\n<p><em>G\u00e5 in p\u00e5 webbsidan f\u00f6r Caminando 1, anv\u00e4nd anv\u00e4ndarnamet och l\u00f6senordet som du hittar i boken och \u00f6va p\u00e5 \u00f6vningarna fr\u00e5n varje kapitel. Du kan ocks\u00e5 lyssna p\u00e5 texterna, h\u00f6r\u00f6vningar och extra material.<\/em><\/p>\n<p><a href=\"http:\/\/www.nok.se\/Laromedel\/Login\/\" target=\"_blank\">Caminado 1<\/a><\/p>\n","protected":false},"excerpt":{"rendered":"<p>Entra en la p\u00e1gina web de tu libro Caminando 1, utiliza el nombre de usuario y la contrase\u00f1a que encuentras en el libro y pr\u00e1ctica los ejercicios de cada cap\u00edtulo. Tambi\u00e9n puedes escuchar los textos, los ejercicios de audio y &hellip; <a href=\"https:\/\/blogg.folkuniversitetet.nu\/spanska\/a1\/a1-ejercicios\/caminando-1\/\">Forts\u00e4tt l\u00e4sa <span class=\"meta-nav\">&rarr;<\/span><\/a><\/p>\n","protected":false},"author":254,"featured_media":0,"parent":29,"menu_order":0,"comment_status":"open","ping_status":"open","template":"","meta":{"footnotes":""},"class_list":["post-107","page","type-page","status-publish","hentry"],"_links":{"self":[{"href":"https:\/\/blogg.folkuniversitetet.nu\/spanska\/wp-json\/wp\/v2\/pages\/107","targetHints":{"allow":["GET"]}}],"collection":[{"href":"https:\/\/blogg.folkuniversitetet.nu\/spanska\/wp-json\/wp\/v2\/pages"}],"about":[{"href":"https:\/\/blogg.folkuniversitetet.nu\/spanska\/wp-json\/wp\/v2\/types\/page"}],"author":[{"embeddable":true,"href":"https:\/\/blogg.folkuniversitetet.nu\/spanska\/wp-json\/wp\/v2\/users\/254"}],"replies":[{"embeddable":true,"href":"https:\/\/blogg.folkuniversitetet.nu\/spanska\/wp-json\/wp\/v2\/comments?post=107"}],"version-history":[{"count":2,"href":"https:\/\/blogg.folkuniversitetet.nu\/spanska\/wp-json\/wp\/v2\/pages\/107\/revisions"}],"predecessor-version":[{"id":127,"href":"https:\/\/blogg.folkuniversitetet.nu\/spanska\/wp-json\/wp\/v2\/pages\/107\/revisions\/127"}],"up":[{"embeddable":true,"href":"https:\/\/blogg.folkuniversitetet.nu\/spanska\/wp-json\/wp\/v2\/pages\/29"}],"wp:attachment":[{"href":"https:\/\/blogg.folkuniversitetet.nu\/spanska\/wp-json\/wp\/v2\/media?parent=107"}],"curies":[{"name":"wp","href":"https:\/\/api.w.org\/{rel}","templated":true}]}}