{"id":332,"date":"2023-05-10T07:55:00","date_gmt":"2023-05-10T05:55:00","guid":{"rendered":"https:\/\/blogg.folkuniversitetet.nu\/sangji\/?page_id=332"},"modified":"2025-09-05T10:32:54","modified_gmt":"2025-09-05T08:32:54","slug":"om-mig-jiro-%f0%9f%a6%a6","status":"publish","type":"page","link":"https:\/\/blogg.folkuniversitetet.nu\/sangji\/","title":{"rendered":"Om mig &#8211; Jiro \ud83e\udda6"},"content":{"rendered":"<pre><span style=\"font-weight: 400\">Hall\u00e5 hej, <\/span>\r\n\r\n<span style=\"font-weight: 400\">Jag heter Jiro och arbetar som svenskl\u00e4rare h\u00e4r p\u00e5 Folkuniversitetet. Jag jobbar \u00e4ven som applikationskonsult och tycker att det \u00e4r skoj. Jag bor i Nacka tillsammans med min man Oliver och v\u00e5r lilla hund Junie. \ud83d\udc3b<\/span><a href=\"http:\/\/blogg.folkuniversitetet.nu\/sangji\/files\/2023\/05\/Bollen-1.jpg\"><span style=\"font-weight: 400\">\u00a0<\/span><\/a>\r\n\r\n<span style=\"font-weight: 400\"><a href=\"http:\/\/blogg.folkuniversitetet.nu\/sangji\/files\/2023\/05\/Bollen-1.jpg\"><img loading=\"lazy\" decoding=\"async\" class=\"wp-image-337 alignleft\" src=\"http:\/\/blogg.folkuniversitetet.nu\/sangji\/files\/2023\/05\/Bollen-1-258x300.jpg\" alt=\"\" width=\"200\" height=\"232\" srcset=\"https:\/\/blogg.folkuniversitetet.nu\/sangji\/files\/2023\/05\/Bollen-1-258x300.jpg 258w, https:\/\/blogg.folkuniversitetet.nu\/sangji\/files\/2023\/05\/Bollen-1.jpg 542w\" sizes=\"auto, (max-width: 200px) 100vw, 200px\" \/><\/a><a href=\"http:\/\/blogg.folkuniversitetet.nu\/sangji\/files\/2023\/05\/Jiro-Och-Polly.jpg\"><img loading=\"lazy\" decoding=\"async\" class=\"alignnone size-medium wp-image-340\" src=\"http:\/\/blogg.folkuniversitetet.nu\/sangji\/files\/2023\/05\/Jiro-Och-Polly-300x225.jpg\" alt=\"\" width=\"300\" height=\"225\" srcset=\"https:\/\/blogg.folkuniversitetet.nu\/sangji\/files\/2023\/05\/Jiro-Och-Polly-300x225.jpg 300w, https:\/\/blogg.folkuniversitetet.nu\/sangji\/files\/2023\/05\/Jiro-Och-Polly-1024x769.jpg 1024w, https:\/\/blogg.folkuniversitetet.nu\/sangji\/files\/2023\/05\/Jiro-Och-Polly-768x577.jpg 768w, https:\/\/blogg.folkuniversitetet.nu\/sangji\/files\/2023\/05\/Jiro-Och-Polly-1536x1154.jpg 1536w, https:\/\/blogg.folkuniversitetet.nu\/sangji\/files\/2023\/05\/Jiro-Och-Polly-676x508.jpg 676w, https:\/\/blogg.folkuniversitetet.nu\/sangji\/files\/2023\/05\/Jiro-Och-Polly.jpg 2048w\" sizes=\"auto, (max-width: 300px) 100vw, 300px\" \/><\/a> \r\n\r\n<a href=\"http:\/\/blogg.folkuniversitetet.nu\/sangji\/files\/2025\/09\/JO.png\"><img loading=\"lazy\" decoding=\"async\" class=\"alignnone size-medium wp-image-568\" src=\"http:\/\/blogg.folkuniversitetet.nu\/sangji\/files\/2025\/09\/JO-300x201.png\" alt=\"\" width=\"300\" height=\"201\" srcset=\"https:\/\/blogg.folkuniversitetet.nu\/sangji\/files\/2025\/09\/JO-300x201.png 300w, https:\/\/blogg.folkuniversitetet.nu\/sangji\/files\/2025\/09\/JO-676x453.png 676w, https:\/\/blogg.folkuniversitetet.nu\/sangji\/files\/2025\/09\/JO.png 705w\" sizes=\"auto, (max-width: 300px) 100vw, 300px\" \/><\/a>\r\n\r\nJunie pluggar tyv\u00e4rr inte. Hennes jobb \u00e4r att leka hela dagarna. \r\n<\/span><span style=\"font-weight: 400\">Min man jobbar som projektingenj\u00f6r och p\u00e5 fritiden tycker han om att titta p\u00e5 fotboll. Hans favorit fotbollslag \u00e4r Djurg\u00e5rden. Oliver pratar svenska, tyska och engelska. <\/span>\r\n\r\n<span style=\"font-weight: 400\">P\u00e5 fritiden gillar jag att l\u00e4sa b\u00f6cker, lyssna p\u00e5 poddar och fika! Min favoritartist \u00e4r Hozier och mina topp 3 l\u00e5tar finns nedan. \r\n\r\nM\u00e5nga Kramar!\r\nJiro\r\n\r\n<\/span><\/pre>\n<p><iframe title=\"Spotify Embed: Wasteland, Baby!\" style=\"border-radius: 12px\" width=\"100%\" height=\"152\" frameborder=\"0\" allowfullscreen allow=\"autoplay; clipboard-write; encrypted-media; fullscreen; picture-in-picture\" loading=\"lazy\" src=\"https:\/\/open.spotify.com\/embed\/track\/1IbgYIuVwJsibCcT5GFYHy?si=74ef4cc910bb428a&#038;utm_source=oembed\"><\/iframe><\/p>\n<p><iframe title=\"Spotify Embed: Swan Upon Leda\" style=\"border-radius: 12px\" width=\"100%\" height=\"152\" frameborder=\"0\" allowfullscreen allow=\"autoplay; clipboard-write; encrypted-media; fullscreen; picture-in-picture\" loading=\"lazy\" src=\"https:\/\/open.spotify.com\/embed\/track\/3TjoLn6AliBGi3QbwwTxKp?si=a658f2d8f78c4a3b&#038;utm_source=oembed\"><\/iframe><\/p>\n<p><iframe title=\"Spotify Embed: Cherry Wine - Live\" style=\"border-radius: 12px\" width=\"100%\" height=\"152\" frameborder=\"0\" allowfullscreen allow=\"autoplay; clipboard-write; encrypted-media; fullscreen; picture-in-picture\" loading=\"lazy\" src=\"https:\/\/open.spotify.com\/embed\/track\/1FWFmQZwvNctmy8kT5ESw1?si=376e719d5ad24d4d&#038;utm_source=oembed\"><\/iframe><\/p>\n<pre><\/pre>\n<p>&nbsp;<\/p>\n","protected":false},"excerpt":{"rendered":"<p>Hall\u00e5 hej, Jag heter Jiro och arbetar som svenskl\u00e4rare h\u00e4r p\u00e5 Folkuniversitetet. Jag jobbar \u00e4ven som applikationskonsult och tycker att det \u00e4r skoj. Jag bor i Nacka tillsammans med min man Oliver och v\u00e5r lilla hund Junie. \ud83d\udc3b\u00a0 Junie pluggar tyv\u00e4rr inte. Hennes jobb \u00e4r att leka hela dagarna. Min man jobbar som projektingenj\u00f6r och [&hellip;]<\/p>\n","protected":false},"author":893,"featured_media":0,"parent":0,"menu_order":0,"comment_status":"closed","ping_status":"closed","template":"","meta":{"footnotes":""},"class_list":["post-332","page","type-page","status-publish","hentry","post-preview"],"_links":{"self":[{"href":"https:\/\/blogg.folkuniversitetet.nu\/sangji\/wp-json\/wp\/v2\/pages\/332","targetHints":{"allow":["GET"]}}],"collection":[{"href":"https:\/\/blogg.folkuniversitetet.nu\/sangji\/wp-json\/wp\/v2\/pages"}],"about":[{"href":"https:\/\/blogg.folkuniversitetet.nu\/sangji\/wp-json\/wp\/v2\/types\/page"}],"author":[{"embeddable":true,"href":"https:\/\/blogg.folkuniversitetet.nu\/sangji\/wp-json\/wp\/v2\/users\/893"}],"replies":[{"embeddable":true,"href":"https:\/\/blogg.folkuniversitetet.nu\/sangji\/wp-json\/wp\/v2\/comments?post=332"}],"version-history":[{"count":43,"href":"https:\/\/blogg.folkuniversitetet.nu\/sangji\/wp-json\/wp\/v2\/pages\/332\/revisions"}],"predecessor-version":[{"id":339,"href":"https:\/\/blogg.folkuniversitetet.nu\/sangji\/wp-json\/wp\/v2\/pages\/332\/revisions\/339"}],"wp:attachment":[{"href":"https:\/\/blogg.folkuniversitetet.nu\/sangji\/wp-json\/wp\/v2\/media?parent=332"}],"curies":[{"name":"wp","href":"https:\/\/api.w.org\/{rel}","templated":true}]}}