{"id":326,"date":"2023-05-10T07:41:27","date_gmt":"2023-05-10T05:41:27","guid":{"rendered":"https:\/\/blogg.folkuniversitetet.nu\/sangji\/?page_id=326"},"modified":"2024-02-21T23:19:56","modified_gmt":"2024-02-21T22:19:56","slug":"spotify-%f0%9f%8e%b7","status":"publish","type":"page","link":"https:\/\/blogg.folkuniversitetet.nu\/sangji\/spotify-%f0%9f%8e%b7\/","title":{"rendered":"Spotify &#8211; Min spellista med svensk pop\ud83c\udfb7"},"content":{"rendered":"<pre>Hall\u00e5 hej, \r\n\r\nLyssna p\u00e5 min Spotify-lista f\u00f6r att utveckla ditt ordf\u00f6rr\u00e5d \u00e4nnu mer! \r\nH\u00e4r har du n\u00e5gra av mina favorit l\u00e5tar.<\/pre>\n<p><iframe title=\"Spotify Embed: Svenska L\u00e5tar \ud83d\udc9b\" style=\"border-radius: 12px\" width=\"100%\" height=\"352\" frameborder=\"0\" allowfullscreen allow=\"autoplay; clipboard-write; encrypted-media; fullscreen; picture-in-picture\" loading=\"lazy\" src=\"https:\/\/open.spotify.com\/embed\/playlist\/06mhpw6YT7RBf7WAKc5t1R?si=5eeb94a2139d4a6c&#038;utm_source=oembed\"><\/iframe><\/p>\n","protected":false},"excerpt":{"rendered":"<p>Hall\u00e5 hej, Lyssna p\u00e5 min Spotify-lista f\u00f6r att utveckla ditt ordf\u00f6rr\u00e5d \u00e4nnu mer! H\u00e4r har du n\u00e5gra av mina favorit l\u00e5tar.<\/p>\n","protected":false},"author":893,"featured_media":0,"parent":0,"menu_order":0,"comment_status":"closed","ping_status":"closed","template":"","meta":{"footnotes":""},"class_list":["post-326","page","type-page","status-publish","hentry","post-preview"],"_links":{"self":[{"href":"https:\/\/blogg.folkuniversitetet.nu\/sangji\/wp-json\/wp\/v2\/pages\/326","targetHints":{"allow":["GET"]}}],"collection":[{"href":"https:\/\/blogg.folkuniversitetet.nu\/sangji\/wp-json\/wp\/v2\/pages"}],"about":[{"href":"https:\/\/blogg.folkuniversitetet.nu\/sangji\/wp-json\/wp\/v2\/types\/page"}],"author":[{"embeddable":true,"href":"https:\/\/blogg.folkuniversitetet.nu\/sangji\/wp-json\/wp\/v2\/users\/893"}],"replies":[{"embeddable":true,"href":"https:\/\/blogg.folkuniversitetet.nu\/sangji\/wp-json\/wp\/v2\/comments?post=326"}],"version-history":[{"count":7,"href":"https:\/\/blogg.folkuniversitetet.nu\/sangji\/wp-json\/wp\/v2\/pages\/326\/revisions"}],"predecessor-version":[{"id":523,"href":"https:\/\/blogg.folkuniversitetet.nu\/sangji\/wp-json\/wp\/v2\/pages\/326\/revisions\/523"}],"wp:attachment":[{"href":"https:\/\/blogg.folkuniversitetet.nu\/sangji\/wp-json\/wp\/v2\/media?parent=326"}],"curies":[{"name":"wp","href":"https:\/\/api.w.org\/{rel}","templated":true}]}}