{"id":9014,"date":"2026-05-02T11:52:39","date_gmt":"2026-05-02T11:52:39","guid":{"rendered":"https:\/\/blogg.folkuniversitetet.nu\/rogbev\/?page_id=9014"},"modified":"2026-05-13T10:02:42","modified_gmt":"2026-05-13T10:02:42","slug":"b2-lordagskurs","status":"publish","type":"page","link":"https:\/\/blogg.folkuniversitetet.nu\/rogbev\/b2-lordagskurs\/","title":{"rendered":"B2+ l\u00f6rdagskurs"},"content":{"rendered":"<p>&nbsp;<\/p>\n<p>&nbsp;<\/p>\n<h1><strong>\u00a0 \u00a0 \u00a0 \u00a0 \u00a0 \u00a0 \u00a0 \u00a0 \u00a0 \u00a0 <span style=\"color: #ff0000\">\u00a0 V\u00c4LKOMMEN\u00a0<\/span><\/strong><\/h1>\n<p><strong>Klassrum\u00a0 \u00a0 \u00a0 331<\/strong><\/p>\n<p><strong>Kursbok \u00a0<\/strong>\u00a0 \u00a0 \u00a0<strong>Rivstart\u00a0 B2+C1\u00a0 \u00a0<\/strong>Textbok och \u00d6vningsbok\u00a0\u00a0 \u00a0\u00a0\u00a0 Vi g\u00f6r kapitel 5 och 6 p\u00e5 kursen<\/p>\n<p><strong>Kontakt<\/strong>\u00a0 \u00a0 \u00a0 \u00a0 eva.rogby@folkuniversitetet.se<\/p>\n<p class=\"x_xxxxxxxxxxxmsonormal\"><b>\u00a0 \u00a0 \u00a0 \u00a0 \u00a0 \u00a0 \u00a0 \u00a0 \u00a0 \u00a0 \u00a0 \u00a0 \u00a0 \u00a0 \u00a0 \u00a0WIFI<\/b><\/p>\n<p class=\"x_xxxxxxxxxxxmsonormal\"><strong>Namn\u00a0<\/strong>\u00a0 \u00a0 \u00a0 \u00a0 \u00a0Fuguest<\/p>\n<p class=\"x_xxxxxxxxxxxmsonormal\"><strong>L\u00f6senord\u00a0<\/strong>\u00a0Folkuniversitetet-P<\/p>\n<p><span style=\"color: #808000\"><strong>L\u00e4xa till l\u00f6rdag 16 maj<\/strong><\/span><\/p>\n<p><strong>\u00d6B<\/strong> sidan 82 A\u00a0 G\u00f6r klart denna \u00f6vning<\/p>\n<p><strong>TB<\/strong> sidan 111-113.\u00a0 \u00a0Det h\u00e4r \u00e4r en text om Karin Boye, en av Sveriges mest k\u00e4nda och \u00e4lskade poeter.\u00a0 Vi fokuserar p\u00e5 vokabul\u00e4ret i denna text s\u00e5 ni markerar och \u00f6vers\u00e4tter alla ord som finns p\u00e5 pappret.<\/p>\n<p>Ni kommer att f\u00e5 g\u00f6ra ordleken, d\u00e4r jag har valt ut 16 ord.<\/p>\n<p>N\u00e4r ni har gjort klart allt, tittar ni p\u00e5 sidan 109 i Textboken. D\u00e4r finns 4 superk\u00e4nda dikter av Boye. V\u00e4lj 1 dikt och f\u00f6rs\u00f6k tolka den.\u00a0 Vad tror du att Boye menar\/vill s\u00e4ga?\u00a0 Hittar du n\u00e5gra omoderna\/gammalmodiga ord?<\/p>\n<p>&nbsp;<\/p>\n<p>&nbsp;<\/p>\n<p><span style=\"color: #808000\"><strong>L\u00e4xa till l\u00f6rdag 9 maj<\/strong><\/span><\/p>\n<p><strong>\u00d6B<\/strong> sidan 78-80<\/p>\n<p><strong>TB<\/strong> sidan 106-107\u00a0<span style=\"color: #ff6600\"> <strong>Ur <em>Konsten att vara sn\u00e4ll\u00a0\u00a0<\/em><\/strong><\/span><\/p>\n<p>G\u00f6r <strong>E<\/strong>\u00a0 och reflektera runt de 3 fr\u00e5gorna i \u00a0<strong>F<\/strong> p\u00e5 sidan 108<\/p>\n<p>Vi lyssnar ocks\u00e5 p\u00e5 avsnitt 65\u00a0 <span style=\"color: #993300\"><strong>Gaska upp dig!\u00a0<\/strong><\/span> p\u00e5 podden Veckans fras.\u00a0 \u00a0 L\u00e4nk finns p\u00e5 min blogg<\/p>\n","protected":false},"excerpt":{"rendered":"<p>&nbsp; &nbsp; \u00a0 \u00a0 \u00a0 \u00a0 \u00a0 \u00a0 \u00a0 \u00a0 \u00a0 \u00a0 \u00a0 V\u00c4LKOMMEN\u00a0 Klassrum\u00a0 \u00a0 \u00a0 331 Kursbok \u00a0\u00a0 \u00a0 \u00a0Rivstart\u00a0 B2+C1\u00a0 \u00a0Textbok och \u00d6vningsbok\u00a0\u00a0 \u00a0\u00a0\u00a0 Vi g\u00f6r kapitel 5 och 6 p\u00e5 kursen Kontakt\u00a0 \u00a0 \u00a0 \u00a0 eva.rogby@folkuniversitetet.se \u00a0 \u00a0 \u00a0 \u00a0 \u00a0 \u00a0 \u00a0 \u00a0 \u00a0 \u00a0 \u00a0 \u00a0 \u00a0 \u00a0 \u00a0 [&hellip;]<\/p>\n","protected":false},"author":191,"featured_media":0,"parent":0,"menu_order":0,"comment_status":"closed","ping_status":"closed","template":"","meta":{"footnotes":""},"class_list":["post-9014","page","type-page","status-publish","hentry","post-preview"],"_links":{"self":[{"href":"https:\/\/blogg.folkuniversitetet.nu\/rogbev\/wp-json\/wp\/v2\/pages\/9014","targetHints":{"allow":["GET"]}}],"collection":[{"href":"https:\/\/blogg.folkuniversitetet.nu\/rogbev\/wp-json\/wp\/v2\/pages"}],"about":[{"href":"https:\/\/blogg.folkuniversitetet.nu\/rogbev\/wp-json\/wp\/v2\/types\/page"}],"author":[{"embeddable":true,"href":"https:\/\/blogg.folkuniversitetet.nu\/rogbev\/wp-json\/wp\/v2\/users\/191"}],"replies":[{"embeddable":true,"href":"https:\/\/blogg.folkuniversitetet.nu\/rogbev\/wp-json\/wp\/v2\/comments?post=9014"}],"version-history":[{"count":7,"href":"https:\/\/blogg.folkuniversitetet.nu\/rogbev\/wp-json\/wp\/v2\/pages\/9014\/revisions"}],"predecessor-version":[{"id":9042,"href":"https:\/\/blogg.folkuniversitetet.nu\/rogbev\/wp-json\/wp\/v2\/pages\/9014\/revisions\/9042"}],"wp:attachment":[{"href":"https:\/\/blogg.folkuniversitetet.nu\/rogbev\/wp-json\/wp\/v2\/media?parent=9014"}],"curies":[{"name":"wp","href":"https:\/\/api.w.org\/{rel}","templated":true}]}}