{"id":8887,"date":"2026-02-16T13:59:31","date_gmt":"2026-02-16T13:59:31","guid":{"rendered":"https:\/\/blogg.folkuniversitetet.nu\/rogbev\/?page_id=8887"},"modified":"2026-03-02T12:14:34","modified_gmt":"2026-03-02T12:14:34","slug":"veckans-fras","status":"publish","type":"page","link":"https:\/\/blogg.folkuniversitetet.nu\/rogbev\/veckans-fras\/","title":{"rendered":"Veckans fras"},"content":{"rendered":"<p><span style=\"color: #800080\"><strong>F\u00f6rb\u00e4ttra din svenska med Veckans fras! En ny fras sl\u00e4pps varje tisdag, och spr\u00e5kl\u00e4rarna Emil och Sofi diskuterar och f\u00f6rklarar vad den betyder.<\/strong><\/span><\/p>\n<p>H\u00e4r hittar ni en riktigt rolig och l\u00e4rorik\u00a0 podd med olika fraser och utryck som svenskar ofta anv\u00e4nder. Dessa kan dock vara lite sv\u00e5ra att b\u00e5de f\u00f6rst\u00e5 och sj\u00e4lv anv\u00e4nda n\u00e4r man inte har svenska som modersm\u00e5l.<\/p>\n<p>S\u00e5, lyssna och l\u00e4r av Sofi och Emil<\/p>\n<p><a href=\"https:\/\/poddtoppen.se\/podcast\/1793777178\/veckans-fras\">https:\/\/poddtoppen.se\/podcast\/1793777178\/veckans-fras<\/a><\/p>\n<p>&nbsp;<\/p>\n<p>&nbsp;<\/p>\n<p>&nbsp;<\/p>\n","protected":false},"excerpt":{"rendered":"<p>F\u00f6rb\u00e4ttra din svenska med Veckans fras! En ny fras sl\u00e4pps varje tisdag, och spr\u00e5kl\u00e4rarna Emil och Sofi diskuterar och f\u00f6rklarar vad den betyder. H\u00e4r hittar ni en riktigt rolig och l\u00e4rorik\u00a0 podd med olika fraser och utryck som svenskar ofta anv\u00e4nder. Dessa kan dock vara lite sv\u00e5ra att b\u00e5de f\u00f6rst\u00e5 och sj\u00e4lv anv\u00e4nda n\u00e4r man [&hellip;]<\/p>\n","protected":false},"author":191,"featured_media":0,"parent":0,"menu_order":0,"comment_status":"closed","ping_status":"closed","template":"","meta":{"footnotes":""},"class_list":["post-8887","page","type-page","status-publish","hentry","post-preview"],"_links":{"self":[{"href":"https:\/\/blogg.folkuniversitetet.nu\/rogbev\/wp-json\/wp\/v2\/pages\/8887","targetHints":{"allow":["GET"]}}],"collection":[{"href":"https:\/\/blogg.folkuniversitetet.nu\/rogbev\/wp-json\/wp\/v2\/pages"}],"about":[{"href":"https:\/\/blogg.folkuniversitetet.nu\/rogbev\/wp-json\/wp\/v2\/types\/page"}],"author":[{"embeddable":true,"href":"https:\/\/blogg.folkuniversitetet.nu\/rogbev\/wp-json\/wp\/v2\/users\/191"}],"replies":[{"embeddable":true,"href":"https:\/\/blogg.folkuniversitetet.nu\/rogbev\/wp-json\/wp\/v2\/comments?post=8887"}],"version-history":[{"count":7,"href":"https:\/\/blogg.folkuniversitetet.nu\/rogbev\/wp-json\/wp\/v2\/pages\/8887\/revisions"}],"predecessor-version":[{"id":8917,"href":"https:\/\/blogg.folkuniversitetet.nu\/rogbev\/wp-json\/wp\/v2\/pages\/8887\/revisions\/8917"}],"wp:attachment":[{"href":"https:\/\/blogg.folkuniversitetet.nu\/rogbev\/wp-json\/wp\/v2\/media?parent=8887"}],"curies":[{"name":"wp","href":"https:\/\/api.w.org\/{rel}","templated":true}]}}