{"id":8791,"date":"2026-01-16T08:35:08","date_gmt":"2026-01-16T08:35:08","guid":{"rendered":"https:\/\/blogg.folkuniversitetet.nu\/rogbev\/?page_id=8791"},"modified":"2026-04-19T08:48:25","modified_gmt":"2026-04-19T08:48:25","slug":"b2-del-l-lordagskurs","status":"publish","type":"page","link":"https:\/\/blogg.folkuniversitetet.nu\/rogbev\/b2-del-l-lordagskurs\/","title":{"rendered":"B2  L\u00f6rdagskurs"},"content":{"rendered":"<h1 style=\"text-align: center\"><span style=\"color: #ff0000\"><strong>\u00a0 <\/strong><\/span><\/h1>\n<h1><span style=\"color: #ff0000\"><strong>\u00a0 \u00a0 \u00a0 \u00a0 \u00a0 \u00a0 \u00a0 \u00a0 \u00a0 \u00a0 \u00a0 \u00a0 \u00a0 \u00a0 V\u00c4LKOMMEN\u00a0<\/strong><\/span><\/h1>\n<p><strong>Klassrum\u00a0 \u00a0 \u00a0 537<\/strong><\/p>\n<p><strong>Kursbok \u00a0<\/strong>\u00a0 \u00a0 \u00a0<strong>Rivstart\u00a0 B2+C1\u00a0 \u00a0<\/strong>Textbok och \u00d6vningsbok\u00a0\u00a0 \u00a0\u00a0\u00a0 Vi g\u00f6r kapitel 3 och 4 p\u00e5 kursen<\/p>\n<p><strong>Kontakt<\/strong>\u00a0 \u00a0 \u00a0 \u00a0 eva.rogby@folkuniversitetet.se<\/p>\n<p class=\"x_xxxxxxxxxxxmsonormal\"><b>\u00a0 \u00a0 \u00a0 \u00a0 \u00a0 \u00a0 \u00a0 \u00a0 \u00a0 \u00a0 \u00a0 \u00a0 \u00a0 \u00a0 \u00a0 \u00a0WIFI<\/b><\/p>\n<p class=\"x_xxxxxxxxxxxmsonormal\"><strong>Namn\u00a0<\/strong>\u00a0 \u00a0 \u00a0 \u00a0 \u00a0Fuguest<\/p>\n<p class=\"x_xxxxxxxxxxxmsonormal\"><strong>L\u00f6senord\u00a0<\/strong>\u00a0Folkuniversitetet-P<\/p>\n<p><b><u><br \/>\n<span style=\"color: #0000ff\">Facit till Avancera ord<\/span><\/u><\/b><\/p>\n<p><a href=\"https:\/\/www.liber.se\/plus\/E470101301.pdf\">https:\/\/www.liber.se\/plus\/E470101301.pdf<\/a><\/p>\n<p>&nbsp;<\/p>\n<p><span style=\"color: #000080\"><strong>L\u00e4xa till l\u00f6rdag 25 april<\/strong><\/span><\/p>\n<p>Vi l\u00e4ser ingen text i TB till idag utan fokuserar p\u00e5 grammatik.\u00a0 En massa verb!!!<\/p>\n<p><strong>\u00d6B<\/strong> Kapitel 3 sidan 65+66\u00a0 <span style=\"color: #333399\"><strong>Reflexiva verb och pronomen<\/strong><\/span>\u00a0 och d\u00e4refter sidan 74+75 <span style=\"color: #333399\"><strong>\u00d6va verb.<\/strong><\/span><\/p>\n<p>Vi forts\u00e4tter s\u00e5klart titta p\u00e5 <span style=\"text-decoration: underline\"><span style=\"color: #800080\"><strong>Hundarna,<\/strong><\/span><\/span> och nu \u00e4r det avsnitt 6.\u00a0 \u00a0 Anteckna vad som h\u00e4nder. Det h\u00e4r \u00e4r ett intressant avsnitt och var uppm\u00e4rksamma p\u00e5 scenenmed Tilde, Amir och hans suster.<\/p>\n<p>Lyssna ocks\u00e5 p\u00e5<span style=\"color: #808000\"><strong><em>\u00a0 Ta f\u00f6r sig\u00a0 <\/em><\/strong><\/span>fr\u00e5n podden <strong>Veckans fras.\u00a0\u00a0<\/strong><\/p>\n<p>&nbsp;<\/p>\n<p>&nbsp;<\/p>\n<p><span style=\"color: #000080\"><strong>L\u00e4xa till l\u00f6rdag 11 april<\/strong><\/span><\/p>\n<p><strong>\u00d6B<\/strong> Kapitel 3 sidan 56\u00a0 \u00a0 <strong>\u00d6va verb\u00a0\u00a0<\/strong><\/p>\n<p><strong>TB\u00a0<\/strong> Kapitel 4 sidan\u00a0 \u00a0 \u00a0 . <span style=\"color: #ff6600\"><strong><em>Ingenj\u00f6r Nilsson, herrn, du eller ni?\u00a0<\/em><\/strong><\/span><\/p>\n<p>Vi forts\u00e4tter titta p\u00e5 <span style=\"text-decoration: underline\"><span style=\"color: #800080\"><strong>Hundarna,<\/strong><\/span><\/span>\u00a0 Titta p\u00e5 avsnitt 4.\u00a0 \u00a0 Anteckna vad som h\u00e4nder i avsnittet.<\/p>\n<p>Lyssna ocks\u00e5 p\u00e5<span style=\"color: #808000\"><strong><em>\u00a0 Bara att bita ihop\u00a0 <\/em><\/strong><\/span>fr\u00e5n podden <strong>Veckans fras.\u00a0<\/strong>\u00a0 Det finns en l\u00e4nk p\u00e5 Evas blogg.<\/p>\n<p>&nbsp;<\/p>\n<p>&nbsp;<\/p>\n<p><span style=\"color: #000080\"><strong>L\u00e4xa till l\u00f6rdag 28 mars<\/strong><\/span><\/p>\n<p><strong>\u00d6B<\/strong> Kapitel 3 sidan 55\u00a0 \u00a0 <strong>\u00d6va verb\u00a0<\/strong><\/p>\n<p><strong>TB\u00a0<\/strong> Kapitel 3\u00a0 Leta efter och markera fraserna p\u00e5 pappret (som ni fick av mig) i <span style=\"color: #ff6600\"><strong><em>Drottningen och filosofen<\/em><\/strong><\/span> .\u00a0 Vad betyder de?<\/p>\n<p><strong>TB\u00a0<\/strong> Kapitel 3\u00a0 G\u00f6r \u00f6vning <strong>F<\/strong> p\u00e5 sidan 64 och 65<\/p>\n<p>Vi forts\u00e4tter titta p\u00e5 <span style=\"text-decoration: underline\"><span style=\"color: #800080\"><strong>Hundarna,<\/strong><\/span><\/span>\u00a0 Titta p\u00e5 avsnitt 3.\u00a0 \u00a0 Anteckna vad som h\u00e4nder i avsnittet.<\/p>\n<p>Lyssna ocks\u00e5 p\u00e5<span style=\"color: #808000\"><strong><em>\u00a0 Ha p\u00e5 f\u00f6tterna+tv\u00e5 bonusfraser <\/em><\/strong><\/span>fr\u00e5n podden <strong>Veckans fras.\u00a0<\/strong>\u00a0 Det finns en l\u00e4nk p\u00e5 Evas blogg.<\/p>\n<p>&nbsp;<\/p>\n<p><span style=\"color: #000080\"><strong>L\u00e4xa till l\u00f6rdag 21 mars<\/strong><\/span><\/p>\n<p><span style=\"color: #ff6600\"><span style=\"color: #000000\">\u00a0Vi g\u00f6r ordleken till <strong>\u00d6B<\/strong> Kapitel 3 sidan 52-54.\u00a0 <\/span><\/span>\u00a0och ni ska ocks\u00e5 kommentera 2 saker fr\u00e5n texten som ni tycker \u00e4r intressanta eller tankev\u00e4ckande etc&#8230;<\/p>\n<p>Vi forts\u00e4tter\u00a0 titta p\u00e5 <span style=\"text-decoration: underline\"><span style=\"color: #800080\"><strong>Hundarna,<\/strong><\/span><\/span>\u00a0 Titta p\u00e5 avsnitt 2.\u00a0 \u00a0 Anteckna vad som h\u00e4nder i avsnittet.<\/p>\n<p>Lyssna ocks\u00e5 p\u00e5<span style=\"color: #808000\"><strong><em> Stup i kvarten <\/em><\/strong><\/span>\u00a0fr\u00e5n podden <strong>Veckans fras.\u00a0<\/strong>\u00a0 Det finns en l\u00e4nk p\u00e5 Evas blogg.<\/p>\n<p><strong>\u00d6B<\/strong> Kapitel 3 sidan 52-54.\u00a0 Vi repeterar <span style=\"color: #333399\"><strong>Perfekt particip<\/strong><\/span><\/p>\n<p>&nbsp;<\/p>\n<p><span style=\"color: #000080\"><strong>L\u00e4xa till l\u00f6rdag 14 mars<\/strong><\/span><\/p>\n<p><strong>TB<\/strong> Kapitel 3\u00a0 L\u00e4s texten <span style=\"color: #ff6600\"><strong><em>Drottningen och filosofen<\/em><\/strong><\/span> (sidan 59-63).\u00a0 Du kan l\u00e4sa texten \u00f6versiktligt och du beh\u00f6ver inte kolla nya ord. <span style=\"color: #ff0000\"><strong>MEN<\/strong> <\/span>du ska g\u00f6ra \u00f6vning B p\u00e5 sidan 58!<\/p>\n<p>Vi b\u00f6rjar titta p\u00e5 <span style=\"text-decoration: underline\"><span style=\"color: #800080\"><strong>Hundarna,<\/strong><\/span><\/span> en popul\u00e4r och omtalade serie p\u00e5 SVT. Titta p\u00e5 avsnitt 1 och anteckna kort vilka personer som \u00e4r med i programmet och vilken relation de har till varandra. Och vad som h\u00e4nder i avsnittet s\u00e5klart!<\/p>\n<p>Lyssna ocks\u00e5 p\u00e5<span style=\"color: #808000\"><strong><em> Det g\u00e5r p\u00e5 ett ut\u00a0<\/em><\/strong><\/span> fr\u00e5n podden <strong>Veckans fras.\u00a0<\/strong>\u00a0 Det finns en l\u00e4nk p\u00e5 Evas blogg.<\/p>\n<p>OCH repetera Kapitel 5 i Avancera ord. Jag v\u00e4ljer ut 10 ord som vi ska f\u00f6rklara och anv\u00e4nda i r\u00e4tt kontexter<\/p>\n<p>&nbsp;<\/p>\n<p>&nbsp;<\/p>\n","protected":false},"excerpt":{"rendered":"<p>\u00a0 \u00a0 \u00a0 \u00a0 \u00a0 \u00a0 \u00a0 \u00a0 \u00a0 \u00a0 \u00a0 \u00a0 \u00a0 \u00a0 \u00a0 V\u00c4LKOMMEN\u00a0 Klassrum\u00a0 \u00a0 \u00a0 537 Kursbok \u00a0\u00a0 \u00a0 \u00a0Rivstart\u00a0 B2+C1\u00a0 \u00a0Textbok och \u00d6vningsbok\u00a0\u00a0 \u00a0\u00a0\u00a0 Vi g\u00f6r kapitel 3 och 4 p\u00e5 kursen Kontakt\u00a0 \u00a0 \u00a0 \u00a0 eva.rogby@folkuniversitetet.se \u00a0 \u00a0 \u00a0 \u00a0 \u00a0 \u00a0 \u00a0 \u00a0 \u00a0 \u00a0 \u00a0 \u00a0 \u00a0 [&hellip;]<\/p>\n","protected":false},"author":191,"featured_media":0,"parent":0,"menu_order":0,"comment_status":"closed","ping_status":"closed","template":"","meta":{"footnotes":""},"class_list":["post-8791","page","type-page","status-publish","hentry","post-preview"],"_links":{"self":[{"href":"https:\/\/blogg.folkuniversitetet.nu\/rogbev\/wp-json\/wp\/v2\/pages\/8791","targetHints":{"allow":["GET"]}}],"collection":[{"href":"https:\/\/blogg.folkuniversitetet.nu\/rogbev\/wp-json\/wp\/v2\/pages"}],"about":[{"href":"https:\/\/blogg.folkuniversitetet.nu\/rogbev\/wp-json\/wp\/v2\/types\/page"}],"author":[{"embeddable":true,"href":"https:\/\/blogg.folkuniversitetet.nu\/rogbev\/wp-json\/wp\/v2\/users\/191"}],"replies":[{"embeddable":true,"href":"https:\/\/blogg.folkuniversitetet.nu\/rogbev\/wp-json\/wp\/v2\/comments?post=8791"}],"version-history":[{"count":34,"href":"https:\/\/blogg.folkuniversitetet.nu\/rogbev\/wp-json\/wp\/v2\/pages\/8791\/revisions"}],"predecessor-version":[{"id":9000,"href":"https:\/\/blogg.folkuniversitetet.nu\/rogbev\/wp-json\/wp\/v2\/pages\/8791\/revisions\/9000"}],"wp:attachment":[{"href":"https:\/\/blogg.folkuniversitetet.nu\/rogbev\/wp-json\/wp\/v2\/media?parent=8791"}],"curies":[{"name":"wp","href":"https:\/\/api.w.org\/{rel}","templated":true}]}}