{"id":7921,"date":"2024-12-08T12:23:39","date_gmt":"2024-12-08T12:23:39","guid":{"rendered":"https:\/\/blogg.folkuniversitetet.nu\/rogbev\/?page_id=7921"},"modified":"2026-03-25T07:32:15","modified_gmt":"2026-03-25T07:32:15","slug":"diverse-grammatikmoment","status":"publish","type":"page","link":"https:\/\/blogg.folkuniversitetet.nu\/rogbev\/diverse-grammatikmoment\/","title":{"rendered":"Lite info om uttal och grammatik"},"content":{"rendered":"<p>&nbsp;<\/p>\n<p><a href=\"http:\/\/blogg.folkuniversitetet.nu\/rogbev\/files\/2026\/03\/PLURAL.-Obestamd-form.pdf\">PLURAL. Obest\u00e4md form.<\/a><\/p>\n<p><a href=\"http:\/\/blogg.folkuniversitetet.nu\/rogbev\/files\/2024\/12\/Alfabetet.pdf\">Alfabetet<\/a><\/p>\n<p><a href=\"http:\/\/blogg.folkuniversitetet.nu\/rogbev\/files\/2024\/12\/PLURAL.-Obestamd-form.pdf\">PLURAL. Obest\u00e4md form.<\/a><\/p>\n<p><a href=\"http:\/\/blogg.folkuniversitetet.nu\/rogbev\/files\/2024\/12\/Ordfoljd-i-huvudsats-2-1.pdf\">Ordf\u00f6ljd i huvudsats<\/a><\/p>\n<p><a href=\"http:\/\/blogg.folkuniversitetet.nu\/rogbev\/files\/2025\/01\/Pitepalt-1.pdf\">Svenskans 2 participer \u00a0\u00c4kta och o\u00e4kta adjektiv<\/a><\/p>\n<p>&nbsp;<\/p>\n<p>&nbsp;<\/p>\n","protected":false},"excerpt":{"rendered":"<p>&nbsp; PLURAL. Obest\u00e4md form. Alfabetet PLURAL. Obest\u00e4md form. Ordf\u00f6ljd i huvudsats Svenskans 2 participer \u00a0\u00c4kta och o\u00e4kta adjektiv &nbsp; &nbsp;<\/p>\n","protected":false},"author":191,"featured_media":0,"parent":0,"menu_order":0,"comment_status":"closed","ping_status":"closed","template":"","meta":{"footnotes":""},"class_list":["post-7921","page","type-page","status-publish","hentry","post-preview"],"_links":{"self":[{"href":"https:\/\/blogg.folkuniversitetet.nu\/rogbev\/wp-json\/wp\/v2\/pages\/7921","targetHints":{"allow":["GET"]}}],"collection":[{"href":"https:\/\/blogg.folkuniversitetet.nu\/rogbev\/wp-json\/wp\/v2\/pages"}],"about":[{"href":"https:\/\/blogg.folkuniversitetet.nu\/rogbev\/wp-json\/wp\/v2\/types\/page"}],"author":[{"embeddable":true,"href":"https:\/\/blogg.folkuniversitetet.nu\/rogbev\/wp-json\/wp\/v2\/users\/191"}],"replies":[{"embeddable":true,"href":"https:\/\/blogg.folkuniversitetet.nu\/rogbev\/wp-json\/wp\/v2\/comments?post=7921"}],"version-history":[{"count":10,"href":"https:\/\/blogg.folkuniversitetet.nu\/rogbev\/wp-json\/wp\/v2\/pages\/7921\/revisions"}],"predecessor-version":[{"id":8958,"href":"https:\/\/blogg.folkuniversitetet.nu\/rogbev\/wp-json\/wp\/v2\/pages\/7921\/revisions\/8958"}],"wp:attachment":[{"href":"https:\/\/blogg.folkuniversitetet.nu\/rogbev\/wp-json\/wp\/v2\/media?parent=7921"}],"curies":[{"name":"wp","href":"https:\/\/api.w.org\/{rel}","templated":true}]}}