{"id":5355,"date":"2022-12-06T14:12:38","date_gmt":"2022-12-06T14:12:38","guid":{"rendered":"https:\/\/blogg.folkuniversitetet.nu\/rogbev\/?page_id=5355"},"modified":"2023-10-04T13:47:50","modified_gmt":"2023-10-04T13:47:50","slug":"roliga-saker","status":"publish","type":"page","link":"https:\/\/blogg.folkuniversitetet.nu\/rogbev\/roliga-saker\/","title":{"rendered":"Roliga saker"},"content":{"rendered":"<p><span style=\"color: #993366\"><strong>Roliga \u00f6vers\u00e4ttningsfel fr\u00e5n tidskriften Vagabond<\/strong><\/span><\/p>\n<p><a href=\"https:\/\/www.vagabond.se\/restips\/16-sjukt-roliga-oversattningsmissar-fangade-pa-bild\">https:\/\/www.vagabond.se\/restips\/16-sjukt-roliga-oversattningsmissar-fangade-pa-bild<\/a><\/p>\n<p><span style=\"color: #993366\"><strong>Superkul klipp fr\u00e5n Graham Norton<\/strong><\/span><\/p>\n<p><a href=\"https:\/\/www.youtube.com\/watch?v=CkbHGH-NnkU\">https:\/\/www.youtube.com\/watch?v=CkbHGH-NnkU<\/a><\/p>\n<p><span style=\"color: #993366\"><strong>Roliga och felaktiga \u00f6vers\u00e4ttningar<\/strong><\/span><\/p>\n<p><a href=\"https:\/\/www.brandinginasia.com\/duolingo-opens-museum-of-wonky-english-to-display-the-art-of-japanese-mistranslations\/\">https:\/\/www.brandinginasia.com\/duolingo-opens-museum-of-wonky-english-to-display-the-art-of-japanese-mistranslations\/<\/a><\/p>\n","protected":false},"excerpt":{"rendered":"<p>Roliga \u00f6vers\u00e4ttningsfel fr\u00e5n tidskriften Vagabond https:\/\/www.vagabond.se\/restips\/16-sjukt-roliga-oversattningsmissar-fangade-pa-bild Superkul klipp fr\u00e5n Graham Norton https:\/\/www.youtube.com\/watch?v=CkbHGH-NnkU Roliga och felaktiga \u00f6vers\u00e4ttningar https:\/\/www.brandinginasia.com\/duolingo-opens-museum-of-wonky-english-to-display-the-art-of-japanese-mistranslations\/<\/p>\n","protected":false},"author":191,"featured_media":0,"parent":0,"menu_order":0,"comment_status":"closed","ping_status":"closed","template":"","meta":{"footnotes":""},"class_list":["post-5355","page","type-page","status-publish","hentry","post-preview"],"_links":{"self":[{"href":"https:\/\/blogg.folkuniversitetet.nu\/rogbev\/wp-json\/wp\/v2\/pages\/5355","targetHints":{"allow":["GET"]}}],"collection":[{"href":"https:\/\/blogg.folkuniversitetet.nu\/rogbev\/wp-json\/wp\/v2\/pages"}],"about":[{"href":"https:\/\/blogg.folkuniversitetet.nu\/rogbev\/wp-json\/wp\/v2\/types\/page"}],"author":[{"embeddable":true,"href":"https:\/\/blogg.folkuniversitetet.nu\/rogbev\/wp-json\/wp\/v2\/users\/191"}],"replies":[{"embeddable":true,"href":"https:\/\/blogg.folkuniversitetet.nu\/rogbev\/wp-json\/wp\/v2\/comments?post=5355"}],"version-history":[{"count":9,"href":"https:\/\/blogg.folkuniversitetet.nu\/rogbev\/wp-json\/wp\/v2\/pages\/5355\/revisions"}],"predecessor-version":[{"id":6393,"href":"https:\/\/blogg.folkuniversitetet.nu\/rogbev\/wp-json\/wp\/v2\/pages\/5355\/revisions\/6393"}],"wp:attachment":[{"href":"https:\/\/blogg.folkuniversitetet.nu\/rogbev\/wp-json\/wp\/v2\/media?parent=5355"}],"curies":[{"name":"wp","href":"https:\/\/api.w.org\/{rel}","templated":true}]}}